{"id":71851,"date":"2024-03-22T23:04:02","date_gmt":"2024-03-22T22:04:02","guid":{"rendered":"https:\/\/abinox-chr-clim.com\/index.php\/product\/pierre-abrasive-jantex\/"},"modified":"2026-04-24T09:18:36","modified_gmt":"2026-04-24T07:18:36","slug":"pierre-abrasive-jantex","status":"publish","type":"product","link":"https:\/\/abinox-chr-clim.com\/index.php\/product\/pierre-abrasive-jantex\/","title":{"rendered":"Pierre abrasive Jantex"},"content":{"rendered":"<p>Une pierre ponce de grande qualit\u00e9, s&rsquo;attaque aux graisses profond\u00e9ment incrust\u00e9es.Haute qualit\u00e9. Poign\u00e9e vendue s\u00e9par\u00e9ment (L403). Une pierre ponce de grande qualit\u00e9, s&rsquo;attaque aux graisses profond\u00e9ment incrust\u00e9es. .<br \/> Caract\u00e9ristiques :<br \/> Dimensions : 76(H) x 152(L) x 76(P)mm.<br \/> Mati\u00e8re : Pierre abrasive<\/p>\n","protected":false},"excerpt":{"rendered":"<p>Pierre abrasive Jantex<\/p>\n","protected":false},"featured_media":104720,"comment_status":"closed","ping_status":"closed","template":"","meta":[],"product_brand":[],"product_cat":[1231,1227,1297,1216],"product_tag":[],"class_list":{"0":"post-71851","1":"product","2":"type-product","3":"status-publish","4":"has-post-thumbnail","6":"product_cat-divers-nettoyage","7":"product_cat-nettoyage","8":"product_cat-non-palettisable","9":"product_cat-usage-unique-et-entretien","10":"product_shipping_class-free-shipping","12":"first","13":"instock","14":"featured","15":"taxable","16":"shipping-taxable","17":"purchasable","18":"product-type-simple"},"_links":{"self":[{"href":"https:\/\/abinox-chr-clim.com\/index.php\/wp-json\/wp\/v2\/product\/71851","targetHints":{"allow":["GET"]}}],"collection":[{"href":"https:\/\/abinox-chr-clim.com\/index.php\/wp-json\/wp\/v2\/product"}],"about":[{"href":"https:\/\/abinox-chr-clim.com\/index.php\/wp-json\/wp\/v2\/types\/product"}],"replies":[{"embeddable":true,"href":"https:\/\/abinox-chr-clim.com\/index.php\/wp-json\/wp\/v2\/comments?post=71851"}],"wp:featuredmedia":[{"embeddable":true,"href":"https:\/\/abinox-chr-clim.com\/index.php\/wp-json\/wp\/v2\/media\/104720"}],"wp:attachment":[{"href":"https:\/\/abinox-chr-clim.com\/index.php\/wp-json\/wp\/v2\/media?parent=71851"}],"wp:term":[{"taxonomy":"product_brand","embeddable":true,"href":"https:\/\/abinox-chr-clim.com\/index.php\/wp-json\/wp\/v2\/product_brand?post=71851"},{"taxonomy":"product_cat","embeddable":true,"href":"https:\/\/abinox-chr-clim.com\/index.php\/wp-json\/wp\/v2\/product_cat?post=71851"},{"taxonomy":"product_tag","embeddable":true,"href":"https:\/\/abinox-chr-clim.com\/index.php\/wp-json\/wp\/v2\/product_tag?post=71851"}],"curies":[{"name":"wp","href":"https:\/\/api.w.org\/{rel}","templated":true}]}}