{"id":71850,"date":"2024-03-22T23:04:01","date_gmt":"2024-03-22T22:04:01","guid":{"rendered":"https:\/\/abinox-chr-clim.com\/index.php\/product\/brosse-wc-et-support-jantex\/"},"modified":"2026-04-23T08:42:42","modified_gmt":"2026-04-23T06:42:42","slug":"brosse-wc-et-support-jantex","status":"publish","type":"product","link":"https:\/\/abinox-chr-clim.com\/index.php\/product\/brosse-wc-et-support-jantex\/","title":{"rendered":"Brosse WC et support Jantex"},"content":{"rendered":"<p>Poils r\u00e9sistants pour un nettoyage facile. Id\u00e9al pour maintenir l&rsquo;hygi\u00e8ne. Support mince pour un rangement discret. Manche robuste pour une prise en main facile. S&rsquo;int\u00e8gre discr\u00e8tement dans les salles de bains.  Poils r\u00e9sistants pour un nettoyage facile.<\/p>\n","protected":false},"excerpt":{"rendered":"<p>Brosse WC et support Jantex<\/p>\n","protected":false},"featured_media":104719,"comment_status":"closed","ping_status":"closed","template":"","meta":[],"product_brand":[],"product_cat":[1231,1227,1297,1216],"product_tag":[],"class_list":{"0":"post-71850","1":"product","2":"type-product","3":"status-publish","4":"has-post-thumbnail","6":"product_cat-divers-nettoyage","7":"product_cat-nettoyage","8":"product_cat-non-palettisable","9":"product_cat-usage-unique-et-entretien","10":"product_shipping_class-free-shipping","12":"first","13":"instock","14":"featured","15":"taxable","16":"shipping-taxable","17":"purchasable","18":"product-type-simple"},"_links":{"self":[{"href":"https:\/\/abinox-chr-clim.com\/index.php\/wp-json\/wp\/v2\/product\/71850","targetHints":{"allow":["GET"]}}],"collection":[{"href":"https:\/\/abinox-chr-clim.com\/index.php\/wp-json\/wp\/v2\/product"}],"about":[{"href":"https:\/\/abinox-chr-clim.com\/index.php\/wp-json\/wp\/v2\/types\/product"}],"replies":[{"embeddable":true,"href":"https:\/\/abinox-chr-clim.com\/index.php\/wp-json\/wp\/v2\/comments?post=71850"}],"wp:featuredmedia":[{"embeddable":true,"href":"https:\/\/abinox-chr-clim.com\/index.php\/wp-json\/wp\/v2\/media\/104719"}],"wp:attachment":[{"href":"https:\/\/abinox-chr-clim.com\/index.php\/wp-json\/wp\/v2\/media?parent=71850"}],"wp:term":[{"taxonomy":"product_brand","embeddable":true,"href":"https:\/\/abinox-chr-clim.com\/index.php\/wp-json\/wp\/v2\/product_brand?post=71850"},{"taxonomy":"product_cat","embeddable":true,"href":"https:\/\/abinox-chr-clim.com\/index.php\/wp-json\/wp\/v2\/product_cat?post=71850"},{"taxonomy":"product_tag","embeddable":true,"href":"https:\/\/abinox-chr-clim.com\/index.php\/wp-json\/wp\/v2\/product_tag?post=71850"}],"curies":[{"name":"wp","href":"https:\/\/api.w.org\/{rel}","templated":true}]}}