{"id":71849,"date":"2024-03-22T23:04:01","date_gmt":"2024-03-22T22:04:01","guid":{"rendered":"https:\/\/abinox-chr-clim.com\/index.php\/product\/spray-demoulant-schneider-walter-500ml\/"},"modified":"2026-04-24T10:00:43","modified_gmt":"2026-04-24T08:00:43","slug":"spray-demoulant-schneider-walter-500ml","status":"publish","type":"product","link":"https:\/\/abinox-chr-clim.com\/index.php\/product\/spray-demoulant-schneider-walter-500ml\/","title":{"rendered":"Spray d\u00e9moulant Schneider Walter 500ml"},"content":{"rendered":"<p>S&rsquo;utilise avec les moules \u00e0 p\u00e2tisserie, batteries de cuisine, grilles et plats. Effet antiadh\u00e9sif tr\u00e8s efficace. Uniquement \u00e0 base d&rsquo;ingr\u00e9dients naturels. Pour utilisation professionnelle. Fiche signal\u00e9tique inflammable: 2 ans, N \u00b0 ONU: 1950.  S&rsquo;utilise avec les moules \u00e0 p\u00e2tisserie, batteries de cuisine, grilles et plats.<\/p>\n<p>Caract\u00e9ristiques :<br \/> Dimensions : 235(H) x 60(\u00d8) mm.<\/p>\n","protected":false},"excerpt":{"rendered":"<p>Spray d\u00e9moulant Schneider Walter 500ml<\/p>\n","protected":false},"featured_media":103823,"comment_status":"closed","ping_status":"closed","template":"","meta":[],"product_brand":[],"product_cat":[1231,1227,1297,1216],"product_tag":[],"class_list":{"0":"post-71849","1":"product","2":"type-product","3":"status-publish","4":"has-post-thumbnail","6":"product_cat-divers-nettoyage","7":"product_cat-nettoyage","8":"product_cat-non-palettisable","9":"product_cat-usage-unique-et-entretien","10":"product_shipping_class-free-shipping","12":"first","13":"instock","14":"featured","15":"taxable","16":"shipping-taxable","17":"purchasable","18":"product-type-simple"},"_links":{"self":[{"href":"https:\/\/abinox-chr-clim.com\/index.php\/wp-json\/wp\/v2\/product\/71849","targetHints":{"allow":["GET"]}}],"collection":[{"href":"https:\/\/abinox-chr-clim.com\/index.php\/wp-json\/wp\/v2\/product"}],"about":[{"href":"https:\/\/abinox-chr-clim.com\/index.php\/wp-json\/wp\/v2\/types\/product"}],"replies":[{"embeddable":true,"href":"https:\/\/abinox-chr-clim.com\/index.php\/wp-json\/wp\/v2\/comments?post=71849"}],"wp:featuredmedia":[{"embeddable":true,"href":"https:\/\/abinox-chr-clim.com\/index.php\/wp-json\/wp\/v2\/media\/103823"}],"wp:attachment":[{"href":"https:\/\/abinox-chr-clim.com\/index.php\/wp-json\/wp\/v2\/media?parent=71849"}],"wp:term":[{"taxonomy":"product_brand","embeddable":true,"href":"https:\/\/abinox-chr-clim.com\/index.php\/wp-json\/wp\/v2\/product_brand?post=71849"},{"taxonomy":"product_cat","embeddable":true,"href":"https:\/\/abinox-chr-clim.com\/index.php\/wp-json\/wp\/v2\/product_cat?post=71849"},{"taxonomy":"product_tag","embeddable":true,"href":"https:\/\/abinox-chr-clim.com\/index.php\/wp-json\/wp\/v2\/product_tag?post=71849"}],"curies":[{"name":"wp","href":"https:\/\/api.w.org\/{rel}","templated":true}]}}