{"id":71848,"date":"2024-03-22T23:04:01","date_gmt":"2024-03-22T22:04:01","guid":{"rendered":"https:\/\/abinox-chr-clim.com\/index.php\/product\/sac-noir-rubbermaid-x-cart-300l\/"},"modified":"2026-04-23T09:47:07","modified_gmt":"2026-04-23T07:47:07","slug":"sac-noir-rubbermaid-x-cart-300l","status":"publish","type":"product","link":"https:\/\/abinox-chr-clim.com\/index.php\/product\/sac-noir-rubbermaid-x-cart-300l\/","title":{"rendered":"Sac noir Rubbermaid X-Cart 300L"},"content":{"rendered":"<p>Transportez facilement jusqu&rsquo;\u00e0 100 kg de marchandises. Conception r\u00e9sistante. Le sac est facile \u00e0 nettoyer. \u00c0 utiliser avec le chariot X-Cart Rubbermaid de 300 litres (code : GH666). Transportez facilement jusqu&rsquo;\u00e0 100 kg de marchandises.<\/p>\n<p>Caract\u00e9ristiques :<br \/> Capacit\u00e9 : 300L.<br \/> Dimensions : 693(H) x 780(L) x 569(P) mm.<\/p>\n","protected":false},"excerpt":{"rendered":"<p>Sac noir Rubbermaid X-Cart 300L<\/p>\n","protected":false},"featured_media":101836,"comment_status":"closed","ping_status":"closed","template":"","meta":[],"product_brand":[],"product_cat":[1231,1227,1297,1216],"product_tag":[],"class_list":{"0":"post-71848","1":"product","2":"type-product","3":"status-publish","4":"has-post-thumbnail","6":"product_cat-divers-nettoyage","7":"product_cat-nettoyage","8":"product_cat-non-palettisable","9":"product_cat-usage-unique-et-entretien","10":"product_shipping_class-free-shipping","12":"first","13":"instock","14":"featured","15":"taxable","16":"shipping-taxable","17":"purchasable","18":"product-type-simple"},"_links":{"self":[{"href":"https:\/\/abinox-chr-clim.com\/index.php\/wp-json\/wp\/v2\/product\/71848","targetHints":{"allow":["GET"]}}],"collection":[{"href":"https:\/\/abinox-chr-clim.com\/index.php\/wp-json\/wp\/v2\/product"}],"about":[{"href":"https:\/\/abinox-chr-clim.com\/index.php\/wp-json\/wp\/v2\/types\/product"}],"replies":[{"embeddable":true,"href":"https:\/\/abinox-chr-clim.com\/index.php\/wp-json\/wp\/v2\/comments?post=71848"}],"wp:featuredmedia":[{"embeddable":true,"href":"https:\/\/abinox-chr-clim.com\/index.php\/wp-json\/wp\/v2\/media\/101836"}],"wp:attachment":[{"href":"https:\/\/abinox-chr-clim.com\/index.php\/wp-json\/wp\/v2\/media?parent=71848"}],"wp:term":[{"taxonomy":"product_brand","embeddable":true,"href":"https:\/\/abinox-chr-clim.com\/index.php\/wp-json\/wp\/v2\/product_brand?post=71848"},{"taxonomy":"product_cat","embeddable":true,"href":"https:\/\/abinox-chr-clim.com\/index.php\/wp-json\/wp\/v2\/product_cat?post=71848"},{"taxonomy":"product_tag","embeddable":true,"href":"https:\/\/abinox-chr-clim.com\/index.php\/wp-json\/wp\/v2\/product_tag?post=71848"}],"curies":[{"name":"wp","href":"https:\/\/api.w.org\/{rel}","templated":true}]}}