{"id":71846,"date":"2024-03-22T23:04:00","date_gmt":"2024-03-22T22:04:00","guid":{"rendered":"https:\/\/abinox-chr-clim.com\/index.php\/product\/liquide-vaisselle-concentre-citron-et-aloe-vera-ecover-5l\/"},"modified":"2026-04-23T09:36:45","modified_gmt":"2026-04-23T07:36:45","slug":"liquide-vaisselle-concentre-citron-et-aloe-vera-ecover-5l","status":"publish","type":"product","link":"https:\/\/abinox-chr-clim.com\/index.php\/product\/liquide-vaisselle-concentre-citron-et-aloe-vera-ecover-5l\/","title":{"rendered":"Liquide vaisselle concentr\u00e9 citron et aloe vera Ecover 5L"},"content":{"rendered":"<p>Pour des r\u00e9sultats impeccables sur la vaisselle et la verrerie. D\u00e9graisse efficacement. Biod\u00e9gradable et adapt\u00e9 aux fosses septiques. Peu moussant et doux pour la peau.<br \/>Fabriqu\u00e9 enti\u00e8rement \u00e0 partir d&rsquo;ingr\u00e9dients d&rsquo;origine v\u00e9g\u00e9tale et min\u00e9rale respectueux de l&rsquo;environnement. La formule peu moussante lave et d\u00e9graisse tr\u00e8s efficacement et en profondeur. Une petite quantit\u00e9 suffit pour nettoyer un \u00e9vier rempli de vaisselle. Le parfum subtil d&rsquo;agrumes apporte une odeur de frais. Le bidon peut \u00eatre recycl\u00e9 apr\u00e8s utilisation pour r\u00e9duire les d\u00e9chets plastiques. La formule pr\u00eate \u00e0 l&#8217;emploi facilite l&rsquo;utilisation de la solution.  Fabriqu\u00e9 enti\u00e8rement \u00e0 partir d&rsquo;ingr\u00e9dients d&rsquo;origine v\u00e9g\u00e9tale et min\u00e9rale respectueux de l&rsquo;environnement.<\/p>\n<p>Caract\u00e9ristiques :<br \/> Capacit\u00e9 : 5 L.<br \/> Dimensions : 244(H) x 235(L) x 104(P) mm.<\/p>\n","protected":false},"excerpt":{"rendered":"<p>Liquide vaisselle concentr\u00e9 citron et aloe vera Ecover 5L<\/p>\n","protected":false},"featured_media":101578,"comment_status":"closed","ping_status":"closed","template":"","meta":[],"product_brand":[],"product_cat":[1231,1227,1297,1216],"product_tag":[],"class_list":{"0":"post-71846","1":"product","2":"type-product","3":"status-publish","4":"has-post-thumbnail","6":"product_cat-divers-nettoyage","7":"product_cat-nettoyage","8":"product_cat-non-palettisable","9":"product_cat-usage-unique-et-entretien","10":"product_shipping_class-free-shipping","12":"first","13":"instock","14":"featured","15":"taxable","16":"shipping-taxable","17":"purchasable","18":"product-type-simple"},"_links":{"self":[{"href":"https:\/\/abinox-chr-clim.com\/index.php\/wp-json\/wp\/v2\/product\/71846","targetHints":{"allow":["GET"]}}],"collection":[{"href":"https:\/\/abinox-chr-clim.com\/index.php\/wp-json\/wp\/v2\/product"}],"about":[{"href":"https:\/\/abinox-chr-clim.com\/index.php\/wp-json\/wp\/v2\/types\/product"}],"replies":[{"embeddable":true,"href":"https:\/\/abinox-chr-clim.com\/index.php\/wp-json\/wp\/v2\/comments?post=71846"}],"wp:featuredmedia":[{"embeddable":true,"href":"https:\/\/abinox-chr-clim.com\/index.php\/wp-json\/wp\/v2\/media\/101578"}],"wp:attachment":[{"href":"https:\/\/abinox-chr-clim.com\/index.php\/wp-json\/wp\/v2\/media?parent=71846"}],"wp:term":[{"taxonomy":"product_brand","embeddable":true,"href":"https:\/\/abinox-chr-clim.com\/index.php\/wp-json\/wp\/v2\/product_brand?post=71846"},{"taxonomy":"product_cat","embeddable":true,"href":"https:\/\/abinox-chr-clim.com\/index.php\/wp-json\/wp\/v2\/product_cat?post=71846"},{"taxonomy":"product_tag","embeddable":true,"href":"https:\/\/abinox-chr-clim.com\/index.php\/wp-json\/wp\/v2\/product_tag?post=71846"}],"curies":[{"name":"wp","href":"https:\/\/api.w.org\/{rel}","templated":true}]}}