{"id":71845,"date":"2024-03-22T23:04:00","date_gmt":"2024-03-22T22:04:00","guid":{"rendered":"https:\/\/abinox-chr-clim.com\/index.php\/product\/tablettes-lave-vaisselle-ecover-lot-de-70\/"},"modified":"2026-04-23T09:36:44","modified_gmt":"2026-04-23T07:36:44","slug":"tablettes-lave-vaisselle-ecover-lot-de-70","status":"publish","type":"product","link":"https:\/\/abinox-chr-clim.com\/index.php\/product\/tablettes-lave-vaisselle-ecover-lot-de-70\/","title":{"rendered":"Tablettes lave-vaisselle Ecover (lot de 70)"},"content":{"rendered":"<p>Nettoient et d\u00e9graissent efficacement. Biod\u00e9gradables, rentables et adapt\u00e9es aux fosses septiques.<br \/>Biod\u00e9gradable. Ecologique. Sans phosphates. Fabriqu\u00e9 \u00e0 partir d&rsquo;ingr\u00e9dients v\u00e9g\u00e9taux et min\u00e9raux. \u00c9limine les salissures importantes.  Biod\u00e9gradable.<\/p>\n<p>Caract\u00e9ristiques :<br \/>Lot : 70.<br \/> Dimensions : 63(H) x 170(L) x 73(P) mm.<\/p>\n","protected":false},"excerpt":{"rendered":"<p>Tablettes lave-vaisselle Ecover (lot de 70)<\/p>\n","protected":false},"featured_media":101577,"comment_status":"closed","ping_status":"closed","template":"","meta":[],"product_brand":[],"product_cat":[1231,1227,1297,1216],"product_tag":[],"class_list":{"0":"post-71845","1":"product","2":"type-product","3":"status-publish","4":"has-post-thumbnail","6":"product_cat-divers-nettoyage","7":"product_cat-nettoyage","8":"product_cat-non-palettisable","9":"product_cat-usage-unique-et-entretien","10":"product_shipping_class-free-shipping","12":"first","13":"instock","14":"featured","15":"taxable","16":"shipping-taxable","17":"purchasable","18":"product-type-simple"},"_links":{"self":[{"href":"https:\/\/abinox-chr-clim.com\/index.php\/wp-json\/wp\/v2\/product\/71845","targetHints":{"allow":["GET"]}}],"collection":[{"href":"https:\/\/abinox-chr-clim.com\/index.php\/wp-json\/wp\/v2\/product"}],"about":[{"href":"https:\/\/abinox-chr-clim.com\/index.php\/wp-json\/wp\/v2\/types\/product"}],"replies":[{"embeddable":true,"href":"https:\/\/abinox-chr-clim.com\/index.php\/wp-json\/wp\/v2\/comments?post=71845"}],"wp:featuredmedia":[{"embeddable":true,"href":"https:\/\/abinox-chr-clim.com\/index.php\/wp-json\/wp\/v2\/media\/101577"}],"wp:attachment":[{"href":"https:\/\/abinox-chr-clim.com\/index.php\/wp-json\/wp\/v2\/media?parent=71845"}],"wp:term":[{"taxonomy":"product_brand","embeddable":true,"href":"https:\/\/abinox-chr-clim.com\/index.php\/wp-json\/wp\/v2\/product_brand?post=71845"},{"taxonomy":"product_cat","embeddable":true,"href":"https:\/\/abinox-chr-clim.com\/index.php\/wp-json\/wp\/v2\/product_cat?post=71845"},{"taxonomy":"product_tag","embeddable":true,"href":"https:\/\/abinox-chr-clim.com\/index.php\/wp-json\/wp\/v2\/product_tag?post=71845"}],"curies":[{"name":"wp","href":"https:\/\/api.w.org\/{rel}","templated":true}]}}