{"id":71844,"date":"2024-03-22T23:03:59","date_gmt":"2024-03-22T22:03:59","guid":{"rendered":"https:\/\/abinox-chr-clim.com\/index.php\/product\/petit-chariot-de-menage-eco-matic-em-1tm\/"},"modified":"2026-04-24T10:43:13","modified_gmt":"2026-04-24T08:43:13","slug":"petit-chariot-de-menage-eco-matic-em-1tm","status":"publish","type":"product","link":"https:\/\/abinox-chr-clim.com\/index.php\/product\/petit-chariot-de-menage-eco-matic-em-1tm\/","title":{"rendered":"Petit chariot de m\u00e9nage ECO-Matic EM-1TM"},"content":{"rendered":"<p>Chariot multi-usages avec tablettes et crochets pour transporter les produits d&rsquo;entretien, balais et serpilli\u00e8res.<br \/>Petit chariot de m\u00e9nage, facile \u00e0 ranger. \u00c9tag\u00e8res ouvertes et faciles d&rsquo;acc\u00e8s. Construction Structofoam unique utilisant des copolym\u00e8res pour une r\u00e9sistance \u00e9lev\u00e9e aux chocs. Fabriqu\u00e9 \u00e0 partir de 97 % de plastique recycl\u00e9 de haute qualit\u00e9. Comprend le kit seau essoreur DTK9.Comprend SRK14. Comprend SRK22.Petit chariot de m\u00e9nage, facile \u00e0 ranger.<\/p>\n<p>Caract\u00e9ristiques :<br \/> Mati\u00e8re : .<br \/> Couleur : Noir.<\/p>\n","protected":false},"excerpt":{"rendered":"<p>Petit chariot de m\u00e9nage ECO-Matic EM-1TM<\/p>\n","protected":false},"featured_media":100924,"comment_status":"closed","ping_status":"closed","template":"","meta":[],"product_brand":[],"product_cat":[1231,1227,1297,1216],"product_tag":[],"class_list":{"0":"post-71844","1":"product","2":"type-product","3":"status-publish","4":"has-post-thumbnail","6":"product_cat-divers-nettoyage","7":"product_cat-nettoyage","8":"product_cat-non-palettisable","9":"product_cat-usage-unique-et-entretien","10":"product_shipping_class-free-shipping","12":"first","13":"instock","14":"featured","15":"taxable","16":"shipping-taxable","17":"purchasable","18":"product-type-simple"},"_links":{"self":[{"href":"https:\/\/abinox-chr-clim.com\/index.php\/wp-json\/wp\/v2\/product\/71844","targetHints":{"allow":["GET"]}}],"collection":[{"href":"https:\/\/abinox-chr-clim.com\/index.php\/wp-json\/wp\/v2\/product"}],"about":[{"href":"https:\/\/abinox-chr-clim.com\/index.php\/wp-json\/wp\/v2\/types\/product"}],"replies":[{"embeddable":true,"href":"https:\/\/abinox-chr-clim.com\/index.php\/wp-json\/wp\/v2\/comments?post=71844"}],"wp:featuredmedia":[{"embeddable":true,"href":"https:\/\/abinox-chr-clim.com\/index.php\/wp-json\/wp\/v2\/media\/100924"}],"wp:attachment":[{"href":"https:\/\/abinox-chr-clim.com\/index.php\/wp-json\/wp\/v2\/media?parent=71844"}],"wp:term":[{"taxonomy":"product_brand","embeddable":true,"href":"https:\/\/abinox-chr-clim.com\/index.php\/wp-json\/wp\/v2\/product_brand?post=71844"},{"taxonomy":"product_cat","embeddable":true,"href":"https:\/\/abinox-chr-clim.com\/index.php\/wp-json\/wp\/v2\/product_cat?post=71844"},{"taxonomy":"product_tag","embeddable":true,"href":"https:\/\/abinox-chr-clim.com\/index.php\/wp-json\/wp\/v2\/product_tag?post=71844"}],"curies":[{"name":"wp","href":"https:\/\/api.w.org\/{rel}","templated":true}]}}