{"id":71842,"date":"2024-03-22T23:03:58","date_gmt":"2024-03-22T22:03:58","guid":{"rendered":"https:\/\/abinox-chr-clim.com\/index.php\/product\/polisseur-a-verres-professionnel-buffalo\/"},"modified":"2026-04-24T10:19:54","modified_gmt":"2026-04-24T08:19:54","slug":"polisseur-a-verres-professionnel-buffalo","status":"publish","type":"product","link":"https:\/\/abinox-chr-clim.com\/index.php\/product\/polisseur-a-verres-professionnel-buffalo\/","title":{"rendered":"Polisseur \u00e0 verres professionnel Buffalo"},"content":{"rendered":"<p>S\u00e9chez et polissez vos verres, quelles que soient leur tailles et formes, et obtenez une finition professionnelle de haute qualit\u00e9 en quelques secondes. R\u00e9duisez le temps de travail manuel, tout en augmentant la satisfaction du client. L&rsquo;air chaud souffl\u00e9 par un ventilateur et cinq brosses de polissage rotatives s\u00e8chent et polissent les verres simultan\u00e9ment \u00e0 l&rsquo;int\u00e9rieur et \u00e0 l&rsquo;ext\u00e9rieur.<br \/>5 brosses de polissage rotatives. Ventilateur \u00e0 air chaud pour s\u00e9cher la verrerie. Aucun liquide de polissage n\u00e9cessaire. R\u00e9f\u00e9rence soumise \u00e0 une Eco-participation mobilier de 0.96\u20ac par unit\u00e9 vendue. Bouton on\/off facile \u00e0 utiliser. Apporte une finition de transparence impeccable.Jusqu&rsquo;\u00e0 330 verres par heure. 5 brosses de polissage rotatives.<\/p>\n<p>Caract\u00e9ristiques :<br \/> Mati\u00e8re : Inox.<br \/> Couleur : Acier inoxydable.<\/p>\n","protected":false},"excerpt":{"rendered":"<p>Polisseur \u00e0 verres professionnel Buffalo<\/p>\n","protected":false},"featured_media":95107,"comment_status":"closed","ping_status":"closed","template":"","meta":[],"product_brand":[],"product_cat":[1231,1227,1297,1216],"product_tag":[],"class_list":{"0":"post-71842","1":"product","2":"type-product","3":"status-publish","4":"has-post-thumbnail","6":"product_cat-divers-nettoyage","7":"product_cat-nettoyage","8":"product_cat-non-palettisable","9":"product_cat-usage-unique-et-entretien","10":"product_shipping_class-free-shipping","12":"first","13":"instock","14":"featured","15":"taxable","16":"shipping-taxable","17":"purchasable","18":"product-type-simple"},"_links":{"self":[{"href":"https:\/\/abinox-chr-clim.com\/index.php\/wp-json\/wp\/v2\/product\/71842","targetHints":{"allow":["GET"]}}],"collection":[{"href":"https:\/\/abinox-chr-clim.com\/index.php\/wp-json\/wp\/v2\/product"}],"about":[{"href":"https:\/\/abinox-chr-clim.com\/index.php\/wp-json\/wp\/v2\/types\/product"}],"replies":[{"embeddable":true,"href":"https:\/\/abinox-chr-clim.com\/index.php\/wp-json\/wp\/v2\/comments?post=71842"}],"wp:featuredmedia":[{"embeddable":true,"href":"https:\/\/abinox-chr-clim.com\/index.php\/wp-json\/wp\/v2\/media\/95107"}],"wp:attachment":[{"href":"https:\/\/abinox-chr-clim.com\/index.php\/wp-json\/wp\/v2\/media?parent=71842"}],"wp:term":[{"taxonomy":"product_brand","embeddable":true,"href":"https:\/\/abinox-chr-clim.com\/index.php\/wp-json\/wp\/v2\/product_brand?post=71842"},{"taxonomy":"product_cat","embeddable":true,"href":"https:\/\/abinox-chr-clim.com\/index.php\/wp-json\/wp\/v2\/product_cat?post=71842"},{"taxonomy":"product_tag","embeddable":true,"href":"https:\/\/abinox-chr-clim.com\/index.php\/wp-json\/wp\/v2\/product_tag?post=71842"}],"curies":[{"name":"wp","href":"https:\/\/api.w.org\/{rel}","templated":true}]}}