{"id":71815,"date":"2024-03-22T23:03:46","date_gmt":"2024-03-22T22:03:46","guid":{"rendered":"https:\/\/abinox-chr-clim.com\/index.php\/product\/support-mural-pour-distributeur-de-lingettes-df107-hygiplas\/"},"modified":"2025-06-30T09:52:05","modified_gmt":"2025-06-30T07:52:05","slug":"support-mural-pour-distributeur-de-lingettes-df107-hygiplas","status":"publish","type":"product","link":"https:\/\/abinox-chr-clim.com\/index.php\/product\/support-mural-pour-distributeur-de-lingettes-df107-hygiplas\/","title":{"rendered":"Support mural pour distributeur de lingettes DF107 Hygiplas"},"content":{"rendered":"<p>\u00c0 utiliser uniquement avec les lingettes d\u00e9sinfectantes DF107 Pal TX (vendues s\u00e9par\u00e9ment). Se fixe facilement au mur. \u00c0 utiliser uniquement avec les lingettes d\u00e9sinfectantes DF107 Pal TX (vendues s\u00e9par\u00e9ment).<\/p>\n","protected":false},"excerpt":{"rendered":"<p>Support mural pour distributeur de lingettes DF107 Hygiplas<\/p>\n","protected":false},"featured_media":104255,"comment_status":"closed","ping_status":"closed","template":"","meta":[],"product_brand":[],"product_cat":[1230,1227,1297,1216],"product_tag":[],"class_list":{"0":"post-71815","1":"product","2":"type-product","3":"status-publish","4":"has-post-thumbnail","6":"product_cat-chiffons-et-eponges","7":"product_cat-nettoyage","8":"product_cat-non-palettisable","9":"product_cat-usage-unique-et-entretien","10":"product_shipping_class-free-shipping","12":"first","13":"outofstock","14":"featured","15":"taxable","16":"shipping-taxable","17":"purchasable","18":"product-type-simple"},"_links":{"self":[{"href":"https:\/\/abinox-chr-clim.com\/index.php\/wp-json\/wp\/v2\/product\/71815","targetHints":{"allow":["GET"]}}],"collection":[{"href":"https:\/\/abinox-chr-clim.com\/index.php\/wp-json\/wp\/v2\/product"}],"about":[{"href":"https:\/\/abinox-chr-clim.com\/index.php\/wp-json\/wp\/v2\/types\/product"}],"replies":[{"embeddable":true,"href":"https:\/\/abinox-chr-clim.com\/index.php\/wp-json\/wp\/v2\/comments?post=71815"}],"wp:featuredmedia":[{"embeddable":true,"href":"https:\/\/abinox-chr-clim.com\/index.php\/wp-json\/wp\/v2\/media\/104255"}],"wp:attachment":[{"href":"https:\/\/abinox-chr-clim.com\/index.php\/wp-json\/wp\/v2\/media?parent=71815"}],"wp:term":[{"taxonomy":"product_brand","embeddable":true,"href":"https:\/\/abinox-chr-clim.com\/index.php\/wp-json\/wp\/v2\/product_brand?post=71815"},{"taxonomy":"product_cat","embeddable":true,"href":"https:\/\/abinox-chr-clim.com\/index.php\/wp-json\/wp\/v2\/product_cat?post=71815"},{"taxonomy":"product_tag","embeddable":true,"href":"https:\/\/abinox-chr-clim.com\/index.php\/wp-json\/wp\/v2\/product_tag?post=71815"}],"curies":[{"name":"wp","href":"https:\/\/api.w.org\/{rel}","templated":true}]}}