{"id":71750,"date":"2024-03-22T23:03:16","date_gmt":"2024-03-22T22:03:16","guid":{"rendered":"https:\/\/abinox-chr-clim.com\/index.php\/product\/distributeur-de-savon-liquide-en-acier-inoxydable-jantex-1-litre\/"},"modified":"2026-04-11T09:18:39","modified_gmt":"2026-04-11T07:18:39","slug":"distributeur-de-savon-liquide-en-acier-inoxydable-jantex-1-litre","status":"publish","type":"product","link":"https:\/\/abinox-chr-clim.com\/index.php\/product\/distributeur-de-savon-liquide-en-acier-inoxydable-jantex-1-litre\/","title":{"rendered":"Distributeur de savon liquide en acier inoxydable Jantex 1 litre"},"content":{"rendered":"<p>Solide distributeur de savon liquide en acier inoxydable finition satin\u00e9e. Peut se fixer au mur dans les pubs, cuisines, h\u00f4pitaux, infirmeries et bureaux.<br \/>Montage mural pour une meilleure accessibilit\u00e9. Facile \u00e0 recharger pour plus d&rsquo;efficacit\u00e9. Le produit ne peut pas \u00eatre utilis\u00e9 pour distribuer du d\u00e9sinfectant pour les mains. La finition satin\u00e9e est pr\u00e9sentable. Verrouillable (avec cl\u00e9) pour plus de s\u00e9curit\u00e9. Finition satin\u00e9e en acier inoxydable 304 pour la durabilit\u00e9.  Montage mural pour une meilleure accessibilit\u00e9.<\/p>\n<p>Caract\u00e9ristiques :<br \/> Capacit\u00e9 : 1000ml.<br \/> Dimensions : 270(H) x 100(L) x 95(P)mm.<br \/> Mati\u00e8re : .<br \/> Couleur : Acier inoxydable.<\/p>\n","protected":false},"excerpt":{"rendered":"<p>Distributeur de savon liquide en acier inoxydable Jantex 1 litre<\/p>\n","protected":false},"featured_media":101859,"comment_status":"closed","ping_status":"closed","template":"","meta":[],"product_brand":[],"product_cat":[1225,1222,1297,1216],"product_tag":[],"class_list":{"0":"post-71750","1":"product","2":"type-product","3":"status-publish","4":"has-post-thumbnail","6":"product_cat-distributeurs-de-savon","7":"product_cat-hygiene","8":"product_cat-non-palettisable","9":"product_cat-usage-unique-et-entretien","10":"product_shipping_class-free-shipping","12":"first","13":"instock","14":"featured","15":"taxable","16":"shipping-taxable","17":"purchasable","18":"product-type-simple"},"_links":{"self":[{"href":"https:\/\/abinox-chr-clim.com\/index.php\/wp-json\/wp\/v2\/product\/71750","targetHints":{"allow":["GET"]}}],"collection":[{"href":"https:\/\/abinox-chr-clim.com\/index.php\/wp-json\/wp\/v2\/product"}],"about":[{"href":"https:\/\/abinox-chr-clim.com\/index.php\/wp-json\/wp\/v2\/types\/product"}],"replies":[{"embeddable":true,"href":"https:\/\/abinox-chr-clim.com\/index.php\/wp-json\/wp\/v2\/comments?post=71750"}],"wp:featuredmedia":[{"embeddable":true,"href":"https:\/\/abinox-chr-clim.com\/index.php\/wp-json\/wp\/v2\/media\/101859"}],"wp:attachment":[{"href":"https:\/\/abinox-chr-clim.com\/index.php\/wp-json\/wp\/v2\/media?parent=71750"}],"wp:term":[{"taxonomy":"product_brand","embeddable":true,"href":"https:\/\/abinox-chr-clim.com\/index.php\/wp-json\/wp\/v2\/product_brand?post=71750"},{"taxonomy":"product_cat","embeddable":true,"href":"https:\/\/abinox-chr-clim.com\/index.php\/wp-json\/wp\/v2\/product_cat?post=71750"},{"taxonomy":"product_tag","embeddable":true,"href":"https:\/\/abinox-chr-clim.com\/index.php\/wp-json\/wp\/v2\/product_tag?post=71750"}],"curies":[{"name":"wp","href":"https:\/\/api.w.org\/{rel}","templated":true}]}}