{"id":71749,"date":"2024-03-22T23:03:16","date_gmt":"2024-03-22T22:03:16","guid":{"rendered":"https:\/\/abinox-chr-clim.com\/index.php\/product\/pompe-doseuse-jantex-25ml\/"},"modified":"2026-04-11T09:15:52","modified_gmt":"2026-04-11T07:15:52","slug":"pompe-doseuse-jantex-25ml","status":"publish","type":"product","link":"https:\/\/abinox-chr-clim.com\/index.php\/product\/pompe-doseuse-jantex-25ml\/","title":{"rendered":"Pompe doseuse Jantex 25ml"},"content":{"rendered":"<p>Con\u00e7u pour \u00eatre utilis\u00e9 avec toutes les bouteilles Jantex de 5 litres. Pompe facile \u00e0 utiliser pour distribuer avec pr\u00e9cision des doses de 25 ml. Fournit 200 doses \u00e0 partir d&rsquo;une bouteille de 5 litres pour une efficacit\u00e9 maximale. Les dosages contr\u00f4l\u00e9s r\u00e9duisent les d\u00e9chets et vous permettent d&rsquo;\u00e9conomiser sur les recharges. La mesure pour une dilution personnalis\u00e9e est une t\u00e2che rapide et facile. Conception en plastique solide et durable pour une utilisation r\u00e9p\u00e9t\u00e9e.  Con\u00e7u pour \u00eatre utilis\u00e9 avec toutes les bouteilles Jantex de 5 litres.<\/p>\n<p>Caract\u00e9ristiques :<br \/> Capacit\u00e9 : 5 L.<br \/> Dimensions : 45(L) x 130(P) mm.<\/p>\n","protected":false},"excerpt":{"rendered":"<p>Pompe doseuse Jantex 25ml<\/p>\n","protected":false},"featured_media":101463,"comment_status":"closed","ping_status":"closed","template":"","meta":[],"product_brand":[],"product_cat":[1225,1222,1297,1216],"product_tag":[],"class_list":{"0":"post-71749","1":"product","2":"type-product","3":"status-publish","4":"has-post-thumbnail","6":"product_cat-distributeurs-de-savon","7":"product_cat-hygiene","8":"product_cat-non-palettisable","9":"product_cat-usage-unique-et-entretien","10":"product_shipping_class-free-shipping","12":"first","13":"outofstock","14":"featured","15":"taxable","16":"shipping-taxable","17":"purchasable","18":"product-type-simple"},"_links":{"self":[{"href":"https:\/\/abinox-chr-clim.com\/index.php\/wp-json\/wp\/v2\/product\/71749","targetHints":{"allow":["GET"]}}],"collection":[{"href":"https:\/\/abinox-chr-clim.com\/index.php\/wp-json\/wp\/v2\/product"}],"about":[{"href":"https:\/\/abinox-chr-clim.com\/index.php\/wp-json\/wp\/v2\/types\/product"}],"replies":[{"embeddable":true,"href":"https:\/\/abinox-chr-clim.com\/index.php\/wp-json\/wp\/v2\/comments?post=71749"}],"wp:featuredmedia":[{"embeddable":true,"href":"https:\/\/abinox-chr-clim.com\/index.php\/wp-json\/wp\/v2\/media\/101463"}],"wp:attachment":[{"href":"https:\/\/abinox-chr-clim.com\/index.php\/wp-json\/wp\/v2\/media?parent=71749"}],"wp:term":[{"taxonomy":"product_brand","embeddable":true,"href":"https:\/\/abinox-chr-clim.com\/index.php\/wp-json\/wp\/v2\/product_brand?post=71749"},{"taxonomy":"product_cat","embeddable":true,"href":"https:\/\/abinox-chr-clim.com\/index.php\/wp-json\/wp\/v2\/product_cat?post=71749"},{"taxonomy":"product_tag","embeddable":true,"href":"https:\/\/abinox-chr-clim.com\/index.php\/wp-json\/wp\/v2\/product_tag?post=71749"}],"curies":[{"name":"wp","href":"https:\/\/api.w.org\/{rel}","templated":true}]}}