{"id":71748,"date":"2024-03-22T23:03:15","date_gmt":"2024-03-22T22:03:15","guid":{"rendered":"https:\/\/abinox-chr-clim.com\/index.php\/product\/sachets-recharges-de-savon-mousse-rubbermaid-lot-de-4\/"},"modified":"2026-04-11T08:50:07","modified_gmt":"2026-04-11T06:50:07","slug":"sachets-recharges-de-savon-mousse-rubbermaid-lot-de-4","status":"publish","type":"product","link":"https:\/\/abinox-chr-clim.com\/index.php\/product\/sachets-recharges-de-savon-mousse-rubbermaid-lot-de-4\/","title":{"rendered":"Sachets recharges de savon mousse Rubbermaid (Lot de 4)"},"content":{"rendered":"<p>Recharges de savon mousse tr\u00e8s l\u00e9g\u00e8re. Savon conseill\u00e9 pour les lavages fr\u00e9quents et les lieux \u00e0 forte fr\u00e9quentation.<\/p>\n<p>Caract\u00e9ristiques :<br \/>Lot : 4.<br \/> Capacit\u00e9 : 1,1 L.<\/p>\n","protected":false},"excerpt":{"rendered":"<p>Sachets recharges de savon mousse Rubbermaid (Lot de 4)<\/p>\n","protected":false},"featured_media":101457,"comment_status":"closed","ping_status":"closed","template":"","meta":[],"product_brand":[],"product_cat":[1225,1222,1297,1216],"product_tag":[],"class_list":{"0":"post-71748","1":"product","2":"type-product","3":"status-publish","4":"has-post-thumbnail","6":"product_cat-distributeurs-de-savon","7":"product_cat-hygiene","8":"product_cat-non-palettisable","9":"product_cat-usage-unique-et-entretien","10":"product_shipping_class-free-shipping","12":"first","13":"instock","14":"featured","15":"taxable","16":"shipping-taxable","17":"purchasable","18":"product-type-simple"},"_links":{"self":[{"href":"https:\/\/abinox-chr-clim.com\/index.php\/wp-json\/wp\/v2\/product\/71748","targetHints":{"allow":["GET"]}}],"collection":[{"href":"https:\/\/abinox-chr-clim.com\/index.php\/wp-json\/wp\/v2\/product"}],"about":[{"href":"https:\/\/abinox-chr-clim.com\/index.php\/wp-json\/wp\/v2\/types\/product"}],"replies":[{"embeddable":true,"href":"https:\/\/abinox-chr-clim.com\/index.php\/wp-json\/wp\/v2\/comments?post=71748"}],"wp:featuredmedia":[{"embeddable":true,"href":"https:\/\/abinox-chr-clim.com\/index.php\/wp-json\/wp\/v2\/media\/101457"}],"wp:attachment":[{"href":"https:\/\/abinox-chr-clim.com\/index.php\/wp-json\/wp\/v2\/media?parent=71748"}],"wp:term":[{"taxonomy":"product_brand","embeddable":true,"href":"https:\/\/abinox-chr-clim.com\/index.php\/wp-json\/wp\/v2\/product_brand?post=71748"},{"taxonomy":"product_cat","embeddable":true,"href":"https:\/\/abinox-chr-clim.com\/index.php\/wp-json\/wp\/v2\/product_cat?post=71748"},{"taxonomy":"product_tag","embeddable":true,"href":"https:\/\/abinox-chr-clim.com\/index.php\/wp-json\/wp\/v2\/product_tag?post=71748"}],"curies":[{"name":"wp","href":"https:\/\/api.w.org\/{rel}","templated":true}]}}