{"id":71747,"date":"2024-03-22T23:03:15","date_gmt":"2024-03-22T22:03:15","guid":{"rendered":"https:\/\/abinox-chr-clim.com\/index.php\/product\/distributeur-de-savon-et-gel-desinfectant-pour-les-mains-jantex-900ml\/"},"modified":"2026-04-11T08:50:06","modified_gmt":"2026-04-11T06:50:06","slug":"distributeur-de-savon-et-gel-desinfectant-pour-les-mains-jantex-900ml","status":"publish","type":"product","link":"https:\/\/abinox-chr-clim.com\/index.php\/product\/distributeur-de-savon-et-gel-desinfectant-pour-les-mains-jantex-900ml\/","title":{"rendered":"Distributeur de savon et gel d\u00e9sinfectant pour les mains Jantex 900ml"},"content":{"rendered":"<p>Convient pour une utilisation avec des savons liquides. Design contemporain s&rsquo;adaptant \u00e0 tous types d&rsquo;\u00e9tablissements, cuisines, h\u00f4pitaux, maisons de retraite.<br \/>Produit un dosage de 2ml pour assurer un lavage des mains efficace. Le dosage contr\u00f4l\u00e9 permet \u00e9galement de r\u00e9duire le gaspillage. La conception sans levier signifie qu&rsquo;il n&rsquo;y a pas de fissures dans lesquelles les bact\u00e9ries peuvent se cacher. La conception sans levier permet \u00e9galement une utilisation mains libres plus hygi\u00e9nique. Le r\u00e9servoir rechargeable facilite le r\u00e9approvisionnement du distributeur. La capacit\u00e9 g\u00e9n\u00e9reuse de 900 ml signifie que vous aurez besoin de vous r\u00e9approvisionner moins souvent. La construction robuste en ABS conf\u00e8re au distributeur une grande durabilit\u00e9. Le mat\u00e9riau ABS et les coins arrondis facilitent \u00e9galement le nettoyage. La grande fen\u00eatre avant permet de v\u00e9rifier facilement les niveaux de stock. Verrouillable pour plus de s\u00e9curit\u00e9. Peut \u00eatre facilement mont\u00e9 sur vos murs gr\u00e2ce aux fixations fournies. Compatible uniquement avec les savons liquides et les d\u00e9sinfectants en gel pour les mains. Produit un dosage de 2ml pour assurer un lavage des mains efficace.<\/p>\n<p>Caract\u00e9ristiques :<br \/> Capacit\u00e9 : 900ml.<br \/> Dimensions : 250(H) x 115(L) x 115(P)mm.<br \/> Mati\u00e8re : Plastique.<br \/> Couleur : Blanc.<\/p>\n","protected":false},"excerpt":{"rendered":"<p>Distributeur de savon et gel d\u00e9sinfectant pour les mains Jantex 900ml<\/p>\n","protected":false},"featured_media":101456,"comment_status":"closed","ping_status":"closed","template":"","meta":[],"product_brand":[],"product_cat":[1225,1222,1297,1216],"product_tag":[],"class_list":{"0":"post-71747","1":"product","2":"type-product","3":"status-publish","4":"has-post-thumbnail","6":"product_cat-distributeurs-de-savon","7":"product_cat-hygiene","8":"product_cat-non-palettisable","9":"product_cat-usage-unique-et-entretien","10":"product_shipping_class-free-shipping","12":"first","13":"outofstock","14":"featured","15":"taxable","16":"shipping-taxable","17":"purchasable","18":"product-type-simple"},"_links":{"self":[{"href":"https:\/\/abinox-chr-clim.com\/index.php\/wp-json\/wp\/v2\/product\/71747","targetHints":{"allow":["GET"]}}],"collection":[{"href":"https:\/\/abinox-chr-clim.com\/index.php\/wp-json\/wp\/v2\/product"}],"about":[{"href":"https:\/\/abinox-chr-clim.com\/index.php\/wp-json\/wp\/v2\/types\/product"}],"replies":[{"embeddable":true,"href":"https:\/\/abinox-chr-clim.com\/index.php\/wp-json\/wp\/v2\/comments?post=71747"}],"wp:featuredmedia":[{"embeddable":true,"href":"https:\/\/abinox-chr-clim.com\/index.php\/wp-json\/wp\/v2\/media\/101456"}],"wp:attachment":[{"href":"https:\/\/abinox-chr-clim.com\/index.php\/wp-json\/wp\/v2\/media?parent=71747"}],"wp:term":[{"taxonomy":"product_brand","embeddable":true,"href":"https:\/\/abinox-chr-clim.com\/index.php\/wp-json\/wp\/v2\/product_brand?post=71747"},{"taxonomy":"product_cat","embeddable":true,"href":"https:\/\/abinox-chr-clim.com\/index.php\/wp-json\/wp\/v2\/product_cat?post=71747"},{"taxonomy":"product_tag","embeddable":true,"href":"https:\/\/abinox-chr-clim.com\/index.php\/wp-json\/wp\/v2\/product_tag?post=71747"}],"curies":[{"name":"wp","href":"https:\/\/api.w.org\/{rel}","templated":true}]}}