{"id":71746,"date":"2024-03-22T23:03:15","date_gmt":"2024-03-22T22:03:15","guid":{"rendered":"https:\/\/abinox-chr-clim.com\/index.php\/product\/distributeur-de-savon-automatique-autofoam-rubbermaid\/"},"modified":"2026-03-16T11:04:02","modified_gmt":"2026-03-16T10:04:02","slug":"distributeur-de-savon-automatique-autofoam-rubbermaid","status":"publish","type":"product","link":"https:\/\/abinox-chr-clim.com\/index.php\/product\/distributeur-de-savon-automatique-autofoam-rubbermaid\/","title":{"rendered":"Distributeur de savon automatique Autofoam Rubbermaid"},"content":{"rendered":"<p>Distributeur automatique sans contact qui r\u00e9duit la propagation des germes et la contamination crois\u00e9e, et encourage un lavage des mains parfaitement hygi\u00e9nique. N\u00e9cessite 4 piles (non fournies).<br \/>Sans contact. Recharge scell\u00e9e hygi\u00e9nique. Dose de 0,4 ml.Option programmable : activation ou d\u00e9sactivation de l&rsquo;indicateur sonore. Sans contact.<\/p>\n<p>Caract\u00e9ristiques :<br \/> Capacit\u00e9 : 1100ml.<br \/> Dimensions : 284(H) x 142(L) x 142(P)mm.<br \/> Mati\u00e8re : .<br \/> Couleur : Blanc.<\/p>\n","protected":false},"excerpt":{"rendered":"<p>Distributeur de savon automatique Autofoam Rubbermaid<\/p>\n","protected":false},"featured_media":101313,"comment_status":"closed","ping_status":"closed","template":"","meta":[],"product_brand":[],"product_cat":[1225,1222,1297,1216],"product_tag":[],"class_list":{"0":"post-71746","1":"product","2":"type-product","3":"status-publish","4":"has-post-thumbnail","6":"product_cat-distributeurs-de-savon","7":"product_cat-hygiene","8":"product_cat-non-palettisable","9":"product_cat-usage-unique-et-entretien","10":"product_shipping_class-free-shipping","12":"first","13":"outofstock","14":"featured","15":"taxable","16":"shipping-taxable","17":"purchasable","18":"product-type-simple"},"_links":{"self":[{"href":"https:\/\/abinox-chr-clim.com\/index.php\/wp-json\/wp\/v2\/product\/71746","targetHints":{"allow":["GET"]}}],"collection":[{"href":"https:\/\/abinox-chr-clim.com\/index.php\/wp-json\/wp\/v2\/product"}],"about":[{"href":"https:\/\/abinox-chr-clim.com\/index.php\/wp-json\/wp\/v2\/types\/product"}],"replies":[{"embeddable":true,"href":"https:\/\/abinox-chr-clim.com\/index.php\/wp-json\/wp\/v2\/comments?post=71746"}],"wp:featuredmedia":[{"embeddable":true,"href":"https:\/\/abinox-chr-clim.com\/index.php\/wp-json\/wp\/v2\/media\/101313"}],"wp:attachment":[{"href":"https:\/\/abinox-chr-clim.com\/index.php\/wp-json\/wp\/v2\/media?parent=71746"}],"wp:term":[{"taxonomy":"product_brand","embeddable":true,"href":"https:\/\/abinox-chr-clim.com\/index.php\/wp-json\/wp\/v2\/product_brand?post=71746"},{"taxonomy":"product_cat","embeddable":true,"href":"https:\/\/abinox-chr-clim.com\/index.php\/wp-json\/wp\/v2\/product_cat?post=71746"},{"taxonomy":"product_tag","embeddable":true,"href":"https:\/\/abinox-chr-clim.com\/index.php\/wp-json\/wp\/v2\/product_tag?post=71746"}],"curies":[{"name":"wp","href":"https:\/\/api.w.org\/{rel}","templated":true}]}}