{"id":71743,"date":"2024-03-22T23:03:14","date_gmt":"2024-03-22T22:03:14","guid":{"rendered":"https:\/\/abinox-chr-clim.com\/index.php\/product\/support-de-desinfection-des-mains-commande-au-coude\/"},"modified":"2026-04-11T09:53:34","modified_gmt":"2026-04-11T07:53:34","slug":"support-de-desinfection-des-mains-commande-au-coude","status":"publish","type":"product","link":"https:\/\/abinox-chr-clim.com\/index.php\/product\/support-de-desinfection-des-mains-commande-au-coude\/","title":{"rendered":"Support de d\u00e9sinfection des mains commande au coude"},"content":{"rendered":"<p>Station de d\u00e9sinfection mains libres, commande au coude facile pour utiliser le distributeur. D\u00e9sinfectant pour les mains non inclus.<br \/>Support avec base. Le fonctionnement mains libres favorise une bonne hygi\u00e8ne.Comprend un distributeur qui peut \u00eatre recharg\u00e9.Avec graphique p\u00e9dagogique.Dimensions de la base: 40 x 40 cm. Support avec base.<\/p>\n<p>Caract\u00e9ristiques :<br \/> Dimensions : 1400(H) mm.<br \/> Mati\u00e8re : Inox<\/p>\n","protected":false},"excerpt":{"rendered":"<p>Support de d\u00e9sinfection des mains commande au coude<\/p>\n","protected":false},"featured_media":100782,"comment_status":"closed","ping_status":"closed","template":"","meta":[],"product_brand":[],"product_cat":[1225,1222,1296,1216],"product_tag":[],"class_list":{"0":"post-71743","1":"product","2":"type-product","3":"status-publish","4":"has-post-thumbnail","6":"product_cat-distributeurs-de-savon","7":"product_cat-hygiene","8":"product_cat-palettisable","9":"product_cat-usage-unique-et-entretien","11":"first","12":"outofstock","13":"featured","14":"taxable","15":"shipping-taxable","16":"purchasable","17":"product-type-simple"},"_links":{"self":[{"href":"https:\/\/abinox-chr-clim.com\/index.php\/wp-json\/wp\/v2\/product\/71743","targetHints":{"allow":["GET"]}}],"collection":[{"href":"https:\/\/abinox-chr-clim.com\/index.php\/wp-json\/wp\/v2\/product"}],"about":[{"href":"https:\/\/abinox-chr-clim.com\/index.php\/wp-json\/wp\/v2\/types\/product"}],"replies":[{"embeddable":true,"href":"https:\/\/abinox-chr-clim.com\/index.php\/wp-json\/wp\/v2\/comments?post=71743"}],"wp:featuredmedia":[{"embeddable":true,"href":"https:\/\/abinox-chr-clim.com\/index.php\/wp-json\/wp\/v2\/media\/100782"}],"wp:attachment":[{"href":"https:\/\/abinox-chr-clim.com\/index.php\/wp-json\/wp\/v2\/media?parent=71743"}],"wp:term":[{"taxonomy":"product_brand","embeddable":true,"href":"https:\/\/abinox-chr-clim.com\/index.php\/wp-json\/wp\/v2\/product_brand?post=71743"},{"taxonomy":"product_cat","embeddable":true,"href":"https:\/\/abinox-chr-clim.com\/index.php\/wp-json\/wp\/v2\/product_cat?post=71743"},{"taxonomy":"product_tag","embeddable":true,"href":"https:\/\/abinox-chr-clim.com\/index.php\/wp-json\/wp\/v2\/product_tag?post=71743"}],"curies":[{"name":"wp","href":"https:\/\/api.w.org\/{rel}","templated":true}]}}