{"id":71739,"date":"2024-03-22T23:03:12","date_gmt":"2024-03-22T22:03:12","guid":{"rendered":"https:\/\/abinox-chr-clim.com\/index.php\/product\/pack-de-base-manuel-savon-mousse-pour-les-mains-rubbermaid-800ml\/"},"modified":"2026-03-30T11:10:29","modified_gmt":"2026-03-30T09:10:29","slug":"pack-de-base-manuel-savon-mousse-pour-les-mains-rubbermaid-800ml","status":"publish","type":"product","link":"https:\/\/abinox-chr-clim.com\/index.php\/product\/pack-de-base-manuel-savon-mousse-pour-les-mains-rubbermaid-800ml\/","title":{"rendered":"Pack de base manuel savon mousse pour les mains Rubbermaid 800ml"},"content":{"rendered":"<p>Distributeurs de savon manuels avec lot de recharges. Ces packs sont essentiels pour les toilettes et autres zones de lavage des mains. Choisissez parmi les packs le distributeur avec savon mousse non parfum\u00e9 ou celui avec savon spray parfum\u00e9 pour r\u00e9pondre aux besoins de votre \u00e9tablissement.<br \/>Comprend 1 distributeur de savon mousse manuel de 800 ml et 2 recharges de savon mousse non parfum\u00e9s de 800 ml. Le distributeur comprend un levier antimicrobien pour \u00e9viter la propagation des bact\u00e9ries. Le distributeur d\u00e9livre un dosage de 0,4 ml pour assurer un lavage des mains efficace. Fournir un dosage contr\u00f4l\u00e9 aidera \u00e9galement \u00e0 r\u00e9duire le gaspillage. Une conception simple facilite le remplissage du distributeur. La fen\u00eatre de visualisation du distributeur permet de voir facilement la quantit\u00e9 de produit restant. Le design \u00e9l\u00e9gant du distributeur s&rsquo;int\u00e8gre dans toutes les toilettes. Le savon est sans parfum, donc parfaitement s\u00fbr pour une utilisation dans les environnements alimentaires. La formule sans colorant et sans parfum du savon pr\u00e9servent les peaux sensibles. La formule du savon cr\u00e9e une mousse \u00e9paisse pour garantir un lavage minutieux des mains. Chaque recharge de 800 ml de savon d\u00e9livre environ 2000 doses pour un faible co\u00fbt par utilisation. Le savon r\u00e9pond aux crit\u00e8res environnementaux stricts du label \u00e9cologique europ\u00e9en. Comprend 1 distributeur de savon mousse manuel de 800 ml et 2 recharges de savon mousse non parfum\u00e9s de 800 ml.<\/p>\n<p>Caract\u00e9ristiques :<br \/> Dimensions : 29(H) x 19(L) x 20(P) mm.<br \/> Mati\u00e8re : .<br \/> Couleur : Blanc.<\/p>\n","protected":false},"excerpt":{"rendered":"<p>Pack de base manuel savon mousse pour les mains Rubbermaid 800ml<\/p>\n","protected":false},"featured_media":100765,"comment_status":"closed","ping_status":"closed","template":"","meta":[],"product_brand":[],"product_cat":[1225,1222,1297,1216],"product_tag":[],"class_list":{"0":"post-71739","1":"product","2":"type-product","3":"status-publish","4":"has-post-thumbnail","6":"product_cat-distributeurs-de-savon","7":"product_cat-hygiene","8":"product_cat-non-palettisable","9":"product_cat-usage-unique-et-entretien","10":"product_shipping_class-free-shipping","12":"first","13":"outofstock","14":"featured","15":"taxable","16":"shipping-taxable","17":"purchasable","18":"product-type-simple"},"_links":{"self":[{"href":"https:\/\/abinox-chr-clim.com\/index.php\/wp-json\/wp\/v2\/product\/71739","targetHints":{"allow":["GET"]}}],"collection":[{"href":"https:\/\/abinox-chr-clim.com\/index.php\/wp-json\/wp\/v2\/product"}],"about":[{"href":"https:\/\/abinox-chr-clim.com\/index.php\/wp-json\/wp\/v2\/types\/product"}],"replies":[{"embeddable":true,"href":"https:\/\/abinox-chr-clim.com\/index.php\/wp-json\/wp\/v2\/comments?post=71739"}],"wp:featuredmedia":[{"embeddable":true,"href":"https:\/\/abinox-chr-clim.com\/index.php\/wp-json\/wp\/v2\/media\/100765"}],"wp:attachment":[{"href":"https:\/\/abinox-chr-clim.com\/index.php\/wp-json\/wp\/v2\/media?parent=71739"}],"wp:term":[{"taxonomy":"product_brand","embeddable":true,"href":"https:\/\/abinox-chr-clim.com\/index.php\/wp-json\/wp\/v2\/product_brand?post=71739"},{"taxonomy":"product_cat","embeddable":true,"href":"https:\/\/abinox-chr-clim.com\/index.php\/wp-json\/wp\/v2\/product_cat?post=71739"},{"taxonomy":"product_tag","embeddable":true,"href":"https:\/\/abinox-chr-clim.com\/index.php\/wp-json\/wp\/v2\/product_tag?post=71739"}],"curies":[{"name":"wp","href":"https:\/\/api.w.org\/{rel}","templated":true}]}}