{"id":71738,"date":"2024-03-22T23:03:12","date_gmt":"2024-03-22T22:03:12","guid":{"rendered":"https:\/\/abinox-chr-clim.com\/index.php\/product\/lotion-spray-nettoyante-avec-60-dalcool-rubbermaid-400ml-lot-de-12\/"},"modified":"2026-04-11T09:53:55","modified_gmt":"2026-04-11T07:53:55","slug":"lotion-spray-nettoyante-avec-60-dalcool-rubbermaid-400ml-lot-de-12","status":"publish","type":"product","link":"https:\/\/abinox-chr-clim.com\/index.php\/product\/lotion-spray-nettoyante-avec-60-dalcool-rubbermaid-400ml-lot-de-12\/","title":{"rendered":"Lotion spray nettoyante avec 60% d&rsquo;alcool Rubbermaid 400ml (lot de 12)"},"content":{"rendered":"<p>D\u00e9sinfectants pour les mains pour \u00e9liminer et offrir une protection durable contre les microbes. Le distributeur manuel dispose d&rsquo;un levier antimicrobien pour limiter la croissance des germes.<br \/>La formule 60% ABV aide \u00e0 \u00e9liminer et \u00e0 pr\u00e9venir la croissance des microbes sur les mains. Produit une mousse \u00e9paisse pour assurer une excellente protection et un nettoyage en profondeur des mains. La formule \u00e0 s\u00e9chage rapide assure une protection rapide et efficace contre les microbes. Chaque sachet de 400 ml d\u00e9livre environ 2000 doses pour une utilisation \u00e0 faible co\u00fbt. La formule non parfum\u00e9e rend la lotion parfaite pour les environnements de manipulation et de traitement des aliments. Recharges herm\u00e9tiquement scell\u00e9es pour \u00e9viter tout risque de fuite. Recharges herm\u00e9tiquement scell\u00e9es pour \u00e9viter tout risque de contamination. \u00c0 utiliser avec le distributeur de savon et lotion Rubbermaid code FN392 (vendu s\u00e9par\u00e9ment).La formule 60% ABV aide \u00e0 \u00e9liminer et \u00e0 pr\u00e9venir la croissance des microbes sur les mains.<\/p>\n<p>Caract\u00e9ristiques :<br \/>Lot : 12.<br \/> Dimensions : 15,001(H) x 7(L) x 12,499(P) mm.<\/p>\n","protected":false},"excerpt":{"rendered":"<p>Lotion spray nettoyante avec 60% d&rsquo;alcool Rubbermaid 400ml (lot de 12)<\/p>\n","protected":false},"featured_media":100764,"comment_status":"closed","ping_status":"closed","template":"","meta":[],"product_brand":[],"product_cat":[1225,1222,1297,1216],"product_tag":[],"class_list":{"0":"post-71738","1":"product","2":"type-product","3":"status-publish","4":"has-post-thumbnail","6":"product_cat-distributeurs-de-savon","7":"product_cat-hygiene","8":"product_cat-non-palettisable","9":"product_cat-usage-unique-et-entretien","10":"product_shipping_class-free-shipping","12":"first","13":"instock","14":"featured","15":"taxable","16":"shipping-taxable","17":"purchasable","18":"product-type-simple"},"_links":{"self":[{"href":"https:\/\/abinox-chr-clim.com\/index.php\/wp-json\/wp\/v2\/product\/71738","targetHints":{"allow":["GET"]}}],"collection":[{"href":"https:\/\/abinox-chr-clim.com\/index.php\/wp-json\/wp\/v2\/product"}],"about":[{"href":"https:\/\/abinox-chr-clim.com\/index.php\/wp-json\/wp\/v2\/types\/product"}],"replies":[{"embeddable":true,"href":"https:\/\/abinox-chr-clim.com\/index.php\/wp-json\/wp\/v2\/comments?post=71738"}],"wp:featuredmedia":[{"embeddable":true,"href":"https:\/\/abinox-chr-clim.com\/index.php\/wp-json\/wp\/v2\/media\/100764"}],"wp:attachment":[{"href":"https:\/\/abinox-chr-clim.com\/index.php\/wp-json\/wp\/v2\/media?parent=71738"}],"wp:term":[{"taxonomy":"product_brand","embeddable":true,"href":"https:\/\/abinox-chr-clim.com\/index.php\/wp-json\/wp\/v2\/product_brand?post=71738"},{"taxonomy":"product_cat","embeddable":true,"href":"https:\/\/abinox-chr-clim.com\/index.php\/wp-json\/wp\/v2\/product_cat?post=71738"},{"taxonomy":"product_tag","embeddable":true,"href":"https:\/\/abinox-chr-clim.com\/index.php\/wp-json\/wp\/v2\/product_tag?post=71738"}],"curies":[{"name":"wp","href":"https:\/\/api.w.org\/{rel}","templated":true}]}}