{"id":71737,"date":"2024-03-22T23:03:11","date_gmt":"2024-03-22T22:03:11","guid":{"rendered":"https:\/\/abinox-chr-clim.com\/index.php\/product\/desinfectant-mousse-sans-alcool-rubbermaid-800ml-lot-de-6\/"},"modified":"2026-04-11T09:53:54","modified_gmt":"2026-04-11T07:53:54","slug":"desinfectant-mousse-sans-alcool-rubbermaid-800ml-lot-de-6","status":"publish","type":"product","link":"https:\/\/abinox-chr-clim.com\/index.php\/product\/desinfectant-mousse-sans-alcool-rubbermaid-800ml-lot-de-6\/","title":{"rendered":"D\u00e9sinfectant mousse sans alcool Rubbermaid 800ml (lot de 6)"},"content":{"rendered":"<p>D\u00e9sinfectants pour les mains pour \u00e9liminer et offrir une protection durable contre les microbes. Le distributeur manuel dispose d&rsquo;un levier antimicrobien pour limiter la croissance des germes.<br \/>Contient un agent antibact\u00e9rien pour \u00e9liminer et pr\u00e9venir la croissance des germes sur les mains. La formule sans alcool rend le d\u00e9sinfectant parfait pour une utilisation dans des environnements o\u00f9 l&rsquo;alcool n&rsquo;est pas autoris\u00e9. Produit une mousse \u00e9paisse pour assurer une excellente protection et un nettoyage en profondeur des mains. Chaque recharge de 800 ml d\u00e9livre environ 2000 doses permettant une utilisation \u00e0 bas co\u00fbt. La formule non parfum\u00e9e en fait un d\u00e9sinfectant parfait pour les environnements de manipulation et de traitement alimentaires. Recharges herm\u00e9tiquement scell\u00e9es pour \u00e9viter tout risque de fuite. Recharges herm\u00e9tiquement scell\u00e9es pour \u00e9viter tout risque de contamination.Contient un agent antibact\u00e9rien pour \u00e9liminer et pr\u00e9venir la croissance des germes sur les mains.<\/p>\n<p>Caract\u00e9ristiques :<br \/>Lot : 6.<br \/> Dimensions : 21,001(H) x 5,7(L) x 11,001(P) mm.<\/p>\n","protected":false},"excerpt":{"rendered":"<p>D\u00e9sinfectant mousse sans alcool Rubbermaid 800ml (lot de 6)<\/p>\n","protected":false},"featured_media":100763,"comment_status":"closed","ping_status":"closed","template":"","meta":[],"product_brand":[],"product_cat":[1225,1222,1297,1216],"product_tag":[],"class_list":{"0":"post-71737","1":"product","2":"type-product","3":"status-publish","4":"has-post-thumbnail","6":"product_cat-distributeurs-de-savon","7":"product_cat-hygiene","8":"product_cat-non-palettisable","9":"product_cat-usage-unique-et-entretien","10":"product_shipping_class-free-shipping","12":"first","13":"outofstock","14":"featured","15":"taxable","16":"shipping-taxable","17":"purchasable","18":"product-type-simple"},"_links":{"self":[{"href":"https:\/\/abinox-chr-clim.com\/index.php\/wp-json\/wp\/v2\/product\/71737","targetHints":{"allow":["GET"]}}],"collection":[{"href":"https:\/\/abinox-chr-clim.com\/index.php\/wp-json\/wp\/v2\/product"}],"about":[{"href":"https:\/\/abinox-chr-clim.com\/index.php\/wp-json\/wp\/v2\/types\/product"}],"replies":[{"embeddable":true,"href":"https:\/\/abinox-chr-clim.com\/index.php\/wp-json\/wp\/v2\/comments?post=71737"}],"wp:featuredmedia":[{"embeddable":true,"href":"https:\/\/abinox-chr-clim.com\/index.php\/wp-json\/wp\/v2\/media\/100763"}],"wp:attachment":[{"href":"https:\/\/abinox-chr-clim.com\/index.php\/wp-json\/wp\/v2\/media?parent=71737"}],"wp:term":[{"taxonomy":"product_brand","embeddable":true,"href":"https:\/\/abinox-chr-clim.com\/index.php\/wp-json\/wp\/v2\/product_brand?post=71737"},{"taxonomy":"product_cat","embeddable":true,"href":"https:\/\/abinox-chr-clim.com\/index.php\/wp-json\/wp\/v2\/product_cat?post=71737"},{"taxonomy":"product_tag","embeddable":true,"href":"https:\/\/abinox-chr-clim.com\/index.php\/wp-json\/wp\/v2\/product_tag?post=71737"}],"curies":[{"name":"wp","href":"https:\/\/api.w.org\/{rel}","templated":true}]}}