{"id":71734,"date":"2024-03-22T23:03:10","date_gmt":"2024-03-22T22:03:10","guid":{"rendered":"https:\/\/abinox-chr-clim.com\/index.php\/product\/lotion-nettoyante-sans-alcool-rubbermaid-autofoam-11l-lot-de-4\/"},"modified":"2025-07-10T11:11:55","modified_gmt":"2025-07-10T09:11:55","slug":"lotion-nettoyante-sans-alcool-rubbermaid-autofoam-11l-lot-de-4","status":"publish","type":"product","link":"https:\/\/abinox-chr-clim.com\/index.php\/product\/lotion-nettoyante-sans-alcool-rubbermaid-autofoam-11l-lot-de-4\/","title":{"rendered":"Lotion nettoyante sans alcool Rubbermaid AutoFoam 1,1L (lot de 4)"},"content":{"rendered":"<p>Contient un agent antimicrobien organique pour \u00e9liminer les bact\u00e9ries et les virus sur les mains. La formule sans alcool est parfaite pour une utilisation dans des environnements o\u00f9 l&rsquo;alcool n&rsquo;est pas autoris\u00e9. Produit une mousse \u00e9paisse pour assurer une excellente protection et un nettoyage en profondeur des mains. Chaque recharge de 1,1 litre d\u00e9livre environ 2750 doses pour des co\u00fbts d&rsquo;utilisation r\u00e9duits. La formule non parfum\u00e9e rend la lotion nettoyante parfaite pour les environnements de manipulation et de traitement des aliments. Recharges herm\u00e9tiquement scell\u00e9es pour \u00e9viter tout risque de fuite. Recharges herm\u00e9tiquement scell\u00e9es pour \u00e9viter tout risque de contamination. \u00c0 utiliser avec le distributeur sans contact Rubbermaid AutoFoam de 1,1L code FN380 (vendu s\u00e9par\u00e9ment).Contient un agent antimicrobien organique pour \u00e9liminer les bact\u00e9ries et les virus sur les mains.<\/p>\n<p>Caract\u00e9ristiques :<br \/>Lot : 4.<br \/> Dimensions : 3,5(H) x 17,501(L) x 25,999(P) mm.<\/p>\n","protected":false},"excerpt":{"rendered":"<p>Lotion nettoyante sans alcool Rubbermaid AutoFoam 1,1L (lot de 4)<\/p>\n","protected":false},"featured_media":100760,"comment_status":"closed","ping_status":"closed","template":"","meta":[],"product_brand":[],"product_cat":[1225,1222,1297,1216],"product_tag":[],"class_list":{"0":"post-71734","1":"product","2":"type-product","3":"status-publish","4":"has-post-thumbnail","6":"product_cat-distributeurs-de-savon","7":"product_cat-hygiene","8":"product_cat-non-palettisable","9":"product_cat-usage-unique-et-entretien","10":"product_shipping_class-free-shipping","12":"first","13":"outofstock","14":"featured","15":"taxable","16":"shipping-taxable","17":"purchasable","18":"product-type-simple"},"_links":{"self":[{"href":"https:\/\/abinox-chr-clim.com\/index.php\/wp-json\/wp\/v2\/product\/71734","targetHints":{"allow":["GET"]}}],"collection":[{"href":"https:\/\/abinox-chr-clim.com\/index.php\/wp-json\/wp\/v2\/product"}],"about":[{"href":"https:\/\/abinox-chr-clim.com\/index.php\/wp-json\/wp\/v2\/types\/product"}],"replies":[{"embeddable":true,"href":"https:\/\/abinox-chr-clim.com\/index.php\/wp-json\/wp\/v2\/comments?post=71734"}],"wp:featuredmedia":[{"embeddable":true,"href":"https:\/\/abinox-chr-clim.com\/index.php\/wp-json\/wp\/v2\/media\/100760"}],"wp:attachment":[{"href":"https:\/\/abinox-chr-clim.com\/index.php\/wp-json\/wp\/v2\/media?parent=71734"}],"wp:term":[{"taxonomy":"product_brand","embeddable":true,"href":"https:\/\/abinox-chr-clim.com\/index.php\/wp-json\/wp\/v2\/product_brand?post=71734"},{"taxonomy":"product_cat","embeddable":true,"href":"https:\/\/abinox-chr-clim.com\/index.php\/wp-json\/wp\/v2\/product_cat?post=71734"},{"taxonomy":"product_tag","embeddable":true,"href":"https:\/\/abinox-chr-clim.com\/index.php\/wp-json\/wp\/v2\/product_tag?post=71734"}],"curies":[{"name":"wp","href":"https:\/\/api.w.org\/{rel}","templated":true}]}}