{"id":71732,"date":"2024-03-22T23:03:09","date_gmt":"2024-03-22T22:03:09","guid":{"rendered":"https:\/\/abinox-chr-clim.com\/index.php\/product\/borne-d-hygiene-noire-avec-support-autofoam-rubbermaid\/"},"modified":"2026-04-11T09:53:53","modified_gmt":"2026-04-11T07:53:53","slug":"borne-d-hygiene-noire-avec-support-autofoam-rubbermaid","status":"publish","type":"product","link":"https:\/\/abinox-chr-clim.com\/index.php\/product\/borne-d-hygiene-noire-avec-support-autofoam-rubbermaid\/","title":{"rendered":"Borne d hygi\u00e8ne noire avec support AutoFoam Rubbermaid"},"content":{"rendered":"<p>Renforcez les normes d&rsquo;hygi\u00e8ne des mains dans vos locaux avec cette borne d&rsquo;hygi\u00e8ne avec support. La base lest\u00e9e offre une plus grande stabilit\u00e9 &#8211; parfaite pour les zones ext\u00e9rieures et \u00e0 fort trafic. Con\u00e7ue pour \u00eatre utilis\u00e9e avec le distributeur sans contact AutoFoam (vendu s\u00e9par\u00e9ment).<br \/>Ce support m\u00e9tallique avec base lest\u00e9e permet d&rsquo;installer librement le distributeur AutoFoam pour assurer l&rsquo;hygi\u00e8ne des mains en tout lieu. La conception permet de d\u00e9placer facilement la station vers n&rsquo;importe quelle partie de vos locaux. La base lest\u00e9e offre une plus grande stabilit\u00e9. La construction en acier conf\u00e8re au support une excellente r\u00e9sistance et durabilit\u00e9. \u00c0 utiliser avec le distributeur sans contact FN380 Rubbermaid AutoFoam (vendu s\u00e9par\u00e9ment). Distributeurs AutoFoam et recharges de d\u00e9sinfectant pour les mains vendus s\u00e9par\u00e9ment.  Ce support m\u00e9tallique avec base lest\u00e9e permet d&rsquo;installer librement le distributeur AutoFoam pour assurer l&rsquo;hygi\u00e8ne des mains en tout lieu.<\/p>\n<p>Caract\u00e9ristiques :<br \/> Dimensions : 255(H) x 420(L) x 158(P) mm.<br \/> Mati\u00e8re : .<br \/> Couleur : Noir.<\/p>\n","protected":false},"excerpt":{"rendered":"<p>Borne d hygi\u00e8ne noire avec support AutoFoam Rubbermaid<\/p>\n","protected":false},"featured_media":100758,"comment_status":"closed","ping_status":"closed","template":"","meta":[],"product_brand":[],"product_cat":[1225,1222,1297,1216],"product_tag":[],"class_list":{"0":"post-71732","1":"product","2":"type-product","3":"status-publish","4":"has-post-thumbnail","6":"product_cat-distributeurs-de-savon","7":"product_cat-hygiene","8":"product_cat-non-palettisable","9":"product_cat-usage-unique-et-entretien","10":"product_shipping_class-free-shipping","12":"first","13":"instock","14":"featured","15":"taxable","16":"shipping-taxable","17":"purchasable","18":"product-type-simple"},"_links":{"self":[{"href":"https:\/\/abinox-chr-clim.com\/index.php\/wp-json\/wp\/v2\/product\/71732","targetHints":{"allow":["GET"]}}],"collection":[{"href":"https:\/\/abinox-chr-clim.com\/index.php\/wp-json\/wp\/v2\/product"}],"about":[{"href":"https:\/\/abinox-chr-clim.com\/index.php\/wp-json\/wp\/v2\/types\/product"}],"replies":[{"embeddable":true,"href":"https:\/\/abinox-chr-clim.com\/index.php\/wp-json\/wp\/v2\/comments?post=71732"}],"wp:featuredmedia":[{"embeddable":true,"href":"https:\/\/abinox-chr-clim.com\/index.php\/wp-json\/wp\/v2\/media\/100758"}],"wp:attachment":[{"href":"https:\/\/abinox-chr-clim.com\/index.php\/wp-json\/wp\/v2\/media?parent=71732"}],"wp:term":[{"taxonomy":"product_brand","embeddable":true,"href":"https:\/\/abinox-chr-clim.com\/index.php\/wp-json\/wp\/v2\/product_brand?post=71732"},{"taxonomy":"product_cat","embeddable":true,"href":"https:\/\/abinox-chr-clim.com\/index.php\/wp-json\/wp\/v2\/product_cat?post=71732"},{"taxonomy":"product_tag","embeddable":true,"href":"https:\/\/abinox-chr-clim.com\/index.php\/wp-json\/wp\/v2\/product_tag?post=71732"}],"curies":[{"name":"wp","href":"https:\/\/api.w.org\/{rel}","templated":true}]}}