{"id":71731,"date":"2024-03-22T23:03:09","date_gmt":"2024-03-22T22:03:09","guid":{"rendered":"https:\/\/abinox-chr-clim.com\/index.php\/product\/distributeur-de-savon-mousse-sans-contact-rubbermaid-autofoam-11l\/"},"modified":"2026-04-11T09:53:51","modified_gmt":"2026-04-11T07:53:51","slug":"distributeur-de-savon-mousse-sans-contact-rubbermaid-autofoam-11l","status":"publish","type":"product","link":"https:\/\/abinox-chr-clim.com\/index.php\/product\/distributeur-de-savon-mousse-sans-contact-rubbermaid-autofoam-11l\/","title":{"rendered":"Distributeur de savon mousse sans contact Rubbermaid AutoFoam 1,1L"},"content":{"rendered":"<p>Distributeur mains libres pour un dosage hygi\u00e9nique de savon mousse et de d\u00e9sinfectant.<br \/>Activation sans contact pour \u00e9liminer les risques de contamination crois\u00e9e et de prolif\u00e9ration des germes. Autonomie \u00e9prouv\u00e9e jusqu&rsquo;\u00e0 3 ans ou 120000 lavages des mains. Distribue une dose contr\u00f4l\u00e9e de savon pour assurer un lavage efficace des mains. Fournir un dosage contr\u00f4l\u00e9 aidera \u00e9galement \u00e0 r\u00e9duire le gaspillage. Un indicateur de niveau de remplissage permet de voir facilement si la recharge doit \u00eatre remplac\u00e9e. Indicateurs de dur\u00e9e de vie des piles et de la recharge. Style contemporain. \u00c0 utiliser avec les recharges de savon et de d\u00e9sinfectant pour les mains Rubbermaid AutoFoam FN382, FN384, GF282 et GF283 (vendus s\u00e9par\u00e9ment).Activation sans contact pour \u00e9liminer les risques de contamination crois\u00e9e et de prolif\u00e9ration des germes.<\/p>\n<p>Caract\u00e9ristiques :<br \/> Dimensions : 27,623(H) x 14,605(L) x 13,157(P) mm.<br \/> Mati\u00e8re : .<br \/> Couleur : Noir et chrome.<\/p>\n","protected":false},"excerpt":{"rendered":"<p>Distributeur de savon mousse sans contact Rubbermaid AutoFoam 1,1L<\/p>\n","protected":false},"featured_media":100757,"comment_status":"closed","ping_status":"closed","template":"","meta":[],"product_brand":[],"product_cat":[1225,1222,1297,1216],"product_tag":[],"class_list":{"0":"post-71731","1":"product","2":"type-product","3":"status-publish","4":"has-post-thumbnail","6":"product_cat-distributeurs-de-savon","7":"product_cat-hygiene","8":"product_cat-non-palettisable","9":"product_cat-usage-unique-et-entretien","10":"product_shipping_class-free-shipping","12":"first","13":"instock","14":"featured","15":"taxable","16":"shipping-taxable","17":"purchasable","18":"product-type-simple"},"_links":{"self":[{"href":"https:\/\/abinox-chr-clim.com\/index.php\/wp-json\/wp\/v2\/product\/71731","targetHints":{"allow":["GET"]}}],"collection":[{"href":"https:\/\/abinox-chr-clim.com\/index.php\/wp-json\/wp\/v2\/product"}],"about":[{"href":"https:\/\/abinox-chr-clim.com\/index.php\/wp-json\/wp\/v2\/types\/product"}],"replies":[{"embeddable":true,"href":"https:\/\/abinox-chr-clim.com\/index.php\/wp-json\/wp\/v2\/comments?post=71731"}],"wp:featuredmedia":[{"embeddable":true,"href":"https:\/\/abinox-chr-clim.com\/index.php\/wp-json\/wp\/v2\/media\/100757"}],"wp:attachment":[{"href":"https:\/\/abinox-chr-clim.com\/index.php\/wp-json\/wp\/v2\/media?parent=71731"}],"wp:term":[{"taxonomy":"product_brand","embeddable":true,"href":"https:\/\/abinox-chr-clim.com\/index.php\/wp-json\/wp\/v2\/product_brand?post=71731"},{"taxonomy":"product_cat","embeddable":true,"href":"https:\/\/abinox-chr-clim.com\/index.php\/wp-json\/wp\/v2\/product_cat?post=71731"},{"taxonomy":"product_tag","embeddable":true,"href":"https:\/\/abinox-chr-clim.com\/index.php\/wp-json\/wp\/v2\/product_tag?post=71731"}],"curies":[{"name":"wp","href":"https:\/\/api.w.org\/{rel}","templated":true}]}}