{"id":71730,"date":"2024-03-22T23:03:09","date_gmt":"2024-03-22T22:03:09","guid":{"rendered":"https:\/\/abinox-chr-clim.com\/index.php\/product\/distributeur-de-savon-liquide-et-desinfectant-pour-les-mains-jantex-1l\/"},"modified":"2026-04-11T09:53:46","modified_gmt":"2026-04-11T07:53:46","slug":"distributeur-de-savon-liquide-et-desinfectant-pour-les-mains-jantex-1l","status":"publish","type":"product","link":"https:\/\/abinox-chr-clim.com\/index.php\/product\/distributeur-de-savon-liquide-et-desinfectant-pour-les-mains-jantex-1l\/","title":{"rendered":"Distributeur de savon liquide et d\u00e9sinfectant pour les mains Jantex 1L"},"content":{"rendered":"<p>Assurez-vous que vos toilettes et sanitaires soient \u00e9quip\u00e9s pour r\u00e9pondre aux normes d&rsquo;hygi\u00e8ne avec ce distributeur de savon liquide ou d\u00e9sinfectant pour les mains Jantex de 1 litre. Con\u00e7u pour d\u00e9livrer une dose de 1 ml, ce distributeur garantit que le personnel et les clients utilisent la bonne quantit\u00e9 de savon ou de d\u00e9sinfectant pour se nettoyer efficacement les mains. Permet de minimiser la propagation des bact\u00e9ries dans vos locaux. En offrant un dosage contr\u00f4l\u00e9, ce distributeur r\u00e9duit \u00e9galement le gaspillage.<br \/>D\u00e9livre une dose de 1 ml pour garantir un lavage efficace des mains. L&rsquo;administration d&rsquo;un dosage contr\u00f4l\u00e9 contribuera \u00e9galement \u00e0 r\u00e9duire le gaspillage. R\u00e9servoir facile \u00e0 remplir. Design sans manette pour plus d&rsquo;hygi\u00e8ne. Le distributeur peut \u00eatre verrouill\u00e9 pour plus de s\u00e9curit\u00e9. Le design \u00e9pur\u00e9 s&rsquo;int\u00e8gre dans tout espace sanitaire public. Compatible avec les savons liquides et les d\u00e9sinfectants pour les mains uniquement. Compatible uniquement avec les savons liquides et les d\u00e9sinfectants pour les mains. Fixations murales fournies.D\u00e9livre une dose de 1 ml pour garantir un lavage efficace des mains.<\/p>\n<p>Caract\u00e9ristiques :<br \/> Mati\u00e8re : .<br \/> Couleur : Blanc.<\/p>\n","protected":false},"excerpt":{"rendered":"<p>Distributeur de savon liquide et d\u00e9sinfectant pour les mains Jantex 1L<\/p>\n","protected":false},"featured_media":100744,"comment_status":"closed","ping_status":"closed","template":"","meta":[],"product_brand":[],"product_cat":[1225,1222,1297,1216],"product_tag":[],"class_list":{"0":"post-71730","1":"product","2":"type-product","3":"status-publish","4":"has-post-thumbnail","6":"product_cat-distributeurs-de-savon","7":"product_cat-hygiene","8":"product_cat-non-palettisable","9":"product_cat-usage-unique-et-entretien","10":"product_shipping_class-free-shipping","12":"first","13":"instock","14":"featured","15":"taxable","16":"shipping-taxable","17":"purchasable","18":"product-type-simple"},"_links":{"self":[{"href":"https:\/\/abinox-chr-clim.com\/index.php\/wp-json\/wp\/v2\/product\/71730","targetHints":{"allow":["GET"]}}],"collection":[{"href":"https:\/\/abinox-chr-clim.com\/index.php\/wp-json\/wp\/v2\/product"}],"about":[{"href":"https:\/\/abinox-chr-clim.com\/index.php\/wp-json\/wp\/v2\/types\/product"}],"replies":[{"embeddable":true,"href":"https:\/\/abinox-chr-clim.com\/index.php\/wp-json\/wp\/v2\/comments?post=71730"}],"wp:featuredmedia":[{"embeddable":true,"href":"https:\/\/abinox-chr-clim.com\/index.php\/wp-json\/wp\/v2\/media\/100744"}],"wp:attachment":[{"href":"https:\/\/abinox-chr-clim.com\/index.php\/wp-json\/wp\/v2\/media?parent=71730"}],"wp:term":[{"taxonomy":"product_brand","embeddable":true,"href":"https:\/\/abinox-chr-clim.com\/index.php\/wp-json\/wp\/v2\/product_brand?post=71730"},{"taxonomy":"product_cat","embeddable":true,"href":"https:\/\/abinox-chr-clim.com\/index.php\/wp-json\/wp\/v2\/product_cat?post=71730"},{"taxonomy":"product_tag","embeddable":true,"href":"https:\/\/abinox-chr-clim.com\/index.php\/wp-json\/wp\/v2\/product_tag?post=71730"}],"curies":[{"name":"wp","href":"https:\/\/api.w.org\/{rel}","templated":true}]}}