{"id":71728,"date":"2024-03-22T23:03:08","date_gmt":"2024-03-22T22:03:08","guid":{"rendered":"https:\/\/abinox-chr-clim.com\/index.php\/product\/doseur-avec-anneau-beaumont-mezclar-preciso\/"},"modified":"2025-06-30T11:45:14","modified_gmt":"2025-06-30T09:45:14","slug":"doseur-avec-anneau-beaumont-mezclar-preciso","status":"publish","type":"product","link":"https:\/\/abinox-chr-clim.com\/index.php\/product\/doseur-avec-anneau-beaumont-mezclar-preciso\/","title":{"rendered":"Doseur avec anneau Beaumont Mezclar Preciso"},"content":{"rendered":"<p>Doseur multimesure de 25 ml et 50 ml avec des marques suppl\u00e9mentaires de 5 ml et 10 ml \u00e0 l&rsquo;int\u00e9rieur.<br \/>Peut mesurer 50, 25, 10 et 5 ml. Anneau en cuivre \u00e9l\u00e9gant. 2 c\u00f4t\u00e9s. Sans marquage CE. Lavage \u00e0 la main uniquement.R\u00e9f\u00e9rence fournisseur : 3180. Peut mesurer 50, 25, 10 et 5 ml.<\/p>\n<p>Caract\u00e9ristiques :<br \/> Dimensions : 116(H) x 47(\u00d8) mm.<br \/> Mati\u00e8re : Inox.<br \/> Couleur : Argent.<\/p>\n","protected":false},"excerpt":{"rendered":"<p>Doseur avec anneau Beaumont Mezclar Preciso<\/p>\n","protected":false},"featured_media":104894,"comment_status":"closed","ping_status":"closed","template":"","meta":[],"product_brand":[],"product_cat":[1225,1222,1297,1216],"product_tag":[],"class_list":{"0":"post-71728","1":"product","2":"type-product","3":"status-publish","4":"has-post-thumbnail","6":"product_cat-distributeurs-de-savon","7":"product_cat-hygiene","8":"product_cat-non-palettisable","9":"product_cat-usage-unique-et-entretien","10":"product_shipping_class-free-shipping","12":"first","13":"outofstock","14":"featured","15":"taxable","16":"shipping-taxable","17":"purchasable","18":"product-type-simple"},"_links":{"self":[{"href":"https:\/\/abinox-chr-clim.com\/index.php\/wp-json\/wp\/v2\/product\/71728","targetHints":{"allow":["GET"]}}],"collection":[{"href":"https:\/\/abinox-chr-clim.com\/index.php\/wp-json\/wp\/v2\/product"}],"about":[{"href":"https:\/\/abinox-chr-clim.com\/index.php\/wp-json\/wp\/v2\/types\/product"}],"replies":[{"embeddable":true,"href":"https:\/\/abinox-chr-clim.com\/index.php\/wp-json\/wp\/v2\/comments?post=71728"}],"wp:featuredmedia":[{"embeddable":true,"href":"https:\/\/abinox-chr-clim.com\/index.php\/wp-json\/wp\/v2\/media\/104894"}],"wp:attachment":[{"href":"https:\/\/abinox-chr-clim.com\/index.php\/wp-json\/wp\/v2\/media?parent=71728"}],"wp:term":[{"taxonomy":"product_brand","embeddable":true,"href":"https:\/\/abinox-chr-clim.com\/index.php\/wp-json\/wp\/v2\/product_brand?post=71728"},{"taxonomy":"product_cat","embeddable":true,"href":"https:\/\/abinox-chr-clim.com\/index.php\/wp-json\/wp\/v2\/product_cat?post=71728"},{"taxonomy":"product_tag","embeddable":true,"href":"https:\/\/abinox-chr-clim.com\/index.php\/wp-json\/wp\/v2\/product_tag?post=71728"}],"curies":[{"name":"wp","href":"https:\/\/api.w.org\/{rel}","templated":true}]}}