{"id":71700,"date":"2024-03-22T23:02:56","date_gmt":"2024-03-22T22:02:56","guid":{"rendered":"https:\/\/abinox-chr-clim.com\/index.php\/product\/distributeur-blanc-pour-bobine-a-devidage-central-tork\/"},"modified":"2026-04-13T06:48:41","modified_gmt":"2026-04-13T04:48:41","slug":"distributeur-blanc-pour-bobine-a-devidage-central-tork","status":"publish","type":"product","link":"https:\/\/abinox-chr-clim.com\/index.php\/product\/distributeur-blanc-pour-bobine-a-devidage-central-tork\/","title":{"rendered":"Distributeur blanc pour bobine \u00e0 d\u00e9vidage central Tork"},"content":{"rendered":"<p>Distributeur d&rsquo;essuie-main \u00e0 d\u00e9vidage central hygi\u00e9nique et gain de place, id\u00e9al pour une distribution d&rsquo;une seule main. Recharges de diff\u00e9rentes couleurs : bleues pour les zones alimentaires, blanches pour une utilisation g\u00e9n\u00e9rale.<br \/>Le m\u00e9canisme de d\u00e9chirement r\u00e9duit les d\u00e9chets et permet une distribution facile. La distribution ne n\u00e9cessite aucun contact avec l&rsquo;unit\u00e9 pour arr\u00eater la propagation des bact\u00e9ries. Facile \u00e0 ouvrir et \u00e0 r\u00e9approvisionner lorsque le rouleau bleu ou blanc est \u00e9puis\u00e9. Fen\u00eatre transparente qui vous permet de v\u00e9rifier et de reconstituer rapidement le stock. Montage mural permettant une installation personnalis\u00e9e.  Le m\u00e9canisme de d\u00e9chirement r\u00e9duit les d\u00e9chets et permet une distribution facile.<\/p>\n<p>Caract\u00e9ristiques :<br \/> Dimensions : 360(H) x 239(L) x 227(P)mm.<br \/> Mati\u00e8re : Plastique.<br \/> Couleur : Blanc.<\/p>\n","protected":false},"excerpt":{"rendered":"<p>Distributeur blanc pour bobine \u00e0 d\u00e9vidage central Tork<\/p>\n","protected":false},"featured_media":97492,"comment_status":"closed","ping_status":"closed","template":"","meta":[],"product_brand":[],"product_cat":[1226,1222,1297,1216],"product_tag":[],"class_list":{"0":"post-71700","1":"product","2":"type-product","3":"status-publish","4":"has-post-thumbnail","6":"product_cat-distributeurs-dessuie-mains","7":"product_cat-hygiene","8":"product_cat-non-palettisable","9":"product_cat-usage-unique-et-entretien","10":"product_shipping_class-free-shipping","12":"first","13":"instock","14":"featured","15":"taxable","16":"shipping-taxable","17":"purchasable","18":"product-type-simple"},"_links":{"self":[{"href":"https:\/\/abinox-chr-clim.com\/index.php\/wp-json\/wp\/v2\/product\/71700","targetHints":{"allow":["GET"]}}],"collection":[{"href":"https:\/\/abinox-chr-clim.com\/index.php\/wp-json\/wp\/v2\/product"}],"about":[{"href":"https:\/\/abinox-chr-clim.com\/index.php\/wp-json\/wp\/v2\/types\/product"}],"replies":[{"embeddable":true,"href":"https:\/\/abinox-chr-clim.com\/index.php\/wp-json\/wp\/v2\/comments?post=71700"}],"wp:featuredmedia":[{"embeddable":true,"href":"https:\/\/abinox-chr-clim.com\/index.php\/wp-json\/wp\/v2\/media\/97492"}],"wp:attachment":[{"href":"https:\/\/abinox-chr-clim.com\/index.php\/wp-json\/wp\/v2\/media?parent=71700"}],"wp:term":[{"taxonomy":"product_brand","embeddable":true,"href":"https:\/\/abinox-chr-clim.com\/index.php\/wp-json\/wp\/v2\/product_brand?post=71700"},{"taxonomy":"product_cat","embeddable":true,"href":"https:\/\/abinox-chr-clim.com\/index.php\/wp-json\/wp\/v2\/product_cat?post=71700"},{"taxonomy":"product_tag","embeddable":true,"href":"https:\/\/abinox-chr-clim.com\/index.php\/wp-json\/wp\/v2\/product_tag?post=71700"}],"curies":[{"name":"wp","href":"https:\/\/api.w.org\/{rel}","templated":true}]}}