{"id":71699,"date":"2024-03-22T23:02:55","date_gmt":"2024-03-22T22:02:55","guid":{"rendered":"https:\/\/abinox-chr-clim.com\/index.php\/product\/bobines-bleues-a-alimentation-centrale-2-plis-reflex-tork-lot-de-6\/"},"modified":"2026-04-13T06:48:41","modified_gmt":"2026-04-13T04:48:41","slug":"bobines-bleues-a-alimentation-centrale-2-plis-reflex-tork-lot-de-6","status":"publish","type":"product","link":"https:\/\/abinox-chr-clim.com\/index.php\/product\/bobines-bleues-a-alimentation-centrale-2-plis-reflex-tork-lot-de-6\/","title":{"rendered":"Bobines bleues \u00e0 alimentation centrale 2 plis Reflex Tork (lot de 6)"},"content":{"rendered":"<p>Distributeur d&rsquo;essuie-mains \u00e0 alimentation centrale, distribution feuille \u00e0 feuille, pouvant r\u00e9duire les d\u00e9chets jusqu&rsquo;\u00e0 37%. Bleu pour les zones alimentaires. Conception hygi\u00e9nique.<br \/>Environ 429 feuilles par rouleau. 2 plis. Longeur du rouleau 157,5m. Environ 429 feuilles par rouleau.<\/p>\n<p>Caract\u00e9ristiques :<br \/>Lot : 6.<br \/> Dimensions : Longueur du rouleau 157,5m.<br \/> Mati\u00e8re : .<br \/> Couleur : Bleu.<\/p>\n","protected":false},"excerpt":{"rendered":"<p>Bobines bleues \u00e0 alimentation centrale 2 plis Reflex Tork (lot de 6)<\/p>\n","protected":false},"featured_media":97486,"comment_status":"closed","ping_status":"closed","template":"","meta":[],"product_brand":[],"product_cat":[1226,1222,1297,1216],"product_tag":[],"class_list":{"0":"post-71699","1":"product","2":"type-product","3":"status-publish","4":"has-post-thumbnail","6":"product_cat-distributeurs-dessuie-mains","7":"product_cat-hygiene","8":"product_cat-non-palettisable","9":"product_cat-usage-unique-et-entretien","10":"product_shipping_class-free-shipping","12":"first","13":"instock","14":"featured","15":"taxable","16":"shipping-taxable","17":"purchasable","18":"product-type-simple"},"_links":{"self":[{"href":"https:\/\/abinox-chr-clim.com\/index.php\/wp-json\/wp\/v2\/product\/71699","targetHints":{"allow":["GET"]}}],"collection":[{"href":"https:\/\/abinox-chr-clim.com\/index.php\/wp-json\/wp\/v2\/product"}],"about":[{"href":"https:\/\/abinox-chr-clim.com\/index.php\/wp-json\/wp\/v2\/types\/product"}],"replies":[{"embeddable":true,"href":"https:\/\/abinox-chr-clim.com\/index.php\/wp-json\/wp\/v2\/comments?post=71699"}],"wp:featuredmedia":[{"embeddable":true,"href":"https:\/\/abinox-chr-clim.com\/index.php\/wp-json\/wp\/v2\/media\/97486"}],"wp:attachment":[{"href":"https:\/\/abinox-chr-clim.com\/index.php\/wp-json\/wp\/v2\/media?parent=71699"}],"wp:term":[{"taxonomy":"product_brand","embeddable":true,"href":"https:\/\/abinox-chr-clim.com\/index.php\/wp-json\/wp\/v2\/product_brand?post=71699"},{"taxonomy":"product_cat","embeddable":true,"href":"https:\/\/abinox-chr-clim.com\/index.php\/wp-json\/wp\/v2\/product_cat?post=71699"},{"taxonomy":"product_tag","embeddable":true,"href":"https:\/\/abinox-chr-clim.com\/index.php\/wp-json\/wp\/v2\/product_tag?post=71699"}],"curies":[{"name":"wp","href":"https:\/\/api.w.org\/{rel}","templated":true}]}}