{"id":71692,"date":"2024-03-22T23:02:53","date_gmt":"2024-03-22T22:02:53","guid":{"rendered":"https:\/\/abinox-chr-clim.com\/index.php\/product\/distributeur-d-essuie-mains-jantex\/"},"modified":"2026-04-13T06:27:32","modified_gmt":"2026-04-13T04:27:32","slug":"distributeur-d-essuie-mains-jantex","status":"publish","type":"product","link":"https:\/\/abinox-chr-clim.com\/index.php\/product\/distributeur-d-essuie-mains-jantex\/","title":{"rendered":"Distributeur d essuie-mains Jantex"},"content":{"rendered":"<p>Distributeur d&rsquo;essuie-mains polyvalent et tr\u00e8s r\u00e9sistant adapt\u00e9 \u00e0 une large gamme d&rsquo;essuie-mains. Distribution feuille \u00e0 feuille pour \u00e9viter le gaspillage. R\u00e9siste \u00e0 une utilisation constante.<br \/>Assure la distribution d&rsquo;une seule serviette pour r\u00e9duire le gaspillage de papier. La distribution feuille \u00e0 feuille permet \u00e9galement d&rsquo;\u00e9viter la contamination des piles de serviettes. S&rsquo;adapte aux serviettes intercal\u00e9es, pli\u00e9es en C, en Z et extra \u00e9troites pour une flexibilit\u00e9 maximale. La conception robuste en ABS conf\u00e8re au distributeur une grande durabilit\u00e9. Le mat\u00e9riau ABS et les coins arrondis facilitent \u00e9galement le nettoyage. Une grande fen\u00eatre translucide permet de v\u00e9rifier facilement le niveau des stocks. Conception ergonomique permettant un remplissage facile. Le design \u00e9pur\u00e9 s&rsquo;int\u00e8gre dans n&rsquo;importe quel d\u00e9cor de cuisine ou de salle de bains.Le distributeur peut \u00eatre facilement fix\u00e9 \u00e0 vos murs. Hauteur maximale d&#8217;empilage : 200 mm. Assure la distribution d&rsquo;une seule serviette pour r\u00e9duire le gaspillage de papier.<\/p>\n<p>Caract\u00e9ristiques :<br \/> Dimensions : 265(H) x 290(L) x 145(P) mm.<br \/> Mati\u00e8re : Plastique.<br \/> Couleur : Blanc.<\/p>\n","protected":false},"excerpt":{"rendered":"<p>Distributeur d essuie-mains Jantex<\/p>\n","protected":false},"featured_media":101310,"comment_status":"closed","ping_status":"closed","template":"","meta":[],"product_brand":[],"product_cat":[1226,1222,1297,1216],"product_tag":[],"class_list":{"0":"post-71692","1":"product","2":"type-product","3":"status-publish","4":"has-post-thumbnail","6":"product_cat-distributeurs-dessuie-mains","7":"product_cat-hygiene","8":"product_cat-non-palettisable","9":"product_cat-usage-unique-et-entretien","10":"product_shipping_class-free-shipping","12":"first","13":"outofstock","14":"featured","15":"taxable","16":"shipping-taxable","17":"purchasable","18":"product-type-simple"},"_links":{"self":[{"href":"https:\/\/abinox-chr-clim.com\/index.php\/wp-json\/wp\/v2\/product\/71692","targetHints":{"allow":["GET"]}}],"collection":[{"href":"https:\/\/abinox-chr-clim.com\/index.php\/wp-json\/wp\/v2\/product"}],"about":[{"href":"https:\/\/abinox-chr-clim.com\/index.php\/wp-json\/wp\/v2\/types\/product"}],"replies":[{"embeddable":true,"href":"https:\/\/abinox-chr-clim.com\/index.php\/wp-json\/wp\/v2\/comments?post=71692"}],"wp:featuredmedia":[{"embeddable":true,"href":"https:\/\/abinox-chr-clim.com\/index.php\/wp-json\/wp\/v2\/media\/101310"}],"wp:attachment":[{"href":"https:\/\/abinox-chr-clim.com\/index.php\/wp-json\/wp\/v2\/media?parent=71692"}],"wp:term":[{"taxonomy":"product_brand","embeddable":true,"href":"https:\/\/abinox-chr-clim.com\/index.php\/wp-json\/wp\/v2\/product_brand?post=71692"},{"taxonomy":"product_cat","embeddable":true,"href":"https:\/\/abinox-chr-clim.com\/index.php\/wp-json\/wp\/v2\/product_cat?post=71692"},{"taxonomy":"product_tag","embeddable":true,"href":"https:\/\/abinox-chr-clim.com\/index.php\/wp-json\/wp\/v2\/product_tag?post=71692"}],"curies":[{"name":"wp","href":"https:\/\/api.w.org\/{rel}","templated":true}]}}