{"id":71685,"date":"2024-03-22T23:02:47","date_gmt":"2024-03-22T22:02:47","guid":{"rendered":"https:\/\/abinox-chr-clim.com\/index.php\/product\/papier-toilette-standard-jantex-2-plis-lot-de-36\/"},"modified":"2026-04-13T06:27:08","modified_gmt":"2026-04-13T04:27:08","slug":"papier-toilette-standard-jantex-2-plis-lot-de-36","status":"publish","type":"product","link":"https:\/\/abinox-chr-clim.com\/index.php\/product\/papier-toilette-standard-jantex-2-plis-lot-de-36\/","title":{"rendered":"Papier toilette standard Jantex 2 plis (Lot de 36)"},"content":{"rendered":"<p>Rouleau de papier toilette standard (2 plis). 200 feuilles par rouleau.<br \/>Environ 200 feuilles par rouleau. Papier 2 plis r\u00e9sistant et absorbant. Le mat\u00e9riau solide et doux 2 plis offre plus de confort. Le lot de 36 permet un stock longue dur\u00e9e. Les perforations entre les feuilles permettent aux clients de n&rsquo;utiliser que la quantit\u00e9 n\u00e9cessaire. La forme universelle signifie que les rouleaux s&rsquo;adapteront \u00e0 la plupart des distributeurs. Les rouleaux vides peuvent \u00e9galement \u00eatre recycl\u00e9s et compost\u00e9s apr\u00e8s utilisation s&rsquo;ils sont propres.Environ 200 feuilles par rouleau.<\/p>\n<p>Caract\u00e9ristiques :<br \/>Lot : 36.<br \/> Mati\u00e8re : Papier.<br \/> Couleur : Blanc.<\/p>\n","protected":false},"excerpt":{"rendered":"<p>Papier toilette standard Jantex 2 plis (Lot de 36)<\/p>\n","protected":false},"featured_media":101278,"comment_status":"closed","ping_status":"closed","template":"","meta":[],"product_brand":[],"product_cat":[1226,1222,1297,1216],"product_tag":[],"class_list":{"0":"post-71685","1":"product","2":"type-product","3":"status-publish","4":"has-post-thumbnail","6":"product_cat-distributeurs-dessuie-mains","7":"product_cat-hygiene","8":"product_cat-non-palettisable","9":"product_cat-usage-unique-et-entretien","10":"product_shipping_class-free-shipping","12":"first","13":"instock","14":"featured","15":"taxable","16":"shipping-taxable","17":"purchasable","18":"product-type-simple"},"_links":{"self":[{"href":"https:\/\/abinox-chr-clim.com\/index.php\/wp-json\/wp\/v2\/product\/71685","targetHints":{"allow":["GET"]}}],"collection":[{"href":"https:\/\/abinox-chr-clim.com\/index.php\/wp-json\/wp\/v2\/product"}],"about":[{"href":"https:\/\/abinox-chr-clim.com\/index.php\/wp-json\/wp\/v2\/types\/product"}],"replies":[{"embeddable":true,"href":"https:\/\/abinox-chr-clim.com\/index.php\/wp-json\/wp\/v2\/comments?post=71685"}],"wp:featuredmedia":[{"embeddable":true,"href":"https:\/\/abinox-chr-clim.com\/index.php\/wp-json\/wp\/v2\/media\/101278"}],"wp:attachment":[{"href":"https:\/\/abinox-chr-clim.com\/index.php\/wp-json\/wp\/v2\/media?parent=71685"}],"wp:term":[{"taxonomy":"product_brand","embeddable":true,"href":"https:\/\/abinox-chr-clim.com\/index.php\/wp-json\/wp\/v2\/product_brand?post=71685"},{"taxonomy":"product_cat","embeddable":true,"href":"https:\/\/abinox-chr-clim.com\/index.php\/wp-json\/wp\/v2\/product_cat?post=71685"},{"taxonomy":"product_tag","embeddable":true,"href":"https:\/\/abinox-chr-clim.com\/index.php\/wp-json\/wp\/v2\/product_tag?post=71685"}],"curies":[{"name":"wp","href":"https:\/\/api.w.org\/{rel}","templated":true}]}}