{"id":71683,"date":"2024-03-22T23:02:47","date_gmt":"2024-03-22T22:02:47","guid":{"rendered":"https:\/\/abinox-chr-clim.com\/index.php\/product\/distributeur-de-serviettes-recyclees-tork-xpressnap-2-plis-pliage1-2-lot-de-8x1000\/"},"modified":"2025-08-26T13:47:12","modified_gmt":"2025-08-26T11:47:12","slug":"distributeur-de-serviettes-recyclees-tork-xpressnap-2-plis-pliage1-2-lot-de-8x1000","status":"publish","type":"product","link":"https:\/\/abinox-chr-clim.com\/index.php\/product\/distributeur-de-serviettes-recyclees-tork-xpressnap-2-plis-pliage1-2-lot-de-8x1000\/","title":{"rendered":"Distributeur de serviettes recycl\u00e9es Tork Xpressnap 2 plis pliage1\/2 (lot de 8&#215;1000)"},"content":{"rendered":"<p>Distributeur de serviettes \u00e9cologiques, fabriqu\u00e9es \u00e0 partir de fibres recycl\u00e9es certifi\u00e9es FSC. Compostable en 12 semaines dans un site de compostage industriel.<br \/>Fabriqu\u00e9 \u00e0 partir de papier \u00e9pais, solide et absorbant 2 plis. Fabriqu\u00e9 \u00e0 partir de fibres recycl\u00e9es non blanchies. Compostable sous 12 semaines dans une installation de compostage industriel. Certifi\u00e9 compostable selon la norme EN 13432. Fabriqu\u00e9 \u00e0 partir de mat\u00e9riaux certifi\u00e9s FSC. R\u00e9pond aux crit\u00e8res environnementaux et de s\u00e9curit\u00e9 stricts de l&rsquo;EU Flower Ecolabel. Les mati\u00e8res naturelles donnent \u00e0 ces serviettes un aspect organique. Pr\u00e9-imprim\u00e9 avec des messages environnementaux clairs\u00a0: \u00ab\u00a0Sauvez l&rsquo;environnement, une serviette \u00e0 la fois\u00a0\u00bb et \u00ab\u00a0Make A Difference, Just Take One\u00a0\u00bb. Livr\u00e9 dans un sac en plastique hygi\u00e9nique et durable \u00e0 base de canne \u00e0 sucre.Fabriqu\u00e9 \u00e0 partir de papier \u00e9pais, solide et absorbant 2 plis.<\/p>\n<p>Caract\u00e9ristiques :<br \/>Lot : 8000.<br \/> Dimensions : 213(l) x 165(L)mm.<br \/> Mati\u00e8re : Papier.<br \/> Couleur : Naturel.<\/p>\n","protected":false},"excerpt":{"rendered":"<p>Distributeur de serviettes recycl\u00e9es Tork Xpressnap 2 plis pliage1\/2 (lot de 8&#215;1000)<\/p>\n","protected":false},"featured_media":94598,"comment_status":"closed","ping_status":"closed","template":"","meta":[],"product_brand":[],"product_cat":[1226,1222,1297,1216],"product_tag":[],"class_list":{"0":"post-71683","1":"product","2":"type-product","3":"status-publish","4":"has-post-thumbnail","6":"product_cat-distributeurs-dessuie-mains","7":"product_cat-hygiene","8":"product_cat-non-palettisable","9":"product_cat-usage-unique-et-entretien","10":"product_shipping_class-free-shipping","12":"first","13":"outofstock","14":"featured","15":"taxable","16":"shipping-taxable","17":"purchasable","18":"product-type-simple"},"_links":{"self":[{"href":"https:\/\/abinox-chr-clim.com\/index.php\/wp-json\/wp\/v2\/product\/71683","targetHints":{"allow":["GET"]}}],"collection":[{"href":"https:\/\/abinox-chr-clim.com\/index.php\/wp-json\/wp\/v2\/product"}],"about":[{"href":"https:\/\/abinox-chr-clim.com\/index.php\/wp-json\/wp\/v2\/types\/product"}],"replies":[{"embeddable":true,"href":"https:\/\/abinox-chr-clim.com\/index.php\/wp-json\/wp\/v2\/comments?post=71683"}],"wp:featuredmedia":[{"embeddable":true,"href":"https:\/\/abinox-chr-clim.com\/index.php\/wp-json\/wp\/v2\/media\/94598"}],"wp:attachment":[{"href":"https:\/\/abinox-chr-clim.com\/index.php\/wp-json\/wp\/v2\/media?parent=71683"}],"wp:term":[{"taxonomy":"product_brand","embeddable":true,"href":"https:\/\/abinox-chr-clim.com\/index.php\/wp-json\/wp\/v2\/product_brand?post=71683"},{"taxonomy":"product_cat","embeddable":true,"href":"https:\/\/abinox-chr-clim.com\/index.php\/wp-json\/wp\/v2\/product_cat?post=71683"},{"taxonomy":"product_tag","embeddable":true,"href":"https:\/\/abinox-chr-clim.com\/index.php\/wp-json\/wp\/v2\/product_tag?post=71683"}],"curies":[{"name":"wp","href":"https:\/\/api.w.org\/{rel}","templated":true}]}}