{"id":71682,"date":"2024-03-22T23:02:46","date_gmt":"2024-03-22T22:02:46","guid":{"rendered":"https:\/\/abinox-chr-clim.com\/index.php\/product\/distributeur-de-rouleaux-dessuie-mains-tork-matic-blanc\/"},"modified":"2026-04-13T07:48:09","modified_gmt":"2026-04-13T05:48:09","slug":"distributeur-de-rouleaux-dessuie-mains-tork-matic-blanc","status":"publish","type":"product","link":"https:\/\/abinox-chr-clim.com\/index.php\/product\/distributeur-de-rouleaux-dessuie-mains-tork-matic-blanc\/","title":{"rendered":"Distributeur de rouleaux d&rsquo;essuie-mains Tork Matic blanc"},"content":{"rendered":"<p>Bobines FA706 et FA707 vendues s\u00e9par\u00e9ment.<br \/>La distribution feuille \u00e0 feuille r\u00e9duit la consommation de papier. La grande capacit\u00e9 r\u00e9duit les probl\u00e8mes de maintenance. L&rsquo;indicateur de niveau LED indique quand une recharge est n\u00e9cessaire. Le distributeur est facile \u00e0 remplir. Le design moderne se fondra dans n&rsquo;importe quelle salle de bain ou toilette publique.Rouleaux de recharge vendus s\u00e9par\u00e9ment (FA706 et FA707).  La distribution feuille \u00e0 feuille r\u00e9duit la consommation de papier.<\/p>\n<p>Caract\u00e9ristiques :<br \/> Dimensions : 372(H) x 337(L) x 203(P) mm.<br \/> Mati\u00e8re : Plastique.<br \/> Couleur : Blanc.<\/p>\n","protected":false},"excerpt":{"rendered":"<p>Distributeur de rouleaux d&rsquo;essuie-mains Tork Matic blanc<\/p>\n","protected":false},"featured_media":94606,"comment_status":"closed","ping_status":"closed","template":"","meta":[],"product_brand":[],"product_cat":[1226,1222,1297,1216],"product_tag":[],"class_list":{"0":"post-71682","1":"product","2":"type-product","3":"status-publish","4":"has-post-thumbnail","6":"product_cat-distributeurs-dessuie-mains","7":"product_cat-hygiene","8":"product_cat-non-palettisable","9":"product_cat-usage-unique-et-entretien","10":"product_shipping_class-free-shipping","12":"first","13":"outofstock","14":"featured","15":"taxable","16":"shipping-taxable","17":"purchasable","18":"product-type-simple"},"_links":{"self":[{"href":"https:\/\/abinox-chr-clim.com\/index.php\/wp-json\/wp\/v2\/product\/71682","targetHints":{"allow":["GET"]}}],"collection":[{"href":"https:\/\/abinox-chr-clim.com\/index.php\/wp-json\/wp\/v2\/product"}],"about":[{"href":"https:\/\/abinox-chr-clim.com\/index.php\/wp-json\/wp\/v2\/types\/product"}],"replies":[{"embeddable":true,"href":"https:\/\/abinox-chr-clim.com\/index.php\/wp-json\/wp\/v2\/comments?post=71682"}],"wp:featuredmedia":[{"embeddable":true,"href":"https:\/\/abinox-chr-clim.com\/index.php\/wp-json\/wp\/v2\/media\/94606"}],"wp:attachment":[{"href":"https:\/\/abinox-chr-clim.com\/index.php\/wp-json\/wp\/v2\/media?parent=71682"}],"wp:term":[{"taxonomy":"product_brand","embeddable":true,"href":"https:\/\/abinox-chr-clim.com\/index.php\/wp-json\/wp\/v2\/product_brand?post=71682"},{"taxonomy":"product_cat","embeddable":true,"href":"https:\/\/abinox-chr-clim.com\/index.php\/wp-json\/wp\/v2\/product_cat?post=71682"},{"taxonomy":"product_tag","embeddable":true,"href":"https:\/\/abinox-chr-clim.com\/index.php\/wp-json\/wp\/v2\/product_tag?post=71682"}],"curies":[{"name":"wp","href":"https:\/\/api.w.org\/{rel}","templated":true}]}}