{"id":71681,"date":"2024-03-22T23:02:46","date_gmt":"2024-03-22T22:02:46","guid":{"rendered":"https:\/\/abinox-chr-clim.com\/index.php\/product\/rouleaux-dessuie-mains-tork-advanced-2-epaisseurs-150-m-paquet-de-6\/"},"modified":"2026-04-13T07:47:46","modified_gmt":"2026-04-13T05:47:46","slug":"rouleaux-dessuie-mains-tork-advanced-2-epaisseurs-150-m-paquet-de-6","status":"publish","type":"product","link":"https:\/\/abinox-chr-clim.com\/index.php\/product\/rouleaux-dessuie-mains-tork-advanced-2-epaisseurs-150-m-paquet-de-6\/","title":{"rendered":"Rouleaux d&rsquo;essuie-mains Tork Advanced 2 \u00e9paisseurs 150 m (paquet de 6)"},"content":{"rendered":"<p>Pour distributeur FA708 ou FA709.<br \/>Longueur du rouleau\u00a0: 150\u00a0m. plis. Ces rouleaux sont solides, doux et absorbants. Convient pour une utilisation avec les distributeurs de rouleaux d&rsquo;essuie-mains Tork Matic (FA708 et FA709 &#8211; vendus s\u00e9par\u00e9ment). R\u00e9duit la consommation de papier lorsqu&rsquo;il est utilis\u00e9 avec le distributeur correspondant. La grande longueur du rouleau r\u00e9duit la maintenance et le risque de p\u00e9nurie. L&#8217;emballage est facile \u00e0 transporter, facile \u00e0 ouvrir et facile \u00e0 jeter. Un motif de feuilles donne \u00e0 ces rouleaux un aspect attrayant. Fabriqu\u00e9 \u00e0 partir de papier provenant de sources durables. R\u00e9pond aux crit\u00e8res environnementaux stricts du label \u00e9cologique europ\u00e9en Flower. Agr\u00e9\u00e9 contact alimentaire. Longueur du rouleau\u00a0: 150\u00a0m.<\/p>\n<p>Caract\u00e9ristiques :<br \/>Lot : 6.<br \/> Dimensions : 210(H) x 190(\u00d8)mm.<br \/> Mati\u00e8re : Plastique.<br \/> Couleur : Blanc.<\/p>\n","protected":false},"excerpt":{"rendered":"<p>Rouleaux d&rsquo;essuie-mains Tork Advanced 2 \u00e9paisseurs 150 m (paquet de 6)<\/p>\n","protected":false},"featured_media":94614,"comment_status":"closed","ping_status":"closed","template":"","meta":[],"product_brand":[],"product_cat":[1226,1222,1297,1216],"product_tag":[],"class_list":{"0":"post-71681","1":"product","2":"type-product","3":"status-publish","4":"has-post-thumbnail","6":"product_cat-distributeurs-dessuie-mains","7":"product_cat-hygiene","8":"product_cat-non-palettisable","9":"product_cat-usage-unique-et-entretien","10":"product_shipping_class-free-shipping","12":"first","13":"instock","14":"featured","15":"taxable","16":"shipping-taxable","17":"purchasable","18":"product-type-simple"},"_links":{"self":[{"href":"https:\/\/abinox-chr-clim.com\/index.php\/wp-json\/wp\/v2\/product\/71681","targetHints":{"allow":["GET"]}}],"collection":[{"href":"https:\/\/abinox-chr-clim.com\/index.php\/wp-json\/wp\/v2\/product"}],"about":[{"href":"https:\/\/abinox-chr-clim.com\/index.php\/wp-json\/wp\/v2\/types\/product"}],"replies":[{"embeddable":true,"href":"https:\/\/abinox-chr-clim.com\/index.php\/wp-json\/wp\/v2\/comments?post=71681"}],"wp:featuredmedia":[{"embeddable":true,"href":"https:\/\/abinox-chr-clim.com\/index.php\/wp-json\/wp\/v2\/media\/94614"}],"wp:attachment":[{"href":"https:\/\/abinox-chr-clim.com\/index.php\/wp-json\/wp\/v2\/media?parent=71681"}],"wp:term":[{"taxonomy":"product_brand","embeddable":true,"href":"https:\/\/abinox-chr-clim.com\/index.php\/wp-json\/wp\/v2\/product_brand?post=71681"},{"taxonomy":"product_cat","embeddable":true,"href":"https:\/\/abinox-chr-clim.com\/index.php\/wp-json\/wp\/v2\/product_cat?post=71681"},{"taxonomy":"product_tag","embeddable":true,"href":"https:\/\/abinox-chr-clim.com\/index.php\/wp-json\/wp\/v2\/product_tag?post=71681"}],"curies":[{"name":"wp","href":"https:\/\/api.w.org\/{rel}","templated":true}]}}