{"id":71679,"date":"2024-03-22T23:02:45","date_gmt":"2024-03-22T22:02:45","guid":{"rendered":"https:\/\/abinox-chr-clim.com\/index.php\/product\/essuie-mains-1-pli-pliage-en-z-tork-blanc-lot-de-12\/"},"modified":"2026-04-13T06:19:36","modified_gmt":"2026-04-13T04:19:36","slug":"essuie-mains-1-pli-pliage-en-z-tork-blanc-lot-de-12","status":"publish","type":"product","link":"https:\/\/abinox-chr-clim.com\/index.php\/product\/essuie-mains-1-pli-pliage-en-z-tork-blanc-lot-de-12\/","title":{"rendered":"Essuie-mains 1 pli pliage en Z Tork blanc (lot de 12)"},"content":{"rendered":"<p>Distribution feuille par feuille, permettant une consommation r\u00e9duite et une hygi\u00e8ne accrue. Utilisation rapide et facile.<br \/>. Environ 250 feuilles par paquet. La conception 1 pli rend les essuie-mains \u00e9conomiques mais efficaces pour s\u00e9cher les mains. Le pliage en Z signifie qu&rsquo;une seule feuille est distribu\u00e9e \u00e0 la fois pour r\u00e9duire le gaspillage. Ces essuie-mains sont fabriqu\u00e9s \u00e0 partir de papier recycl\u00e9 durable. Conforme aux crit\u00e8res environnementaux stricts de l&rsquo;Ecolabel europ\u00e9en. Les essuie-mains peuvent \u00eatre recycl\u00e9s et compost\u00e9s apr\u00e8s utilisation si ils ne sont pas tr\u00e8s sales. Certifi\u00e9 contact alimentaire. A utiliser avec le distributeur Tork Xpress FA704 (vendu s\u00e9par\u00e9ment) pour minimiser le gaspillage. Id\u00e9al pour les cuisines, en salle et les sanitaires. .<\/p>\n<p>Caract\u00e9ristiques :<br \/>Lot : 12.<br \/> Dimensions : 229(l) x 241(L)mm.<br \/> Mati\u00e8re : .<br \/> Couleur : Blanc.<\/p>\n","protected":false},"excerpt":{"rendered":"<p>Essuie-mains 1 pli pliage en Z Tork blanc (lot de 12)<\/p>\n","protected":false},"featured_media":93036,"comment_status":"closed","ping_status":"closed","template":"","meta":[],"product_brand":[],"product_cat":[1226,1222,1297,1216],"product_tag":[],"class_list":{"0":"post-71679","1":"product","2":"type-product","3":"status-publish","4":"has-post-thumbnail","6":"product_cat-distributeurs-dessuie-mains","7":"product_cat-hygiene","8":"product_cat-non-palettisable","9":"product_cat-usage-unique-et-entretien","10":"product_shipping_class-free-shipping","12":"first","13":"instock","14":"featured","15":"taxable","16":"shipping-taxable","17":"purchasable","18":"product-type-simple"},"_links":{"self":[{"href":"https:\/\/abinox-chr-clim.com\/index.php\/wp-json\/wp\/v2\/product\/71679","targetHints":{"allow":["GET"]}}],"collection":[{"href":"https:\/\/abinox-chr-clim.com\/index.php\/wp-json\/wp\/v2\/product"}],"about":[{"href":"https:\/\/abinox-chr-clim.com\/index.php\/wp-json\/wp\/v2\/types\/product"}],"replies":[{"embeddable":true,"href":"https:\/\/abinox-chr-clim.com\/index.php\/wp-json\/wp\/v2\/comments?post=71679"}],"wp:featuredmedia":[{"embeddable":true,"href":"https:\/\/abinox-chr-clim.com\/index.php\/wp-json\/wp\/v2\/media\/93036"}],"wp:attachment":[{"href":"https:\/\/abinox-chr-clim.com\/index.php\/wp-json\/wp\/v2\/media?parent=71679"}],"wp:term":[{"taxonomy":"product_brand","embeddable":true,"href":"https:\/\/abinox-chr-clim.com\/index.php\/wp-json\/wp\/v2\/product_brand?post=71679"},{"taxonomy":"product_cat","embeddable":true,"href":"https:\/\/abinox-chr-clim.com\/index.php\/wp-json\/wp\/v2\/product_cat?post=71679"},{"taxonomy":"product_tag","embeddable":true,"href":"https:\/\/abinox-chr-clim.com\/index.php\/wp-json\/wp\/v2\/product_tag?post=71679"}],"curies":[{"name":"wp","href":"https:\/\/api.w.org\/{rel}","templated":true}]}}