{"id":71678,"date":"2024-03-22T23:02:45","date_gmt":"2024-03-22T22:02:45","guid":{"rendered":"https:\/\/abinox-chr-clim.com\/index.php\/product\/essuie-mains-1-pli-pliage-en-z-vert-250-feuilles-jantex-lot-de-12\/"},"modified":"2026-04-13T06:19:35","modified_gmt":"2026-04-13T04:19:35","slug":"essuie-mains-1-pli-pliage-en-z-vert-250-feuilles-jantex-lot-de-12","status":"publish","type":"product","link":"https:\/\/abinox-chr-clim.com\/index.php\/product\/essuie-mains-1-pli-pliage-en-z-vert-250-feuilles-jantex-lot-de-12\/","title":{"rendered":"Essuie-mains 1 pli pliage en Z vert 250 feuilles Jantex (lot de 12)"},"content":{"rendered":"<p>Chaque feuille est pli\u00e9e dans la pr\u00e9c\u00e9dente pour une distribution feuille par feuille. Compatible avec le distributeur Jantex GD839.<br \/>Le lot de 12 x 250 serviettes signifie que chaque achat vous durera encore plus longtemps. La conception 1 pli rend les essuie-mains \u00e9conomiques mais efficaces pour s\u00e9cher les mains. Le pliage en Z signifie qu&rsquo;une seule feuille est distribu\u00e9e \u00e0 la fois pour r\u00e9duire le gaspillage. Ces essuie-mains sont fabriqu\u00e9s \u00e0 partir de papier recycl\u00e9 durable. Les essuie-mains peuvent \u00eatre recycl\u00e9s et compost\u00e9s apr\u00e8s utilisation si ils ne sont pas tr\u00e8s sales. A utiliser avec le distributeur GD839 (vendu s\u00e9par\u00e9ment) pour minimiser le gaspillage. Id\u00e9al pour les cuisines, en salle et les sanitaires.Le lot de 12 x 250 serviettes signifie que chaque achat vous durera encore plus longtemps.<\/p>\n<p>Caract\u00e9ristiques :<br \/>Lot : 3000.<br \/> Dimensions : Pli\u00e9: 242(L) x 85(l)mm. D\u00e9pli\u00e9: 242(L) x 240(l)mm.<br \/> Mati\u00e8re : Papier recycl\u00e9.<br \/> Couleur : Vert.<\/p>\n","protected":false},"excerpt":{"rendered":"<p>Essuie-mains 1 pli pliage en Z vert 250 feuilles Jantex (lot de 12)<\/p>\n","protected":false},"featured_media":93041,"comment_status":"closed","ping_status":"closed","template":"","meta":[],"product_brand":[],"product_cat":[1226,1222,1297,1216],"product_tag":[],"class_list":{"0":"post-71678","1":"product","2":"type-product","3":"status-publish","4":"has-post-thumbnail","6":"product_cat-distributeurs-dessuie-mains","7":"product_cat-hygiene","8":"product_cat-non-palettisable","9":"product_cat-usage-unique-et-entretien","10":"product_shipping_class-free-shipping","12":"first","13":"instock","14":"featured","15":"taxable","16":"shipping-taxable","17":"purchasable","18":"product-type-simple"},"_links":{"self":[{"href":"https:\/\/abinox-chr-clim.com\/index.php\/wp-json\/wp\/v2\/product\/71678","targetHints":{"allow":["GET"]}}],"collection":[{"href":"https:\/\/abinox-chr-clim.com\/index.php\/wp-json\/wp\/v2\/product"}],"about":[{"href":"https:\/\/abinox-chr-clim.com\/index.php\/wp-json\/wp\/v2\/types\/product"}],"replies":[{"embeddable":true,"href":"https:\/\/abinox-chr-clim.com\/index.php\/wp-json\/wp\/v2\/comments?post=71678"}],"wp:featuredmedia":[{"embeddable":true,"href":"https:\/\/abinox-chr-clim.com\/index.php\/wp-json\/wp\/v2\/media\/93041"}],"wp:attachment":[{"href":"https:\/\/abinox-chr-clim.com\/index.php\/wp-json\/wp\/v2\/media?parent=71678"}],"wp:term":[{"taxonomy":"product_brand","embeddable":true,"href":"https:\/\/abinox-chr-clim.com\/index.php\/wp-json\/wp\/v2\/product_brand?post=71678"},{"taxonomy":"product_cat","embeddable":true,"href":"https:\/\/abinox-chr-clim.com\/index.php\/wp-json\/wp\/v2\/product_cat?post=71678"},{"taxonomy":"product_tag","embeddable":true,"href":"https:\/\/abinox-chr-clim.com\/index.php\/wp-json\/wp\/v2\/product_tag?post=71678"}],"curies":[{"name":"wp","href":"https:\/\/api.w.org\/{rel}","templated":true}]}}