{"id":71676,"date":"2024-03-22T23:02:44","date_gmt":"2024-03-22T22:02:44","guid":{"rendered":"https:\/\/abinox-chr-clim.com\/index.php\/product\/bobines-blanches-2-plis-a-devidage-central-jantex-lot-de-6\/"},"modified":"2026-04-13T06:19:33","modified_gmt":"2026-04-13T04:19:33","slug":"bobines-blanches-2-plis-a-devidage-central-jantex-lot-de-6","status":"publish","type":"product","link":"https:\/\/abinox-chr-clim.com\/index.php\/product\/bobines-blanches-2-plis-a-devidage-central-jantex-lot-de-6\/","title":{"rendered":"Bobines blanches 2 plis \u00e0 d\u00e9vidage central Jantex (lot de 6)"},"content":{"rendered":"<p>Bobines de couleurs diff\u00e9rentes &#8211; bleue pour les secteurs alimentaires, blanche pour une utilisation g\u00e9n\u00e9rale. Bobines universelles adapt\u00e9es \u00e0 la plupart des distributeurs.<br \/>Longueur de la bobine 120m. Environ 400 feuilles par bobine. Le mat\u00e9riau 2 plis rend cette bobine blanche r\u00e9sistante et absorbante. Le mandrin en carton est facile \u00e0 retirer. Les bobines peuvent\u00eatre utilis\u00e9es dans un distributeur ou seules. Motif en relief. Les bobines peuvent \u00e9galement \u00eatre recycl\u00e9es et compost\u00e9es apr\u00e8s utilisation si elles ne sont pas sales. Motif en relief pour une plus grande absorption. Les feuilles ne doivent pas \u00eatre jet\u00e9es dans les toilettes. Adapt\u00e9es \u00e0 une utilisation avec le distributeur d&rsquo;essuie-mains \u00e0 d\u00e9vidage central Jantex GD836 (vendu s\u00e9par\u00e9ment). Id\u00e9al pour la restauration, l&rsquo;ing\u00e9nierie et l&rsquo;industrie automobile. Longueur de la bobine 120m.<\/p>\n<p>Caract\u00e9ristiques :<br \/>Lot : 6.<br \/> Dimensions : 180(H) x 180(\u00d8)mm.<br \/> Mati\u00e8re : Papier.<br \/> Couleur : Blanc.<\/p>\n","protected":false},"excerpt":{"rendered":"<p>Bobines blanches 2 plis \u00e0 d\u00e9vidage central Jantex (lot de 6)<\/p>\n","protected":false},"featured_media":93065,"comment_status":"closed","ping_status":"closed","template":"","meta":[],"product_brand":[],"product_cat":[1226,1222,1297,1216],"product_tag":[],"class_list":{"0":"post-71676","1":"product","2":"type-product","3":"status-publish","4":"has-post-thumbnail","6":"product_cat-distributeurs-dessuie-mains","7":"product_cat-hygiene","8":"product_cat-non-palettisable","9":"product_cat-usage-unique-et-entretien","10":"product_shipping_class-free-shipping","12":"first","13":"instock","14":"featured","15":"taxable","16":"shipping-taxable","17":"purchasable","18":"product-type-simple"},"_links":{"self":[{"href":"https:\/\/abinox-chr-clim.com\/index.php\/wp-json\/wp\/v2\/product\/71676","targetHints":{"allow":["GET"]}}],"collection":[{"href":"https:\/\/abinox-chr-clim.com\/index.php\/wp-json\/wp\/v2\/product"}],"about":[{"href":"https:\/\/abinox-chr-clim.com\/index.php\/wp-json\/wp\/v2\/types\/product"}],"replies":[{"embeddable":true,"href":"https:\/\/abinox-chr-clim.com\/index.php\/wp-json\/wp\/v2\/comments?post=71676"}],"wp:featuredmedia":[{"embeddable":true,"href":"https:\/\/abinox-chr-clim.com\/index.php\/wp-json\/wp\/v2\/media\/93065"}],"wp:attachment":[{"href":"https:\/\/abinox-chr-clim.com\/index.php\/wp-json\/wp\/v2\/media?parent=71676"}],"wp:term":[{"taxonomy":"product_brand","embeddable":true,"href":"https:\/\/abinox-chr-clim.com\/index.php\/wp-json\/wp\/v2\/product_brand?post=71676"},{"taxonomy":"product_cat","embeddable":true,"href":"https:\/\/abinox-chr-clim.com\/index.php\/wp-json\/wp\/v2\/product_cat?post=71676"},{"taxonomy":"product_tag","embeddable":true,"href":"https:\/\/abinox-chr-clim.com\/index.php\/wp-json\/wp\/v2\/product_tag?post=71676"}],"curies":[{"name":"wp","href":"https:\/\/api.w.org\/{rel}","templated":true}]}}