{"id":71675,"date":"2024-03-22T23:02:44","date_gmt":"2024-03-22T22:02:44","guid":{"rendered":"https:\/\/abinox-chr-clim.com\/index.php\/product\/rouleaux-papier-toilette-jantex-jumbo-lot-de-6\/"},"modified":"2026-04-13T06:19:32","modified_gmt":"2026-04-13T04:19:32","slug":"rouleaux-papier-toilette-jantex-jumbo-lot-de-6","status":"publish","type":"product","link":"https:\/\/abinox-chr-clim.com\/index.php\/product\/rouleaux-papier-toilette-jantex-jumbo-lot-de-6\/","title":{"rendered":"Rouleaux papier toilette Jantex Jumbo (lot de 6)"},"content":{"rendered":"<p>Rouleau de papier toilette r\u00e9sistant 2 plis avec mandrin de 59mm.<br \/>Environ 833 feuilles par rouleau. Le mat\u00e9riau 2 plis rend ce papier toilette solide et absorbant. La construction de haute qualit\u00e9 offre un grand confort \u00e0 un prix avantageux. Les perforations entre les feuilles permettent aux clients de n&rsquo;utiliser que la quantit\u00e9 requise. Le mat\u00e9riau en papier recycl\u00e9 rend ces rouleaux plus respectueux des ressources limit\u00e9es de la plan\u00e8te. Les rouleaux vides peuvent \u00e9galement \u00eatre recycl\u00e9s et compost\u00e9s apr\u00e8s utilisation s&rsquo;ils sont propres. Accr\u00e9ditation CHSA. Rouleau grand format, \u00e9vite les remplacements fr\u00e9quents. Mandrin : 60(\u00d8)mm. Longueur du rouleau 300m. Convient pour une utilisation avec le distributeur de papier toilette jumbo GD837 Jantex (vendu s\u00e9par\u00e9ment). Environ 833 feuilles par rouleau.<\/p>\n<p>Caract\u00e9ristiques :<br \/>Lot : 6.<br \/> Dimensions : 86(L) x 240(\u00d8)mm.<br \/> Mati\u00e8re : Papier recycl\u00e9.<br \/> Couleur : Blanc.<\/p>\n","protected":false},"excerpt":{"rendered":"<p>Rouleaux papier toilette Jantex Jumbo (lot de 6)<\/p>\n","protected":false},"featured_media":93069,"comment_status":"closed","ping_status":"closed","template":"","meta":[],"product_brand":[],"product_cat":[1226,1222,1297,1216],"product_tag":[],"class_list":{"0":"post-71675","1":"product","2":"type-product","3":"status-publish","4":"has-post-thumbnail","6":"product_cat-distributeurs-dessuie-mains","7":"product_cat-hygiene","8":"product_cat-non-palettisable","9":"product_cat-usage-unique-et-entretien","10":"product_shipping_class-free-shipping","12":"first","13":"instock","14":"featured","15":"taxable","16":"shipping-taxable","17":"purchasable","18":"product-type-simple"},"_links":{"self":[{"href":"https:\/\/abinox-chr-clim.com\/index.php\/wp-json\/wp\/v2\/product\/71675","targetHints":{"allow":["GET"]}}],"collection":[{"href":"https:\/\/abinox-chr-clim.com\/index.php\/wp-json\/wp\/v2\/product"}],"about":[{"href":"https:\/\/abinox-chr-clim.com\/index.php\/wp-json\/wp\/v2\/types\/product"}],"replies":[{"embeddable":true,"href":"https:\/\/abinox-chr-clim.com\/index.php\/wp-json\/wp\/v2\/comments?post=71675"}],"wp:featuredmedia":[{"embeddable":true,"href":"https:\/\/abinox-chr-clim.com\/index.php\/wp-json\/wp\/v2\/media\/93069"}],"wp:attachment":[{"href":"https:\/\/abinox-chr-clim.com\/index.php\/wp-json\/wp\/v2\/media?parent=71675"}],"wp:term":[{"taxonomy":"product_brand","embeddable":true,"href":"https:\/\/abinox-chr-clim.com\/index.php\/wp-json\/wp\/v2\/product_brand?post=71675"},{"taxonomy":"product_cat","embeddable":true,"href":"https:\/\/abinox-chr-clim.com\/index.php\/wp-json\/wp\/v2\/product_cat?post=71675"},{"taxonomy":"product_tag","embeddable":true,"href":"https:\/\/abinox-chr-clim.com\/index.php\/wp-json\/wp\/v2\/product_tag?post=71675"}],"curies":[{"name":"wp","href":"https:\/\/api.w.org\/{rel}","templated":true}]}}