{"id":71674,"date":"2024-03-22T23:02:43","date_gmt":"2024-03-22T22:02:43","guid":{"rendered":"https:\/\/abinox-chr-clim.com\/index.php\/product\/rouleaux-de-papier-toilette-2-plis-mini-jumbo-jantex-150m-lot-de-12\/"},"modified":"2026-04-13T06:19:31","modified_gmt":"2026-04-13T04:19:31","slug":"rouleaux-de-papier-toilette-2-plis-mini-jumbo-jantex-150m-lot-de-12","status":"publish","type":"product","link":"https:\/\/abinox-chr-clim.com\/index.php\/product\/rouleaux-de-papier-toilette-2-plis-mini-jumbo-jantex-150m-lot-de-12\/","title":{"rendered":"Rouleaux de papier toilette 2 plis mini Jumbo Jantex 150m (lot de 12)"},"content":{"rendered":"<p>Rouleau de papier toilette r\u00e9sistant 2 plis avec mandrin de 59mm.<br \/>Diam\u00e8tre mandrin : 60(\u00d8)mm. Longueur du rouleau 150m.Environ 416 feuilles par rouleau. Le mat\u00e9riau 2 plis rend ce papier hygi\u00e9nique solide et absorbant. S&rsquo;utilise avec le distributeur mini jumbo (GD838). Les feuilles pr\u00e9d\u00e9coup\u00e9es permettent de r\u00e9duire le gaspillage. Le papier recycl\u00e9 rend ces rouleaux plus respectueux des ressources limit\u00e9es de la plan\u00e8te. Les mandrins vides peuvent \u00e9galement \u00eatre recycl\u00e9s et compost\u00e9s apr\u00e8s utilisation s&rsquo;ils sont propres. Ces rouleaux compacts \u00e9conomisent un espace de stockage pr\u00e9cieux. S&rsquo;utilise avec le distributeur de papier toilette mini jumbo Jantex GD838 (vendu s\u00e9par\u00e9ment). Diam\u00e8tre mandrin : 60(\u00d8)mm.<\/p>\n<p>Caract\u00e9ristiques :<br \/>Lot : 12.<br \/> Dimensions : 86(La)mm x 150(Lo)m.<br \/> Mati\u00e8re : Papier recycl\u00e9.<br \/> Couleur : Blanc.<\/p>\n","protected":false},"excerpt":{"rendered":"<p>Rouleaux de papier toilette 2 plis mini Jumbo Jantex 150m (lot de 12)<\/p>\n","protected":false},"featured_media":93074,"comment_status":"closed","ping_status":"closed","template":"","meta":[],"product_brand":[],"product_cat":[1226,1222,1297,1216],"product_tag":[],"class_list":{"0":"post-71674","1":"product","2":"type-product","3":"status-publish","4":"has-post-thumbnail","6":"product_cat-distributeurs-dessuie-mains","7":"product_cat-hygiene","8":"product_cat-non-palettisable","9":"product_cat-usage-unique-et-entretien","10":"product_shipping_class-free-shipping","12":"first","13":"instock","14":"featured","15":"taxable","16":"shipping-taxable","17":"purchasable","18":"product-type-simple"},"_links":{"self":[{"href":"https:\/\/abinox-chr-clim.com\/index.php\/wp-json\/wp\/v2\/product\/71674","targetHints":{"allow":["GET"]}}],"collection":[{"href":"https:\/\/abinox-chr-clim.com\/index.php\/wp-json\/wp\/v2\/product"}],"about":[{"href":"https:\/\/abinox-chr-clim.com\/index.php\/wp-json\/wp\/v2\/types\/product"}],"replies":[{"embeddable":true,"href":"https:\/\/abinox-chr-clim.com\/index.php\/wp-json\/wp\/v2\/comments?post=71674"}],"wp:featuredmedia":[{"embeddable":true,"href":"https:\/\/abinox-chr-clim.com\/index.php\/wp-json\/wp\/v2\/media\/93074"}],"wp:attachment":[{"href":"https:\/\/abinox-chr-clim.com\/index.php\/wp-json\/wp\/v2\/media?parent=71674"}],"wp:term":[{"taxonomy":"product_brand","embeddable":true,"href":"https:\/\/abinox-chr-clim.com\/index.php\/wp-json\/wp\/v2\/product_brand?post=71674"},{"taxonomy":"product_cat","embeddable":true,"href":"https:\/\/abinox-chr-clim.com\/index.php\/wp-json\/wp\/v2\/product_cat?post=71674"},{"taxonomy":"product_tag","embeddable":true,"href":"https:\/\/abinox-chr-clim.com\/index.php\/wp-json\/wp\/v2\/product_tag?post=71674"}],"curies":[{"name":"wp","href":"https:\/\/api.w.org\/{rel}","templated":true}]}}