{"id":71673,"date":"2024-03-22T23:02:43","date_gmt":"2024-03-22T22:02:43","guid":{"rendered":"https:\/\/abinox-chr-clim.com\/index.php\/product\/distributeur-portable-avec-systeme-a-devidage-central-tork-reflex\/"},"modified":"2026-04-13T07:40:00","modified_gmt":"2026-04-13T05:40:00","slug":"distributeur-portable-avec-systeme-a-devidage-central-tork-reflex","status":"publish","type":"product","link":"https:\/\/abinox-chr-clim.com\/index.php\/product\/distributeur-portable-avec-systeme-a-devidage-central-tork-reflex\/","title":{"rendered":"Distributeur portable avec syst\u00e8me \u00e0 d\u00e9vidage central Tork Reflex"},"content":{"rendered":"<p>Distributeur portable avec poign\u00e9e robuste pour l&rsquo;accrocher facilement aux chariots de nettoyage. La distribution feuille \u00e0 feuille r\u00e9duit la consommation de 37 %. Comprend une bobine bleue.<br \/>Garantit une distribution feuille \u00e0 feuille pour r\u00e9duire la consommation de papier de 37%. La distribution feuille par feuille pr\u00e9serve \u00e9galement les rouleaux de toute contamination. La conception enti\u00e8rement ferm\u00e9e prot\u00e8ge les bobines des \u00e9claboussures et de la salet\u00e9. La conception portable permet d&rsquo;essuyer et de s\u00e9cher partout. La grande poign\u00e9e permet un transport facile. La poign\u00e9e permet \u00e9galement de fixer le distributeur sur un chariot de nettoyage. La construction en plastique robuste conf\u00e8re au distributeur une grande durabilit\u00e9. La mati\u00e8re plastique rend \u00e9galement le distributeur simple \u00e0 nettoyer. Avec indicateur de fin de rouleau pour ne jamais \u00eatre \u00e0 court de papier. Convient aux rouleaux \u00e0 d\u00e9vidage central Tork Y040 (vendus s\u00e9par\u00e9ment). Garantit une distribution feuille \u00e0 feuille pour r\u00e9duire la consommation de papier de 37%.<\/p>\n<p>Caract\u00e9ristiques :<br \/> Dimensions : 222(H) x 278(L) x 236(P)mm.<br \/> Mati\u00e8re : Plastique.<br \/> Couleur : Blanc et turquoise.<\/p>\n","protected":false},"excerpt":{"rendered":"<p>Distributeur portable avec syst\u00e8me \u00e0 d\u00e9vidage central Tork Reflex<\/p>\n","protected":false},"featured_media":90657,"comment_status":"closed","ping_status":"closed","template":"","meta":[],"product_brand":[],"product_cat":[1226,1222,1297,1216],"product_tag":[],"class_list":{"0":"post-71673","1":"product","2":"type-product","3":"status-publish","4":"has-post-thumbnail","6":"product_cat-distributeurs-dessuie-mains","7":"product_cat-hygiene","8":"product_cat-non-palettisable","9":"product_cat-usage-unique-et-entretien","10":"product_shipping_class-free-shipping","12":"first","13":"instock","14":"featured","15":"taxable","16":"shipping-taxable","17":"purchasable","18":"product-type-simple"},"_links":{"self":[{"href":"https:\/\/abinox-chr-clim.com\/index.php\/wp-json\/wp\/v2\/product\/71673","targetHints":{"allow":["GET"]}}],"collection":[{"href":"https:\/\/abinox-chr-clim.com\/index.php\/wp-json\/wp\/v2\/product"}],"about":[{"href":"https:\/\/abinox-chr-clim.com\/index.php\/wp-json\/wp\/v2\/types\/product"}],"replies":[{"embeddable":true,"href":"https:\/\/abinox-chr-clim.com\/index.php\/wp-json\/wp\/v2\/comments?post=71673"}],"wp:featuredmedia":[{"embeddable":true,"href":"https:\/\/abinox-chr-clim.com\/index.php\/wp-json\/wp\/v2\/media\/90657"}],"wp:attachment":[{"href":"https:\/\/abinox-chr-clim.com\/index.php\/wp-json\/wp\/v2\/media?parent=71673"}],"wp:term":[{"taxonomy":"product_brand","embeddable":true,"href":"https:\/\/abinox-chr-clim.com\/index.php\/wp-json\/wp\/v2\/product_brand?post=71673"},{"taxonomy":"product_cat","embeddable":true,"href":"https:\/\/abinox-chr-clim.com\/index.php\/wp-json\/wp\/v2\/product_cat?post=71673"},{"taxonomy":"product_tag","embeddable":true,"href":"https:\/\/abinox-chr-clim.com\/index.php\/wp-json\/wp\/v2\/product_tag?post=71673"}],"curies":[{"name":"wp","href":"https:\/\/api.w.org\/{rel}","templated":true}]}}