{"id":71672,"date":"2024-03-22T23:02:42","date_gmt":"2024-03-22T22:02:42","guid":{"rendered":"https:\/\/abinox-chr-clim.com\/index.php\/product\/distributeur-mini-pour-essuie-mains-interfolies-tork-blanc\/"},"modified":"2026-04-13T07:08:36","modified_gmt":"2026-04-13T05:08:36","slug":"distributeur-mini-pour-essuie-mains-interfolies-tork-blanc","status":"publish","type":"product","link":"https:\/\/abinox-chr-clim.com\/index.php\/product\/distributeur-mini-pour-essuie-mains-interfolies-tork-blanc\/","title":{"rendered":"Distributeur mini pour essuie-mains interfoli\u00e9s Tork blanc"},"content":{"rendered":"<p>Distribution feuille par feuille pour une ma\u00eetrise de la consommation. Design compact pour espaces restreints. Les recharges interfoli\u00e9es garantissent une bonne distribution. Distribution feuille par feuille pour une ma\u00eetrise de la consommation.<\/p>\n<p>Caract\u00e9ristiques :<br \/> Dimensions : 295(H) x 302(L) x 101(P)mm.<br \/> Mati\u00e8re : Plastique<\/p>\n","protected":false},"excerpt":{"rendered":"<p>Distributeur mini pour essuie-mains interfoli\u00e9s Tork blanc<\/p>\n","protected":false},"featured_media":87411,"comment_status":"closed","ping_status":"closed","template":"","meta":[],"product_brand":[],"product_cat":[1226,1222,1297,1216],"product_tag":[],"class_list":{"0":"post-71672","1":"product","2":"type-product","3":"status-publish","4":"has-post-thumbnail","6":"product_cat-distributeurs-dessuie-mains","7":"product_cat-hygiene","8":"product_cat-non-palettisable","9":"product_cat-usage-unique-et-entretien","10":"product_shipping_class-free-shipping","12":"first","13":"instock","14":"featured","15":"taxable","16":"shipping-taxable","17":"purchasable","18":"product-type-simple"},"_links":{"self":[{"href":"https:\/\/abinox-chr-clim.com\/index.php\/wp-json\/wp\/v2\/product\/71672","targetHints":{"allow":["GET"]}}],"collection":[{"href":"https:\/\/abinox-chr-clim.com\/index.php\/wp-json\/wp\/v2\/product"}],"about":[{"href":"https:\/\/abinox-chr-clim.com\/index.php\/wp-json\/wp\/v2\/types\/product"}],"replies":[{"embeddable":true,"href":"https:\/\/abinox-chr-clim.com\/index.php\/wp-json\/wp\/v2\/comments?post=71672"}],"wp:featuredmedia":[{"embeddable":true,"href":"https:\/\/abinox-chr-clim.com\/index.php\/wp-json\/wp\/v2\/media\/87411"}],"wp:attachment":[{"href":"https:\/\/abinox-chr-clim.com\/index.php\/wp-json\/wp\/v2\/media?parent=71672"}],"wp:term":[{"taxonomy":"product_brand","embeddable":true,"href":"https:\/\/abinox-chr-clim.com\/index.php\/wp-json\/wp\/v2\/product_brand?post=71672"},{"taxonomy":"product_cat","embeddable":true,"href":"https:\/\/abinox-chr-clim.com\/index.php\/wp-json\/wp\/v2\/product_cat?post=71672"},{"taxonomy":"product_tag","embeddable":true,"href":"https:\/\/abinox-chr-clim.com\/index.php\/wp-json\/wp\/v2\/product_tag?post=71672"}],"curies":[{"name":"wp","href":"https:\/\/api.w.org\/{rel}","templated":true}]}}