{"id":71671,"date":"2024-03-22T23:02:42","date_gmt":"2024-03-22T22:02:42","guid":{"rendered":"https:\/\/abinox-chr-clim.com\/index.php\/product\/distributeur-a-devidage-central-tork-reflex-blanc\/"},"modified":"2026-04-13T07:08:35","modified_gmt":"2026-04-13T05:08:35","slug":"distributeur-a-devidage-central-tork-reflex-blanc","status":"publish","type":"product","link":"https:\/\/abinox-chr-clim.com\/index.php\/product\/distributeur-a-devidage-central-tork-reflex-blanc\/","title":{"rendered":"Distributeur \u00e0 d\u00e9vidage central Tork Reflex blanc"},"content":{"rendered":"<p>Distribution feuille \u00e0 feuille r\u00e9duisant la consommation de 37%. Le distributeur prot\u00e8ge la bobine de la contamination crois\u00e9e et de la d\u00e9t\u00e9rioration.<br \/>Distribution feuille \u00e0 feuille r\u00e9duisant la consommation de 37% par rapport \u00e0 une alimentation centrale standard. Bobine prot\u00e9g\u00e9e \u00e0 l&rsquo;int\u00e9rieur du distributeur pour \u00e9liminer la contamination crois\u00e9e et la d\u00e9t\u00e9rioration. Permet d&rsquo;\u00eatre en meilleure conformit\u00e9 avec les r\u00e8gles d&rsquo;hygi\u00e8ne. Bobines emball\u00e9es individuellement pour une protection contre la contamination lors du stockage. Bobines vendues s\u00e9par\u00e9ment. Compatible avec les bobines Tork Reflex (Y040).  Distribution feuille \u00e0 feuille r\u00e9duisant la consommation de 37% par rapport \u00e0 une alimentation centrale standard.<\/p>\n<p>Caract\u00e9ristiques :<br \/> Dimensions : 310(H) x 252(L) x 240(P)mm.<br \/> Mati\u00e8re : Plastique.<br \/> Couleur : Bleu.<\/p>\n","protected":false},"excerpt":{"rendered":"<p>Distributeur \u00e0 d\u00e9vidage central Tork Reflex blanc<\/p>\n","protected":false},"featured_media":87415,"comment_status":"closed","ping_status":"closed","template":"","meta":[],"product_brand":[],"product_cat":[1226,1222,1297,1216],"product_tag":[],"class_list":{"0":"post-71671","1":"product","2":"type-product","3":"status-publish","4":"has-post-thumbnail","6":"product_cat-distributeurs-dessuie-mains","7":"product_cat-hygiene","8":"product_cat-non-palettisable","9":"product_cat-usage-unique-et-entretien","10":"product_shipping_class-free-shipping","12":"first","13":"instock","14":"featured","15":"taxable","16":"shipping-taxable","17":"purchasable","18":"product-type-simple"},"_links":{"self":[{"href":"https:\/\/abinox-chr-clim.com\/index.php\/wp-json\/wp\/v2\/product\/71671","targetHints":{"allow":["GET"]}}],"collection":[{"href":"https:\/\/abinox-chr-clim.com\/index.php\/wp-json\/wp\/v2\/product"}],"about":[{"href":"https:\/\/abinox-chr-clim.com\/index.php\/wp-json\/wp\/v2\/types\/product"}],"replies":[{"embeddable":true,"href":"https:\/\/abinox-chr-clim.com\/index.php\/wp-json\/wp\/v2\/comments?post=71671"}],"wp:featuredmedia":[{"embeddable":true,"href":"https:\/\/abinox-chr-clim.com\/index.php\/wp-json\/wp\/v2\/media\/87415"}],"wp:attachment":[{"href":"https:\/\/abinox-chr-clim.com\/index.php\/wp-json\/wp\/v2\/media?parent=71671"}],"wp:term":[{"taxonomy":"product_brand","embeddable":true,"href":"https:\/\/abinox-chr-clim.com\/index.php\/wp-json\/wp\/v2\/product_brand?post=71671"},{"taxonomy":"product_cat","embeddable":true,"href":"https:\/\/abinox-chr-clim.com\/index.php\/wp-json\/wp\/v2\/product_cat?post=71671"},{"taxonomy":"product_tag","embeddable":true,"href":"https:\/\/abinox-chr-clim.com\/index.php\/wp-json\/wp\/v2\/product_tag?post=71671"}],"curies":[{"name":"wp","href":"https:\/\/api.w.org\/{rel}","templated":true}]}}