{"id":71670,"date":"2024-03-22T23:02:42","date_gmt":"2024-03-22T22:02:42","guid":{"rendered":"https:\/\/abinox-chr-clim.com\/index.php\/product\/essuie-tout-regina-thirst-pockets-100-feuilles-x6\/"},"modified":"2026-04-13T07:18:59","modified_gmt":"2026-04-13T05:18:59","slug":"essuie-tout-regina-thirst-pockets-100-feuilles-x6","status":"publish","type":"product","link":"https:\/\/abinox-chr-clim.com\/index.php\/product\/essuie-tout-regina-thirst-pockets-100-feuilles-x6\/","title":{"rendered":"Essuie-tout Regina Thirst pockets 100 feuilles (x6)"},"content":{"rendered":"<p>Feuilles extra-larges double \u00e9paisseur. Absorbe l&rsquo;humidit\u00e9 efficacement pour un nettoyage rapide et complet. 100 feuilles par rouleau.<br \/>Le mat\u00e9riau 2 plis rend ce rouleau de cuisine r\u00e9sistant et absorbant. La technologie unique retient l&rsquo;humidit\u00e9 pour un nettoyage efficace avec moins de feuilles. Fabriqu\u00e9es \u00e0 partir de papier provenant de sources durables pour am\u00e9liorer vos pratiques \u00e9cologiques. Les feuilles peuvent \u00e9galement \u00eatre recycl\u00e9es et compost\u00e9es apr\u00e8s utilisation si elles ne sont pas tr\u00e8s sales. La longueur du rouleau de 22,9 m garantit une utilisation durable. Les feuilles extra-larges permettent de prolonger la dur\u00e9e de vie de chaque rouleau. Environ 100 feuilles par rouleau. Id\u00e9al pour les cuisines commerciales et domestiques.Le mat\u00e9riau 2 plis rend ce rouleau de cuisine r\u00e9sistant et absorbant.<\/p>\n<p>Caract\u00e9ristiques :<br \/>Lot : 6.<br \/> Dimensions : 255(H) mm.<br \/> Mati\u00e8re : .<br \/> Couleur : Blanc.<\/p>\n","protected":false},"excerpt":{"rendered":"<p>Essuie-tout Regina Thirst pockets 100 feuilles (x6)<\/p>\n","protected":false},"featured_media":86170,"comment_status":"closed","ping_status":"closed","template":"","meta":[],"product_brand":[],"product_cat":[1226,1222,1297,1216],"product_tag":[],"class_list":{"0":"post-71670","1":"product","2":"type-product","3":"status-publish","4":"has-post-thumbnail","6":"product_cat-distributeurs-dessuie-mains","7":"product_cat-hygiene","8":"product_cat-non-palettisable","9":"product_cat-usage-unique-et-entretien","10":"product_shipping_class-free-shipping","12":"first","13":"instock","14":"featured","15":"taxable","16":"shipping-taxable","17":"purchasable","18":"product-type-simple"},"_links":{"self":[{"href":"https:\/\/abinox-chr-clim.com\/index.php\/wp-json\/wp\/v2\/product\/71670","targetHints":{"allow":["GET"]}}],"collection":[{"href":"https:\/\/abinox-chr-clim.com\/index.php\/wp-json\/wp\/v2\/product"}],"about":[{"href":"https:\/\/abinox-chr-clim.com\/index.php\/wp-json\/wp\/v2\/types\/product"}],"replies":[{"embeddable":true,"href":"https:\/\/abinox-chr-clim.com\/index.php\/wp-json\/wp\/v2\/comments?post=71670"}],"wp:featuredmedia":[{"embeddable":true,"href":"https:\/\/abinox-chr-clim.com\/index.php\/wp-json\/wp\/v2\/media\/86170"}],"wp:attachment":[{"href":"https:\/\/abinox-chr-clim.com\/index.php\/wp-json\/wp\/v2\/media?parent=71670"}],"wp:term":[{"taxonomy":"product_brand","embeddable":true,"href":"https:\/\/abinox-chr-clim.com\/index.php\/wp-json\/wp\/v2\/product_brand?post=71670"},{"taxonomy":"product_cat","embeddable":true,"href":"https:\/\/abinox-chr-clim.com\/index.php\/wp-json\/wp\/v2\/product_cat?post=71670"},{"taxonomy":"product_tag","embeddable":true,"href":"https:\/\/abinox-chr-clim.com\/index.php\/wp-json\/wp\/v2\/product_tag?post=71670"}],"curies":[{"name":"wp","href":"https:\/\/api.w.org\/{rel}","templated":true}]}}