{"id":71667,"date":"2024-03-22T23:02:41","date_gmt":"2024-03-22T22:02:41","guid":{"rendered":"https:\/\/abinox-chr-clim.com\/index.php\/product\/essuie-mains-2-plis-pliage-en-c-160-feuilles-blanc-jantex-lot-de-2355\/"},"modified":"2026-04-13T06:14:34","modified_gmt":"2026-04-13T04:14:34","slug":"essuie-mains-2-plis-pliage-en-c-160-feuilles-blanc-jantex-lot-de-2355","status":"publish","type":"product","link":"https:\/\/abinox-chr-clim.com\/index.php\/product\/essuie-mains-2-plis-pliage-en-c-160-feuilles-blanc-jantex-lot-de-2355\/","title":{"rendered":"Essuie-mains 2 plis pliage en C 160 feuilles blanc Jantex (Lot de 2355)"},"content":{"rendered":"<p>Chaque feuille est pli\u00e9e dans la pr\u00e9c\u00e9dente pour une distribution feuille par feuille. Compatible avec le distributeur Jantex GD839.<br \/>Environ 160 feuilles par paquet. Le produit actuel peut avoir une taille d&#8217;emballage diff\u00e9rente, mais le nombre total de serviettes fournies reste le m\u00eame.La qualit\u00e9 2 plis rend les feuilles plus r\u00e9sistantes et absorbantes. Pliage en C. Les essuie-mains peuvent \u00eatre recycl\u00e9s et compost\u00e9s apr\u00e8s utilisation si ils ne sont pas tr\u00e8s sales. Le mat\u00e9riau recycl\u00e9 rend ces rouleaux plus respectueux des ressources limit\u00e9es de la Terre. Conforme aux normes d&rsquo;hygi\u00e8ne. A utiliser avec le distributeur GD839 (vendu s\u00e9par\u00e9ment) pour minimiser le gaspillage. Id\u00e9al pour les cuisines, en salle et sanitaires. Dimensions d\u00e9pli\u00e9 : 310(L)mm x 230(P)mm. Dimensions pli\u00e9 : 230(L)mm x 90(P)mm &#8211; Dimensions d&rsquo;un paquet : 95(H) x 230(L) x 90(P)mm. Environ 160 feuilles par paquet. Le produit actuel peut avoir une taille d&#8217;emballage diff\u00e9rente, mais le nombre total de serviettes fournies reste le m\u00eame. .<br \/> Caract\u00e9ristiques :<br \/>Lot : 2355.<br \/> Capacit\u00e9 : 2400 feuilles.<br \/> Mati\u00e8re : Papier.<br \/> Couleur : Blanc.<\/p>\n","protected":false},"excerpt":{"rendered":"<p>Essuie-mains 2 plis pliage en C 160 feuilles blanc Jantex (Lot de 2355)<\/p>\n","protected":false},"featured_media":83012,"comment_status":"closed","ping_status":"closed","template":"","meta":[],"product_brand":[],"product_cat":[1226,1222,1297,1216],"product_tag":[],"class_list":{"0":"post-71667","1":"product","2":"type-product","3":"status-publish","4":"has-post-thumbnail","6":"product_cat-distributeurs-dessuie-mains","7":"product_cat-hygiene","8":"product_cat-non-palettisable","9":"product_cat-usage-unique-et-entretien","10":"product_shipping_class-free-shipping","12":"first","13":"instock","14":"featured","15":"taxable","16":"shipping-taxable","17":"purchasable","18":"product-type-simple"},"_links":{"self":[{"href":"https:\/\/abinox-chr-clim.com\/index.php\/wp-json\/wp\/v2\/product\/71667","targetHints":{"allow":["GET"]}}],"collection":[{"href":"https:\/\/abinox-chr-clim.com\/index.php\/wp-json\/wp\/v2\/product"}],"about":[{"href":"https:\/\/abinox-chr-clim.com\/index.php\/wp-json\/wp\/v2\/types\/product"}],"replies":[{"embeddable":true,"href":"https:\/\/abinox-chr-clim.com\/index.php\/wp-json\/wp\/v2\/comments?post=71667"}],"wp:featuredmedia":[{"embeddable":true,"href":"https:\/\/abinox-chr-clim.com\/index.php\/wp-json\/wp\/v2\/media\/83012"}],"wp:attachment":[{"href":"https:\/\/abinox-chr-clim.com\/index.php\/wp-json\/wp\/v2\/media?parent=71667"}],"wp:term":[{"taxonomy":"product_brand","embeddable":true,"href":"https:\/\/abinox-chr-clim.com\/index.php\/wp-json\/wp\/v2\/product_brand?post=71667"},{"taxonomy":"product_cat","embeddable":true,"href":"https:\/\/abinox-chr-clim.com\/index.php\/wp-json\/wp\/v2\/product_cat?post=71667"},{"taxonomy":"product_tag","embeddable":true,"href":"https:\/\/abinox-chr-clim.com\/index.php\/wp-json\/wp\/v2\/product_tag?post=71667"}],"curies":[{"name":"wp","href":"https:\/\/api.w.org\/{rel}","templated":true}]}}