{"id":71666,"date":"2024-03-22T23:02:40","date_gmt":"2024-03-22T22:02:40","guid":{"rendered":"https:\/\/abinox-chr-clim.com\/index.php\/product\/seche-mains-t-series-2100\/"},"modified":"2025-09-17T08:36:36","modified_gmt":"2025-09-17T06:36:36","slug":"seche-mains-t-series-2100","status":"publish","type":"product","link":"https:\/\/abinox-chr-clim.com\/index.php\/product\/seche-mains-t-series-2100\/","title":{"rendered":"S\u00e8che-mains T-series 2100"},"content":{"rendered":"<p>S\u00e8che-mains silencieux fonctionnant par capteur automatique. Facile \u00e0 entretenir et \u00e0 installer. Capot en ABS robuste.<br \/>S\u00e8che-mains silencieux fonctionnant par capteur automatique. Temps de s\u00e9chage : environ 20 secondes. Voyants on \/ off. Facile \u00e0 entretenir et \u00e0 installer. Certifi\u00e9 CE.  R\u00e9f\u00e9rence soumise \u00e0 une Eco-participation DEEE de 0,10\u20ac par unit\u00e9 vendue. S\u00e8che-mains silencieux fonctionnant par capteur automatique.<\/p>\n<p>Caract\u00e9ristiques :<br \/> Dimensions : 260(H)x 220(L)x 190(P)mm.<br \/> Mati\u00e8re : Plastique ABS.<br \/> Vitesse : 5200 tr\/mn.<br \/> Couleur : Blanc.<\/p>\n","protected":false},"excerpt":{"rendered":"<p>S\u00e8che-mains T-series 2100<\/p>\n","protected":false},"featured_media":82041,"comment_status":"closed","ping_status":"closed","template":"","meta":[],"product_brand":[],"product_cat":[1226,1222,1297,1216],"product_tag":[],"class_list":{"0":"post-71666","1":"product","2":"type-product","3":"status-publish","4":"has-post-thumbnail","6":"product_cat-distributeurs-dessuie-mains","7":"product_cat-hygiene","8":"product_cat-non-palettisable","9":"product_cat-usage-unique-et-entretien","10":"product_shipping_class-free-shipping","12":"first","13":"outofstock","14":"featured","15":"taxable","16":"shipping-taxable","17":"purchasable","18":"product-type-simple"},"_links":{"self":[{"href":"https:\/\/abinox-chr-clim.com\/index.php\/wp-json\/wp\/v2\/product\/71666","targetHints":{"allow":["GET"]}}],"collection":[{"href":"https:\/\/abinox-chr-clim.com\/index.php\/wp-json\/wp\/v2\/product"}],"about":[{"href":"https:\/\/abinox-chr-clim.com\/index.php\/wp-json\/wp\/v2\/types\/product"}],"replies":[{"embeddable":true,"href":"https:\/\/abinox-chr-clim.com\/index.php\/wp-json\/wp\/v2\/comments?post=71666"}],"wp:featuredmedia":[{"embeddable":true,"href":"https:\/\/abinox-chr-clim.com\/index.php\/wp-json\/wp\/v2\/media\/82041"}],"wp:attachment":[{"href":"https:\/\/abinox-chr-clim.com\/index.php\/wp-json\/wp\/v2\/media?parent=71666"}],"wp:term":[{"taxonomy":"product_brand","embeddable":true,"href":"https:\/\/abinox-chr-clim.com\/index.php\/wp-json\/wp\/v2\/product_brand?post=71666"},{"taxonomy":"product_cat","embeddable":true,"href":"https:\/\/abinox-chr-clim.com\/index.php\/wp-json\/wp\/v2\/product_cat?post=71666"},{"taxonomy":"product_tag","embeddable":true,"href":"https:\/\/abinox-chr-clim.com\/index.php\/wp-json\/wp\/v2\/product_tag?post=71666"}],"curies":[{"name":"wp","href":"https:\/\/api.w.org\/{rel}","templated":true}]}}