{"id":71665,"date":"2024-03-22T23:02:40","date_gmt":"2024-03-22T22:02:40","guid":{"rendered":"https:\/\/abinox-chr-clim.com\/index.php\/product\/distributeur-de-sacs-hygieniques-chrome\/"},"modified":"2026-04-13T06:08:52","modified_gmt":"2026-04-13T04:08:52","slug":"distributeur-de-sacs-hygieniques-chrome","status":"publish","type":"product","link":"https:\/\/abinox-chr-clim.com\/index.php\/product\/distributeur-de-sacs-hygieniques-chrome\/","title":{"rendered":"Distributeur de sacs hygi\u00e9niques chrom\u00e9"},"content":{"rendered":"<p>M\u00e9thode hygi\u00e9nique, discr\u00e8te et pratique d&rsquo;\u00e9limination des d\u00e9chets sanitaires. Facile \u00e0 installer avec un adh\u00e9sif double-face. Fixation murale possible. Sacs vendus s\u00e9par\u00e9ment (lot de 48 bo\u00eetes de 25 sacs).<br \/>Facile \u00e0 installer avec adh\u00e9sif double face. Fixable au mur. Facile \u00e0 installer avec adh\u00e9sif double face.<\/p>\n<p>Caract\u00e9ristiques :<br \/> Dimensions : 136(H) x 98(L) x 25(P) mm.<br \/> Mati\u00e8re : Inox.<br \/> Couleur : Argent.<\/p>\n","protected":false},"excerpt":{"rendered":"<p>Distributeur de sacs hygi\u00e9niques chrom\u00e9<\/p>\n","protected":false},"featured_media":80279,"comment_status":"closed","ping_status":"closed","template":"","meta":[],"product_brand":[],"product_cat":[1226,1222,1297,1216],"product_tag":[],"class_list":{"0":"post-71665","1":"product","2":"type-product","3":"status-publish","4":"has-post-thumbnail","6":"product_cat-distributeurs-dessuie-mains","7":"product_cat-hygiene","8":"product_cat-non-palettisable","9":"product_cat-usage-unique-et-entretien","10":"product_shipping_class-free-shipping","12":"first","13":"instock","14":"featured","15":"taxable","16":"shipping-taxable","17":"purchasable","18":"product-type-simple"},"_links":{"self":[{"href":"https:\/\/abinox-chr-clim.com\/index.php\/wp-json\/wp\/v2\/product\/71665","targetHints":{"allow":["GET"]}}],"collection":[{"href":"https:\/\/abinox-chr-clim.com\/index.php\/wp-json\/wp\/v2\/product"}],"about":[{"href":"https:\/\/abinox-chr-clim.com\/index.php\/wp-json\/wp\/v2\/types\/product"}],"replies":[{"embeddable":true,"href":"https:\/\/abinox-chr-clim.com\/index.php\/wp-json\/wp\/v2\/comments?post=71665"}],"wp:featuredmedia":[{"embeddable":true,"href":"https:\/\/abinox-chr-clim.com\/index.php\/wp-json\/wp\/v2\/media\/80279"}],"wp:attachment":[{"href":"https:\/\/abinox-chr-clim.com\/index.php\/wp-json\/wp\/v2\/media?parent=71665"}],"wp:term":[{"taxonomy":"product_brand","embeddable":true,"href":"https:\/\/abinox-chr-clim.com\/index.php\/wp-json\/wp\/v2\/product_brand?post=71665"},{"taxonomy":"product_cat","embeddable":true,"href":"https:\/\/abinox-chr-clim.com\/index.php\/wp-json\/wp\/v2\/product_cat?post=71665"},{"taxonomy":"product_tag","embeddable":true,"href":"https:\/\/abinox-chr-clim.com\/index.php\/wp-json\/wp\/v2\/product_tag?post=71665"}],"curies":[{"name":"wp","href":"https:\/\/api.w.org\/{rel}","templated":true}]}}