{"id":71664,"date":"2024-03-22T23:02:39","date_gmt":"2024-03-22T22:02:39","guid":{"rendered":"https:\/\/abinox-chr-clim.com\/index.php\/product\/recharges-rubbermaid-microburst-kilimanjaro-lot-de-12\/"},"modified":"2026-04-13T07:01:21","modified_gmt":"2026-04-13T05:01:21","slug":"recharges-rubbermaid-microburst-kilimanjaro-lot-de-12","status":"publish","type":"product","link":"https:\/\/abinox-chr-clim.com\/index.php\/product\/recharges-rubbermaid-microburst-kilimanjaro-lot-de-12\/","title":{"rendered":"Recharges Rubbermaid Microburst Kilimanjaro (Lot de 12)"},"content":{"rendered":"<p>Nouvelle fragrance pour une ambiance de puret\u00e9 et de propret\u00e9. Elimine les mauvaises odeurs. Intensit\u00e9 du parfum longue dur\u00e9e que les utilisateurs remarquent et appr\u00e9cient. Nouvelle fragrance pour une ambiance de puret\u00e9 et de propret\u00e9.<\/p>\n<p>Caract\u00e9ristiques :<br \/>Lot : 12.<br \/> Capacit\u00e9 : 75ml.<\/p>\n","protected":false},"excerpt":{"rendered":"<p>Recharges Rubbermaid Microburst Kilimanjaro (Lot de 12)<\/p>\n","protected":false},"featured_media":102116,"comment_status":"closed","ping_status":"closed","template":"","meta":[],"product_brand":[],"product_cat":[1223,1222,1297,1216],"product_tag":[],"class_list":{"0":"post-71664","1":"product","2":"type-product","3":"status-publish","4":"has-post-thumbnail","6":"product_cat-assainisseurs-dair","7":"product_cat-hygiene","8":"product_cat-non-palettisable","9":"product_cat-usage-unique-et-entretien","10":"product_shipping_class-free-shipping","12":"first","13":"instock","14":"featured","15":"taxable","16":"shipping-taxable","17":"purchasable","18":"product-type-simple"},"_links":{"self":[{"href":"https:\/\/abinox-chr-clim.com\/index.php\/wp-json\/wp\/v2\/product\/71664","targetHints":{"allow":["GET"]}}],"collection":[{"href":"https:\/\/abinox-chr-clim.com\/index.php\/wp-json\/wp\/v2\/product"}],"about":[{"href":"https:\/\/abinox-chr-clim.com\/index.php\/wp-json\/wp\/v2\/types\/product"}],"replies":[{"embeddable":true,"href":"https:\/\/abinox-chr-clim.com\/index.php\/wp-json\/wp\/v2\/comments?post=71664"}],"wp:featuredmedia":[{"embeddable":true,"href":"https:\/\/abinox-chr-clim.com\/index.php\/wp-json\/wp\/v2\/media\/102116"}],"wp:attachment":[{"href":"https:\/\/abinox-chr-clim.com\/index.php\/wp-json\/wp\/v2\/media?parent=71664"}],"wp:term":[{"taxonomy":"product_brand","embeddable":true,"href":"https:\/\/abinox-chr-clim.com\/index.php\/wp-json\/wp\/v2\/product_brand?post=71664"},{"taxonomy":"product_cat","embeddable":true,"href":"https:\/\/abinox-chr-clim.com\/index.php\/wp-json\/wp\/v2\/product_cat?post=71664"},{"taxonomy":"product_tag","embeddable":true,"href":"https:\/\/abinox-chr-clim.com\/index.php\/wp-json\/wp\/v2\/product_tag?post=71664"}],"curies":[{"name":"wp","href":"https:\/\/api.w.org\/{rel}","templated":true}]}}