{"id":71658,"date":"2024-03-22T23:02:35","date_gmt":"2024-03-22T22:02:35","guid":{"rendered":"https:\/\/abinox-chr-clim.com\/index.php\/product\/diffuseur-de-parfum-rubbermaid-microburst-3000\/"},"modified":"2026-04-13T06:31:19","modified_gmt":"2026-04-13T04:31:19","slug":"diffuseur-de-parfum-rubbermaid-microburst-3000","status":"publish","type":"product","link":"https:\/\/abinox-chr-clim.com\/index.php\/product\/diffuseur-de-parfum-rubbermaid-microburst-3000\/","title":{"rendered":"Diffuseur de parfum Rubbermaid Microburst 3000"},"content":{"rendered":"<p>Assainisseur d&rsquo;air discret et \u00e9conomique. Neutralise efficacement les odeurs et poss\u00e8de des options de programmation personnalis\u00e9e de diffusion, jours et heures. Fixation murale. Recharges de 75ml assurant 3000 pulv\u00e9risations.<br \/>Facile \u00e0 programmer en fonction de la taille et de la fr\u00e9quentation de la pi\u00e8ce. Un \u00e9cran indique le nombre de jours restants avant le changement de la recharge. Les recharges diffusent 3000 pulv\u00e9risations. Peut \u00eatre fix\u00e9 au mur gr\u00e2ce \u00e0 une bande velcro qui facilite l&rsquo;installation.Le design discret s&rsquo;adapte \u00e0 tous les styles de d\u00e9cor. Recharges vendues s\u00e9par\u00e9ment. N\u00e9cessite 2 piles C Cell (non fournies) afin d&rsquo;alimenter la batterie pour une dur\u00e9e de vie maxi de 36 mois.Facile \u00e0 programmer en fonction de la taille et de la fr\u00e9quentation de la pi\u00e8ce.<\/p>\n<p>Caract\u00e9ristiques :<br \/> Dimensions : 185(H)x 95(L)x 62(P)mm.<br \/> Mati\u00e8re : Plastique.<br \/> Couleur : Blanc.<\/p>\n","protected":false},"excerpt":{"rendered":"<p>Diffuseur de parfum Rubbermaid Microburst 3000<\/p>\n","protected":false},"featured_media":101719,"comment_status":"closed","ping_status":"closed","template":"","meta":[],"product_brand":[],"product_cat":[1223,1222,1297,1216],"product_tag":[],"class_list":{"0":"post-71658","1":"product","2":"type-product","3":"status-publish","4":"has-post-thumbnail","6":"product_cat-assainisseurs-dair","7":"product_cat-hygiene","8":"product_cat-non-palettisable","9":"product_cat-usage-unique-et-entretien","10":"product_shipping_class-free-shipping","12":"first","13":"instock","14":"featured","15":"taxable","16":"shipping-taxable","17":"purchasable","18":"product-type-simple"},"_links":{"self":[{"href":"https:\/\/abinox-chr-clim.com\/index.php\/wp-json\/wp\/v2\/product\/71658","targetHints":{"allow":["GET"]}}],"collection":[{"href":"https:\/\/abinox-chr-clim.com\/index.php\/wp-json\/wp\/v2\/product"}],"about":[{"href":"https:\/\/abinox-chr-clim.com\/index.php\/wp-json\/wp\/v2\/types\/product"}],"replies":[{"embeddable":true,"href":"https:\/\/abinox-chr-clim.com\/index.php\/wp-json\/wp\/v2\/comments?post=71658"}],"wp:featuredmedia":[{"embeddable":true,"href":"https:\/\/abinox-chr-clim.com\/index.php\/wp-json\/wp\/v2\/media\/101719"}],"wp:attachment":[{"href":"https:\/\/abinox-chr-clim.com\/index.php\/wp-json\/wp\/v2\/media?parent=71658"}],"wp:term":[{"taxonomy":"product_brand","embeddable":true,"href":"https:\/\/abinox-chr-clim.com\/index.php\/wp-json\/wp\/v2\/product_brand?post=71658"},{"taxonomy":"product_cat","embeddable":true,"href":"https:\/\/abinox-chr-clim.com\/index.php\/wp-json\/wp\/v2\/product_cat?post=71658"},{"taxonomy":"product_tag","embeddable":true,"href":"https:\/\/abinox-chr-clim.com\/index.php\/wp-json\/wp\/v2\/product_tag?post=71658"}],"curies":[{"name":"wp","href":"https:\/\/api.w.org\/{rel}","templated":true}]}}