{"id":71656,"date":"2024-03-22T23:02:34","date_gmt":"2024-03-22T22:02:34","guid":{"rendered":"https:\/\/abinox-chr-clim.com\/index.php\/product\/station-de-desinfection-sans-contact\/"},"modified":"2026-04-13T07:31:14","modified_gmt":"2026-04-13T05:31:14","slug":"station-de-desinfection-sans-contact","status":"publish","type":"product","link":"https:\/\/abinox-chr-clim.com\/index.php\/product\/station-de-desinfection-sans-contact\/","title":{"rendered":"Station de d\u00e9sinfection sans contact"},"content":{"rendered":"<p>La conception sans contact emp\u00eache la contamination crois\u00e9e. Produit un dosage contr\u00f4l\u00e9 de 1 ml de d\u00e9sinfectant pour assurer un lavage des mains efficace. Fournir un dosage contr\u00f4l\u00e9 aidera \u00e9galement \u00e0 r\u00e9duire le gaspillage. Le r\u00e9servoir transparent permet de voir facilement la quantit\u00e9 de solution restante. La capacit\u00e9 de 700 ml signifie que le distributeur doit \u00eatre rempli moins souvent. La construction composite en aluminium conf\u00e8re \u00e0 l&rsquo;unit\u00e9 une bonne r\u00e9sistance. La conception en aluminium facilite le nettoyage des surfaces. La conception autoportante facilite le d\u00e9placement de l&rsquo;unit\u00e9. La base int\u00e9gr\u00e9e donne \u00e0 l&rsquo;unit\u00e9 plus de stabilit\u00e9. Le design \u00e9l\u00e9gant est parfait pour les environnements de vente au d\u00e9tail, de bureau et d&rsquo;entrep\u00f4t. Livr\u00e9e enti\u00e8rement assembl\u00e9e pour une utilisation facile d\u00e8s la sortie de la bo\u00eete. 4 piles AA fournies. La conception sans contact emp\u00eache la contamination crois\u00e9e.<\/p>\n<p>Caract\u00e9ristiques :<br \/> Dimensions : 1400(H) x 300(L) x 300(P) mm.<br \/> Mati\u00e8re : Aluminium.<br \/> Couleur : Bleu.<\/p>\n","protected":false},"excerpt":{"rendered":"<p>Station de d\u00e9sinfection sans contact<\/p>\n","protected":false},"featured_media":90166,"comment_status":"closed","ping_status":"closed","template":"","meta":[],"product_brand":[],"product_cat":[1222,1297,1216],"product_tag":[],"class_list":{"0":"post-71656","1":"product","2":"type-product","3":"status-publish","4":"has-post-thumbnail","6":"product_cat-hygiene","7":"product_cat-non-palettisable","8":"product_cat-usage-unique-et-entretien","9":"product_shipping_class-free-shipping","11":"first","12":"instock","13":"featured","14":"taxable","15":"shipping-taxable","16":"purchasable","17":"product-type-simple"},"_links":{"self":[{"href":"https:\/\/abinox-chr-clim.com\/index.php\/wp-json\/wp\/v2\/product\/71656","targetHints":{"allow":["GET"]}}],"collection":[{"href":"https:\/\/abinox-chr-clim.com\/index.php\/wp-json\/wp\/v2\/product"}],"about":[{"href":"https:\/\/abinox-chr-clim.com\/index.php\/wp-json\/wp\/v2\/types\/product"}],"replies":[{"embeddable":true,"href":"https:\/\/abinox-chr-clim.com\/index.php\/wp-json\/wp\/v2\/comments?post=71656"}],"wp:featuredmedia":[{"embeddable":true,"href":"https:\/\/abinox-chr-clim.com\/index.php\/wp-json\/wp\/v2\/media\/90166"}],"wp:attachment":[{"href":"https:\/\/abinox-chr-clim.com\/index.php\/wp-json\/wp\/v2\/media?parent=71656"}],"wp:term":[{"taxonomy":"product_brand","embeddable":true,"href":"https:\/\/abinox-chr-clim.com\/index.php\/wp-json\/wp\/v2\/product_brand?post=71656"},{"taxonomy":"product_cat","embeddable":true,"href":"https:\/\/abinox-chr-clim.com\/index.php\/wp-json\/wp\/v2\/product_cat?post=71656"},{"taxonomy":"product_tag","embeddable":true,"href":"https:\/\/abinox-chr-clim.com\/index.php\/wp-json\/wp\/v2\/product_tag?post=71656"}],"curies":[{"name":"wp","href":"https:\/\/api.w.org\/{rel}","templated":true}]}}