{"id":71654,"date":"2024-03-22T23:02:33","date_gmt":"2024-03-22T22:02:33","guid":{"rendered":"https:\/\/abinox-chr-clim.com\/index.php\/product\/desinsectiseur-led-en-inox-brosse-eazyzap-14w\/"},"modified":"2026-04-13T07:42:32","modified_gmt":"2026-04-13T05:42:32","slug":"desinsectiseur-led-en-inox-brosse-eazyzap-14w","status":"publish","type":"product","link":"https:\/\/abinox-chr-clim.com\/index.php\/product\/desinsectiseur-led-en-inox-brosse-eazyzap-14w\/","title":{"rendered":"D\u00e9sinsectiseur LED en inox bross\u00e9 Eazyzap 14W"},"content":{"rendered":"<p>Le d\u00e9sinsectiseur LED en inox discret est dot\u00e9 d&rsquo;un bac de r\u00e9cup\u00e9ration amovible pour faciliter l&rsquo;\u00e9limination des insectes captur\u00e9s et le maintien de normes d&rsquo;hygi\u00e8ne \u00e9lev\u00e9es. La construction en acier inoxydable est solide, durable et r\u00e9sistante \u00e0 la rouille et permet une utilisation longue dur\u00e9e dans tout environnement commercial. La conception mince est parfaite pour les petites cuisines et en salle. Les ampoules LED longue dur\u00e9e sont jusqu&rsquo;\u00e0 50 % plus efficaces que les tubes classiques et ont une dur\u00e9e de vie nominale de plus de 10 000 heures.<br \/>Fourni avec une cha\u00eene pour une installation facile au mur ou au plafond. Puissante grille de d\u00e9sinsectisation \u00e9lectrique &#8211; con\u00e7ue pour tuer les mouches d&rsquo;une seule touche. Le tiroir de r\u00e9cup\u00e9ration se monte et se d\u00e9monte facilement pour un nettoyage rapide. R\u00e9f\u00e9rence soumise \u00e0 une Eco-participation mobilier de 0.23\u20ac par unit\u00e9 vendue. Peu d&rsquo;entretien. Ampoules faciles \u00e0 changer. Conception solide en acier inoxydable &#8211; durable et r\u00e9sistant \u00e0 la rouille. Conception compacte et fine. Ampoules LED \u00e0 longue dur\u00e9e de vie : jusqu&rsquo;\u00e0 10 000 heures d&rsquo;utilisation, soit deux fois plus que les ampoules traditionnelles. Jusqu&rsquo;\u00e0 50 % plus efficaces que les ampoules fluorescentes, r\u00e9duisant consid\u00e9rablement les co\u00fbts d&rsquo;exploitation et l&rsquo;impact sur l&rsquo;environnement. Plus lumineux. Tr\u00e8s efficace pour attirer et \u00e9liminer les insectes volants. Interrupteur marche\/arr\u00eat rapide pour \u00e9conomiser l&rsquo;\u00e9nergie lorsque l&rsquo;appareil n&rsquo;est pas utilis\u00e9. Fourni avec une cha\u00eene pour une installation facile au mur ou au plafond.<\/p>\n<p>Caract\u00e9ristiques :<br \/> Dimensions : 313(H) x 515(L) x 106(P)mm.<br \/> Mati\u00e8re : Inox.<br \/> Voltage : 230V.<br \/> Couleur : Argent.<\/p>\n","protected":false},"excerpt":{"rendered":"<p>D\u00e9sinsectiseur LED en inox bross\u00e9 Eazyzap 14W<\/p>\n","protected":false},"featured_media":100838,"comment_status":"closed","ping_status":"closed","template":"","meta":[],"product_brand":[],"product_cat":[1248,1297,1216],"product_tag":[],"class_list":{"0":"post-71654","1":"product","2":"type-product","3":"status-publish","4":"has-post-thumbnail","6":"product_cat-desinsectisation","7":"product_cat-non-palettisable","8":"product_cat-usage-unique-et-entretien","9":"product_shipping_class-free-shipping","11":"first","12":"instock","13":"featured","14":"taxable","15":"shipping-taxable","16":"purchasable","17":"product-type-simple"},"_links":{"self":[{"href":"https:\/\/abinox-chr-clim.com\/index.php\/wp-json\/wp\/v2\/product\/71654","targetHints":{"allow":["GET"]}}],"collection":[{"href":"https:\/\/abinox-chr-clim.com\/index.php\/wp-json\/wp\/v2\/product"}],"about":[{"href":"https:\/\/abinox-chr-clim.com\/index.php\/wp-json\/wp\/v2\/types\/product"}],"replies":[{"embeddable":true,"href":"https:\/\/abinox-chr-clim.com\/index.php\/wp-json\/wp\/v2\/comments?post=71654"}],"wp:featuredmedia":[{"embeddable":true,"href":"https:\/\/abinox-chr-clim.com\/index.php\/wp-json\/wp\/v2\/media\/100838"}],"wp:attachment":[{"href":"https:\/\/abinox-chr-clim.com\/index.php\/wp-json\/wp\/v2\/media?parent=71654"}],"wp:term":[{"taxonomy":"product_brand","embeddable":true,"href":"https:\/\/abinox-chr-clim.com\/index.php\/wp-json\/wp\/v2\/product_brand?post=71654"},{"taxonomy":"product_cat","embeddable":true,"href":"https:\/\/abinox-chr-clim.com\/index.php\/wp-json\/wp\/v2\/product_cat?post=71654"},{"taxonomy":"product_tag","embeddable":true,"href":"https:\/\/abinox-chr-clim.com\/index.php\/wp-json\/wp\/v2\/product_tag?post=71654"}],"curies":[{"name":"wp","href":"https:\/\/api.w.org\/{rel}","templated":true}]}}