{"id":71650,"date":"2024-03-22T23:02:32","date_gmt":"2024-03-22T22:02:32","guid":{"rendered":"https:\/\/abinox-chr-clim.com\/index.php\/product\/desinsectiseur-led-eazyzap-9w\/"},"modified":"2026-04-13T07:32:16","modified_gmt":"2026-04-13T05:32:16","slug":"desinsectiseur-led-eazyzap-9w","status":"publish","type":"product","link":"https:\/\/abinox-chr-clim.com\/index.php\/product\/desinsectiseur-led-eazyzap-9w\/","title":{"rendered":"D\u00e9sinsectiseur LED Eazyzap 9W"},"content":{"rendered":"<p>Les d\u00e9sinsectiseurs \u00e0 LED Eazyzap sont un excellent choix pour lutter efficacement contre les insectes. \u00c9quip\u00e9s de tubes UV LED, ils attirent rapidement les insectes volants, contribuant ainsi \u00e0 am\u00e9liorer l&rsquo;hygi\u00e8ne et \u00e0 r\u00e9duire la propagation des germes. Le bac de r\u00e9cup\u00e9ration se retire facilement et se nettoie rapidement. Les tubes \u00e0 LED sont jusqu&rsquo;\u00e0 50% plus efficaces que les alternatives classiques et ont une dur\u00e9e de vie nominale de plus de 10 000 heures, ce qui signifie beaucoup moins de remplacements que pour les d\u00e9sinsectiseurs traditionnels.<br \/>Fourni avec une cha\u00eene pour une installation facile au mur ou au plafond. Puissante grille de d\u00e9sinsectisation \u00e9lectrique &#8211; con\u00e7ue pour tuer les mouches d&rsquo;une seule touche. Le tiroir de r\u00e9cup\u00e9ration se monte et se d\u00e9monte facilement pour un nettoyage rapide. R\u00e9f\u00e9rence soumise \u00e0 une Eco-participation mobilier de 0.13\u20ac par unit\u00e9 vendue. Peu d&rsquo;entretien. Ampoules faciles \u00e0 changer. La port\u00e9e peut \u00eatre r\u00e9duite si l&rsquo;appareil est install\u00e9 contre un mur. Les ampoules LED dur\u00e9e ont une dur\u00e9e de vie de 10 000 heures, soit deux fois plus que les ampoules. Jusqu&rsquo;\u00e0 50 % plus efficaces que les ampoules fluorescentes, r\u00e9duisant consid\u00e9rablement les co\u00fbts d&rsquo;exploitation et l&rsquo;impact sur l&rsquo;environnement. Plus lumineux. Tr\u00e8s efficace pour attirer et \u00e9liminer les insectes volants. Interrupteur marche\/arr\u00eat rapide pour \u00e9conomiser l&rsquo;\u00e9nergie lorsque l&rsquo;appareil n&rsquo;est pas utilis\u00e9. Fourni avec une cha\u00eene pour une installation facile au mur ou au plafond.<\/p>\n<p>Caract\u00e9ristiques :<br \/> Dimensions : 272(H) x 350(L) x 86(P)mm.<br \/> Mati\u00e8re : .<br \/> Couleur : Noir et aluminium.<\/p>\n","protected":false},"excerpt":{"rendered":"<p>D\u00e9sinsectiseur LED Eazyzap 9W<\/p>\n","protected":false},"featured_media":100630,"comment_status":"closed","ping_status":"closed","template":"","meta":[],"product_brand":[],"product_cat":[1248,1297,1216],"product_tag":[],"class_list":{"0":"post-71650","1":"product","2":"type-product","3":"status-publish","4":"has-post-thumbnail","6":"product_cat-desinsectisation","7":"product_cat-non-palettisable","8":"product_cat-usage-unique-et-entretien","9":"product_shipping_class-free-shipping","11":"first","12":"instock","13":"featured","14":"taxable","15":"shipping-taxable","16":"purchasable","17":"product-type-simple"},"_links":{"self":[{"href":"https:\/\/abinox-chr-clim.com\/index.php\/wp-json\/wp\/v2\/product\/71650","targetHints":{"allow":["GET"]}}],"collection":[{"href":"https:\/\/abinox-chr-clim.com\/index.php\/wp-json\/wp\/v2\/product"}],"about":[{"href":"https:\/\/abinox-chr-clim.com\/index.php\/wp-json\/wp\/v2\/types\/product"}],"replies":[{"embeddable":true,"href":"https:\/\/abinox-chr-clim.com\/index.php\/wp-json\/wp\/v2\/comments?post=71650"}],"wp:featuredmedia":[{"embeddable":true,"href":"https:\/\/abinox-chr-clim.com\/index.php\/wp-json\/wp\/v2\/media\/100630"}],"wp:attachment":[{"href":"https:\/\/abinox-chr-clim.com\/index.php\/wp-json\/wp\/v2\/media?parent=71650"}],"wp:term":[{"taxonomy":"product_brand","embeddable":true,"href":"https:\/\/abinox-chr-clim.com\/index.php\/wp-json\/wp\/v2\/product_brand?post=71650"},{"taxonomy":"product_cat","embeddable":true,"href":"https:\/\/abinox-chr-clim.com\/index.php\/wp-json\/wp\/v2\/product_cat?post=71650"},{"taxonomy":"product_tag","embeddable":true,"href":"https:\/\/abinox-chr-clim.com\/index.php\/wp-json\/wp\/v2\/product_tag?post=71650"}],"curies":[{"name":"wp","href":"https:\/\/api.w.org\/{rel}","templated":true}]}}