{"id":71648,"date":"2024-03-22T23:02:31","date_gmt":"2024-03-22T22:02:31","guid":{"rendered":"https:\/\/abinox-chr-clim.com\/index.php\/product\/rideau-anti-insectes\/"},"modified":"2026-04-13T06:24:30","modified_gmt":"2026-04-13T04:24:30","slug":"rideau-anti-insectes","status":"publish","type":"product","link":"https:\/\/abinox-chr-clim.com\/index.php\/product\/rideau-anti-insectes\/","title":{"rendered":"Rideau anti-insectes"},"content":{"rendered":"<p>Fournit une barri\u00e8re efficace contre tous les insectes volants tout en permettant \u00e0 l&rsquo;air de circuler dans la cuisine. Les cha\u00eenes en finition aluminium anodis\u00e9 glissent facilement lors des passages et retombent \u00e9l\u00e9gamment.<br \/>Facile \u00e0 installer pour un montage rapide. Convient aux portes courantes jusqu&rsquo;\u00e0 900 mm de large. Peut \u00eatre d\u00e9coup\u00e9e \u00e0 la taille requise pour la porte. Douce et confortable \u00e0 traverser. Aide \u00e0 la circulation d&rsquo;air entre les pi\u00e8ces. D\u00e9courage les insectes volants et am\u00e9liore l&rsquo;hygi\u00e8ne.  Facile \u00e0 installer pour un montage rapide.<\/p>\n<p>Caract\u00e9ristiques :<br \/> Dimensions : 1950(H) x 900(L)mm.<br \/> Mati\u00e8re : Aluminium anodis\u00e9, gris.<\/p>\n","protected":false},"excerpt":{"rendered":"<p>Rideau anti-insectes<\/p>\n","protected":false},"featured_media":95647,"comment_status":"closed","ping_status":"closed","template":"","meta":[],"product_brand":[],"product_cat":[1248,1297,1216],"product_tag":[],"class_list":{"0":"post-71648","1":"product","2":"type-product","3":"status-publish","4":"has-post-thumbnail","6":"product_cat-desinsectisation","7":"product_cat-non-palettisable","8":"product_cat-usage-unique-et-entretien","9":"product_shipping_class-free-shipping","11":"first","12":"instock","13":"featured","14":"taxable","15":"shipping-taxable","16":"purchasable","17":"product-type-simple"},"_links":{"self":[{"href":"https:\/\/abinox-chr-clim.com\/index.php\/wp-json\/wp\/v2\/product\/71648","targetHints":{"allow":["GET"]}}],"collection":[{"href":"https:\/\/abinox-chr-clim.com\/index.php\/wp-json\/wp\/v2\/product"}],"about":[{"href":"https:\/\/abinox-chr-clim.com\/index.php\/wp-json\/wp\/v2\/types\/product"}],"replies":[{"embeddable":true,"href":"https:\/\/abinox-chr-clim.com\/index.php\/wp-json\/wp\/v2\/comments?post=71648"}],"wp:featuredmedia":[{"embeddable":true,"href":"https:\/\/abinox-chr-clim.com\/index.php\/wp-json\/wp\/v2\/media\/95647"}],"wp:attachment":[{"href":"https:\/\/abinox-chr-clim.com\/index.php\/wp-json\/wp\/v2\/media?parent=71648"}],"wp:term":[{"taxonomy":"product_brand","embeddable":true,"href":"https:\/\/abinox-chr-clim.com\/index.php\/wp-json\/wp\/v2\/product_brand?post=71648"},{"taxonomy":"product_cat","embeddable":true,"href":"https:\/\/abinox-chr-clim.com\/index.php\/wp-json\/wp\/v2\/product_cat?post=71648"},{"taxonomy":"product_tag","embeddable":true,"href":"https:\/\/abinox-chr-clim.com\/index.php\/wp-json\/wp\/v2\/product_tag?post=71648"}],"curies":[{"name":"wp","href":"https:\/\/api.w.org\/{rel}","templated":true}]}}