{"id":71647,"date":"2024-03-22T23:02:31","date_gmt":"2024-03-22T22:02:31","guid":{"rendered":"https:\/\/abinox-chr-clim.com\/index.php\/product\/piege-a-souris-eazyzap-live-capture\/"},"modified":"2026-04-13T07:48:05","modified_gmt":"2026-04-13T05:48:05","slug":"piege-a-souris-eazyzap-live-capture","status":"publish","type":"product","link":"https:\/\/abinox-chr-clim.com\/index.php\/product\/piege-a-souris-eazyzap-live-capture\/","title":{"rendered":"Pi\u00e8ge \u00e0 souris Eazyzap Live Capture"},"content":{"rendered":"<p>Solution anti nuisibles compacte et efficace, con\u00e7ue pour capturer les petits rongeurs en toute s\u00e9curit\u00e9, sans les blesser.<br \/>Capture humainement les rongeurs ind\u00e9sirables sans causer de blessures. R\u00e9utilisable\u00a0: il suffit de le r\u00e9initialiser et de l&rsquo;utiliser \u00e0 nouveau. Facile et s\u00fbr \u00e0 installer et \u00e0 utiliser. Aucune pile ni connexion \u00e9lectrique requise. N&rsquo;utilise aucun produit chimique nocif. Non nocif pour les animaux ou les humains. R\u00e9duit consid\u00e9rablement le risque de souffrance animale par rapport aux pi\u00e8ges traditionnels ou au poison.Capture humainement les rongeurs ind\u00e9sirables sans causer de blessures.<\/p>\n<p>Caract\u00e9ristiques :<br \/>Lot : 2.<br \/> Dimensions : 76(H) x 85(L) x 278(P)mm.<br \/> Mati\u00e8re : .<br \/> Couleur : Noir.<\/p>\n","protected":false},"excerpt":{"rendered":"<p>Pi\u00e8ge \u00e0 souris Eazyzap Live Capture<\/p>\n","protected":false},"featured_media":91461,"comment_status":"closed","ping_status":"closed","template":"","meta":[],"product_brand":[],"product_cat":[1248,1297,1216],"product_tag":[],"class_list":{"0":"post-71647","1":"product","2":"type-product","3":"status-publish","4":"has-post-thumbnail","6":"product_cat-desinsectisation","7":"product_cat-non-palettisable","8":"product_cat-usage-unique-et-entretien","9":"product_shipping_class-free-shipping","11":"first","12":"instock","13":"featured","14":"taxable","15":"shipping-taxable","16":"purchasable","17":"product-type-simple"},"_links":{"self":[{"href":"https:\/\/abinox-chr-clim.com\/index.php\/wp-json\/wp\/v2\/product\/71647","targetHints":{"allow":["GET"]}}],"collection":[{"href":"https:\/\/abinox-chr-clim.com\/index.php\/wp-json\/wp\/v2\/product"}],"about":[{"href":"https:\/\/abinox-chr-clim.com\/index.php\/wp-json\/wp\/v2\/types\/product"}],"replies":[{"embeddable":true,"href":"https:\/\/abinox-chr-clim.com\/index.php\/wp-json\/wp\/v2\/comments?post=71647"}],"wp:featuredmedia":[{"embeddable":true,"href":"https:\/\/abinox-chr-clim.com\/index.php\/wp-json\/wp\/v2\/media\/91461"}],"wp:attachment":[{"href":"https:\/\/abinox-chr-clim.com\/index.php\/wp-json\/wp\/v2\/media?parent=71647"}],"wp:term":[{"taxonomy":"product_brand","embeddable":true,"href":"https:\/\/abinox-chr-clim.com\/index.php\/wp-json\/wp\/v2\/product_brand?post=71647"},{"taxonomy":"product_cat","embeddable":true,"href":"https:\/\/abinox-chr-clim.com\/index.php\/wp-json\/wp\/v2\/product_cat?post=71647"},{"taxonomy":"product_tag","embeddable":true,"href":"https:\/\/abinox-chr-clim.com\/index.php\/wp-json\/wp\/v2\/product_tag?post=71647"}],"curies":[{"name":"wp","href":"https:\/\/api.w.org\/{rel}","templated":true}]}}