{"id":71641,"date":"2024-03-22T23:02:29","date_gmt":"2024-03-22T22:02:29","guid":{"rendered":"https:\/\/abinox-chr-clim.com\/index.php\/product\/sacs-poubelles-tres-resistants-jantex-70l-noirs-lot-de-200\/"},"modified":"2025-06-30T10:21:17","modified_gmt":"2025-06-30T08:21:17","slug":"sacs-poubelles-tres-resistants-jantex-70l-noirs-lot-de-200","status":"publish","type":"product","link":"https:\/\/abinox-chr-clim.com\/index.php\/product\/sacs-poubelles-tres-resistants-jantex-70l-noirs-lot-de-200\/","title":{"rendered":"Sacs poubelles tr\u00e8s r\u00e9sistants Jantex 70L noirs (Lot de 200)"},"content":{"rendered":"<p>GF278 &#8211; Capacit\u00e9 25L. Usage standard &#8211; 5kg. 380 x 610 x 610mm.GK688 &#8211; Capacit\u00e9 70L. Usage standard &#8211; 10kg. 460 x 740 x 838mm. GE789 &#8211; Capacit\u00e9 90L. Usage standard &#8211; 10kg. 460 x 740 x 860mm.GK687 &#8211; Capacit\u00e9 90L. Tr\u00e8s r\u00e9sistants. 20kg. 965 x 737(ouvert) ou 457mm.<br \/>Capacit\u00e9 de 20 kg permettant aux sacs de contenir en toute s\u00e9curit\u00e9 des d\u00e9chets industriels et commerciaux lourds. Mat\u00e9riau tr\u00e8s robuste, r\u00e9sistant aux d\u00e9chirures et aux perforations et pr\u00e9venant les d\u00e9versements et les fuites. La capacit\u00e9, 70 litres, permet aux sacs de contenir des volumes moyens de d\u00e9chets avant d&rsquo;avoir besoin d&rsquo;\u00eatre vid\u00e9. L&rsquo;accr\u00e9ditation CHSA garantit que les sacs sont conformes au test de chute de poids et aux mesures de crevaison et de d\u00e9chirure. Le mat\u00e9riau noir cache les d\u00e9chets disgracieux et am\u00e9liore la discr\u00e9tion. La grande quantit\u00e9, 200 sacs, signifie que chaque lot vous durera plus longtemps. Le mat\u00e9riau en poly\u00e9thyl\u00e8ne signifie que les sacs peuvent \u00eatre recycl\u00e9s pour une \u00e9limination plus durable des d\u00e9chets. V\u00e9rifiez d&rsquo;abord aupr\u00e8s de votre service de gestion des d\u00e9chets avant d&rsquo;envoyer ces sacs pour recyclage. Largeur de surface\u00a0: 457 mm. Largeur ouverte\u00a0: 737 mm. Longueur\u00a0: 965 mm. V\u00e9rifiez d&rsquo;abord aupr\u00e8s de votre service de gestion des d\u00e9chets avant de les envoyer pour recyclage. Capacit\u00e9 de 20 kg permettant aux sacs de contenir en toute s\u00e9curit\u00e9 des d\u00e9chets industriels et commerciaux lourds.<\/p>\n<p>Caract\u00e9ristiques :<br \/>Lot : 200.<br \/> Capacit\u00e9 : 70Ltr | 20kg.<br \/> Dimensions : 965(H) x 737(larg. ouvert) ou 457(larg.ferm\u00e9)mm.<br \/> Mati\u00e8re : Fabriqu\u00e9 \u00e0 partir de poly\u00e9thyl\u00e8ne 100% recycl\u00e9.<br \/> Couleur : Noir.<\/p>\n","protected":false},"excerpt":{"rendered":"<p>Sacs poubelles tr\u00e8s r\u00e9sistants Jantex 70L noirs (Lot de 200)<\/p>\n","protected":false},"featured_media":82046,"comment_status":"closed","ping_status":"closed","template":"","meta":[],"product_brand":[],"product_cat":[1217,1297,1221,1216],"product_tag":[],"class_list":{"0":"post-71641","1":"product","2":"type-product","3":"status-publish","4":"has-post-thumbnail","6":"product_cat-collecte-des-dechets","7":"product_cat-non-palettisable","8":"product_cat-sacs-poubelle","9":"product_cat-usage-unique-et-entretien","10":"product_shipping_class-free-shipping","12":"first","13":"outofstock","14":"featured","15":"taxable","16":"shipping-taxable","17":"purchasable","18":"product-type-simple"},"_links":{"self":[{"href":"https:\/\/abinox-chr-clim.com\/index.php\/wp-json\/wp\/v2\/product\/71641","targetHints":{"allow":["GET"]}}],"collection":[{"href":"https:\/\/abinox-chr-clim.com\/index.php\/wp-json\/wp\/v2\/product"}],"about":[{"href":"https:\/\/abinox-chr-clim.com\/index.php\/wp-json\/wp\/v2\/types\/product"}],"replies":[{"embeddable":true,"href":"https:\/\/abinox-chr-clim.com\/index.php\/wp-json\/wp\/v2\/comments?post=71641"}],"wp:featuredmedia":[{"embeddable":true,"href":"https:\/\/abinox-chr-clim.com\/index.php\/wp-json\/wp\/v2\/media\/82046"}],"wp:attachment":[{"href":"https:\/\/abinox-chr-clim.com\/index.php\/wp-json\/wp\/v2\/media?parent=71641"}],"wp:term":[{"taxonomy":"product_brand","embeddable":true,"href":"https:\/\/abinox-chr-clim.com\/index.php\/wp-json\/wp\/v2\/product_brand?post=71641"},{"taxonomy":"product_cat","embeddable":true,"href":"https:\/\/abinox-chr-clim.com\/index.php\/wp-json\/wp\/v2\/product_cat?post=71641"},{"taxonomy":"product_tag","embeddable":true,"href":"https:\/\/abinox-chr-clim.com\/index.php\/wp-json\/wp\/v2\/product_tag?post=71641"}],"curies":[{"name":"wp","href":"https:\/\/api.w.org\/{rel}","templated":true}]}}